{"id":9789,"date":"2021-02-09T17:22:09","date_gmt":"2021-02-09T16:22:09","guid":{"rendered":"https:\/\/www.forward-wip.com\/?post_type=product&#038;p=9789"},"modified":"2026-01-20T14:31:53","modified_gmt":"2026-01-20T13:31:53","slug":"gust-evo-polarized-jr-xs","status":"publish","type":"product","link":"https:\/\/www.forward-wip.com\/fr\/produit\/gust-evo-polarized-jr-xs\/","title":{"rendered":"GUST EVO POLARIZED JR XS"},"content":{"rendered":"<div data-elementor-type=\"product-post\" data-elementor-id=\"9789\" class=\"elementor elementor-9789\" data-elementor-post-type=\"product\">\n\t\t\t\t\t\t<section class=\"elementor-section elementor-top-section elementor-element elementor-element-0ea4b48 elementor-section-boxed elementor-section-height-default elementor-section-height-default\" data-id=\"0ea4b48\" data-element_type=\"section\">\n\t\t\t\t\t\t<div class=\"elementor-container elementor-column-gap-default\">\n\t\t\t\t\t<div class=\"elementor-column elementor-col-100 elementor-top-column elementor-element elementor-element-cef6e4c\" data-id=\"cef6e4c\" data-element_type=\"column\">\n\t\t\t<div class=\"elementor-widget-wrap elementor-element-populated\">\n\t\t\t\t\t\t<div class=\"elementor-element elementor-element-5ba8533 elementor-gallery--filter-align-left elementor-widget elementor-widget-gallery\" data-id=\"5ba8533\" data-element_type=\"widget\" data-settings=\"{&quot;aspect_ratio&quot;:&quot;1:1&quot;,&quot;columns&quot;:2,&quot;lazyload&quot;:&quot;yes&quot;,&quot;gallery_layout&quot;:&quot;grid&quot;,&quot;columns_tablet&quot;:2,&quot;columns_mobile&quot;:1,&quot;gap&quot;:{&quot;unit&quot;:&quot;px&quot;,&quot;size&quot;:10,&quot;sizes&quot;:[]},&quot;gap_tablet&quot;:{&quot;unit&quot;:&quot;px&quot;,&quot;size&quot;:10,&quot;sizes&quot;:[]},&quot;gap_mobile&quot;:{&quot;unit&quot;:&quot;px&quot;,&quot;size&quot;:10,&quot;sizes&quot;:[]},&quot;link_to&quot;:&quot;file&quot;,&quot;overlay_background&quot;:&quot;yes&quot;,&quot;content_hover_animation&quot;:&quot;fade-in&quot;}\" data-widget_type=\"gallery.default\">\n\t\t\t\t<div class=\"elementor-widget-container\">\n\t\t\t\t\t\t\t\t<div class=\"elementor-gallery__titles-container e--pointer-underline e--animation-fade\" aria-label=\"Filtre de galerie\" data-no-translation-aria-label=\"\">\n\t\t\t\t\n\t\t\t\t\t\t\t\t\t<a class=\"elementor-item elementor-gallery-title\" role=\"button\" tabindex=\"0\" data-gallery-index=\"0\">\n\t\t\t\t\t\tXS Mat Blue\t\t\t\t\t<\/a>\n\t\t\t\t\t\t\t\t\t\t<a class=\"elementor-item elementor-gallery-title\" role=\"button\" tabindex=\"0\" data-gallery-index=\"1\">\n\t\t\t\t\t\tXS Mat Pink\t\t\t\t\t<\/a>\n\t\t\t\t\t\t\t\t\t\t<a class=\"elementor-item elementor-gallery-title\" role=\"button\" tabindex=\"0\" data-gallery-index=\"2\">\n\t\t\t\t\t\tXS Mat White\t\t\t\t\t<\/a>\n\t\t\t\t\t\t\t\t<\/div>\n\t\t\t\t\t<div class=\"elementor-gallery__container\">\n\t\t\t\t\t\t\t<a class=\"e-gallery-item elementor-gallery-item elementor-animated-content\" data-e-gallery-tags=\"0\" href=\"https:\/\/www.forward-wip.com\/wp-content\/uploads\/2021\/02\/1.-GUST-EVO-POLARIZED-JUNIOR-XS-MAT-BLUE.jpg\" data-elementor-open-lightbox=\"yes\" data-elementor-lightbox-slideshow=\"5ba8533\" data-e-action-hash=\"#elementor-action%3Aaction%3Dlightbox%26settings%3DeyJpZCI6ODMxLCJ1cmwiOiJodHRwczpcL1wvd3d3LmZvcndhcmQtd2lwLmNvbVwvd3AtY29udGVudFwvdXBsb2Fkc1wvMjAyMVwvMDJcLzEuLUdVU1QtRVZPLVBPTEFSSVpFRC1KVU5JT1ItWFMtTUFULUJMVUUuanBnIiwic2xpZGVzaG93IjoiNWJhODUzMyJ9\">\n\t\t\t\t\t<div class=\"e-gallery-image elementor-gallery-item__image\" data-thumbnail=\"https:\/\/www.forward-wip.com\/wp-content\/uploads\/2021\/02\/1.-GUST-EVO-POLARIZED-JUNIOR-XS-MAT-BLUE.jpg\" data-width=\"800\" data-height=\"800\" aria-label=\"\" role=\"img\" ><\/div>\n\t\t\t\t\t\t\t\t\t\t\t<div class=\"elementor-gallery-item__overlay\"><\/div>\n\t\t\t\t\t\t\t\t\t\t\t\t\t\t<\/a>\n\t\t\t\t\t\t\t<a class=\"e-gallery-item elementor-gallery-item elementor-animated-content\" data-e-gallery-tags=\"0\" href=\"https:\/\/www.forward-wip.com\/wp-content\/uploads\/2021\/02\/2.-GUST-EVO-POLARIZED-JUNIOR-XS-MAT-BLUE.jpg\" data-elementor-open-lightbox=\"yes\" data-elementor-lightbox-slideshow=\"5ba8533\" data-e-action-hash=\"#elementor-action%3Aaction%3Dlightbox%26settings%3DeyJpZCI6ODMyLCJ1cmwiOiJodHRwczpcL1wvd3d3LmZvcndhcmQtd2lwLmNvbVwvd3AtY29udGVudFwvdXBsb2Fkc1wvMjAyMVwvMDJcLzIuLUdVU1QtRVZPLVBPTEFSSVpFRC1KVU5JT1ItWFMtTUFULUJMVUUuanBnIiwic2xpZGVzaG93IjoiNWJhODUzMyJ9\">\n\t\t\t\t\t<div class=\"e-gallery-image elementor-gallery-item__image\" data-thumbnail=\"https:\/\/www.forward-wip.com\/wp-content\/uploads\/2021\/02\/2.-GUST-EVO-POLARIZED-JUNIOR-XS-MAT-BLUE.jpg\" data-width=\"800\" data-height=\"800\" aria-label=\"\" role=\"img\" ><\/div>\n\t\t\t\t\t\t\t\t\t\t\t<div class=\"elementor-gallery-item__overlay\"><\/div>\n\t\t\t\t\t\t\t\t\t\t\t\t\t\t<\/a>\n\t\t\t\t\t\t\t<a class=\"e-gallery-item elementor-gallery-item elementor-animated-content\" data-e-gallery-tags=\"1\" href=\"https:\/\/www.forward-wip.com\/wp-content\/uploads\/2021\/02\/4.-GUST-EVO-POLARIZED-JUNIOR-XS-MAT-PINK.jpg\" data-elementor-open-lightbox=\"yes\" data-elementor-lightbox-slideshow=\"5ba8533\" data-e-action-hash=\"#elementor-action%3Aaction%3Dlightbox%26settings%3DeyJpZCI6ODM0LCJ1cmwiOiJodHRwczpcL1wvd3d3LmZvcndhcmQtd2lwLmNvbVwvd3AtY29udGVudFwvdXBsb2Fkc1wvMjAyMVwvMDJcLzQuLUdVU1QtRVZPLVBPTEFSSVpFRC1KVU5JT1ItWFMtTUFULVBJTksuanBnIiwic2xpZGVzaG93IjoiNWJhODUzMyJ9\">\n\t\t\t\t\t<div class=\"e-gallery-image elementor-gallery-item__image\" data-thumbnail=\"https:\/\/www.forward-wip.com\/wp-content\/uploads\/2021\/02\/4.-GUST-EVO-POLARIZED-JUNIOR-XS-MAT-PINK.jpg\" data-width=\"800\" data-height=\"800\" aria-label=\"\" role=\"img\" ><\/div>\n\t\t\t\t\t\t\t\t\t\t\t<div class=\"elementor-gallery-item__overlay\"><\/div>\n\t\t\t\t\t\t\t\t\t\t\t\t\t\t<\/a>\n\t\t\t\t\t\t\t<a class=\"e-gallery-item elementor-gallery-item elementor-animated-content\" data-e-gallery-tags=\"1\" href=\"https:\/\/www.forward-wip.com\/wp-content\/uploads\/2021\/02\/3.-GUST-EVO-POLARIZED-JUNIOR-XS-MAT-PINK.jpg\" data-elementor-open-lightbox=\"yes\" data-elementor-lightbox-slideshow=\"5ba8533\" data-e-action-hash=\"#elementor-action%3Aaction%3Dlightbox%26settings%3DeyJpZCI6ODMzLCJ1cmwiOiJodHRwczpcL1wvd3d3LmZvcndhcmQtd2lwLmNvbVwvd3AtY29udGVudFwvdXBsb2Fkc1wvMjAyMVwvMDJcLzMuLUdVU1QtRVZPLVBPTEFSSVpFRC1KVU5JT1ItWFMtTUFULVBJTksuanBnIiwic2xpZGVzaG93IjoiNWJhODUzMyJ9\">\n\t\t\t\t\t<div class=\"e-gallery-image elementor-gallery-item__image\" data-thumbnail=\"https:\/\/www.forward-wip.com\/wp-content\/uploads\/2021\/02\/3.-GUST-EVO-POLARIZED-JUNIOR-XS-MAT-PINK.jpg\" data-width=\"800\" data-height=\"800\" aria-label=\"\" role=\"img\" ><\/div>\n\t\t\t\t\t\t\t\t\t\t\t<div class=\"elementor-gallery-item__overlay\"><\/div>\n\t\t\t\t\t\t\t\t\t\t\t\t\t\t<\/a>\n\t\t\t\t\t\t\t<a class=\"e-gallery-item elementor-gallery-item elementor-animated-content\" data-e-gallery-tags=\"2\" href=\"https:\/\/www.forward-wip.com\/wp-content\/uploads\/2021\/02\/5.-GUST-EVO-POLARIZED-JUNIOR-XS-MAT-WHITE.jpg\" data-elementor-open-lightbox=\"yes\" data-elementor-lightbox-slideshow=\"5ba8533\" data-e-action-hash=\"#elementor-action%3Aaction%3Dlightbox%26settings%3DeyJpZCI6ODM1LCJ1cmwiOiJodHRwczpcL1wvd3d3LmZvcndhcmQtd2lwLmNvbVwvd3AtY29udGVudFwvdXBsb2Fkc1wvMjAyMVwvMDJcLzUuLUdVU1QtRVZPLVBPTEFSSVpFRC1KVU5JT1ItWFMtTUFULVdISVRFLmpwZyIsInNsaWRlc2hvdyI6IjViYTg1MzMifQ%3D%3D\">\n\t\t\t\t\t<div class=\"e-gallery-image elementor-gallery-item__image\" data-thumbnail=\"https:\/\/www.forward-wip.com\/wp-content\/uploads\/2021\/02\/5.-GUST-EVO-POLARIZED-JUNIOR-XS-MAT-WHITE.jpg\" data-width=\"800\" data-height=\"800\" aria-label=\"\" role=\"img\" ><\/div>\n\t\t\t\t\t\t\t\t\t\t\t<div class=\"elementor-gallery-item__overlay\"><\/div>\n\t\t\t\t\t\t\t\t\t\t\t\t\t\t<\/a>\n\t\t\t\t\t\t\t<a class=\"e-gallery-item elementor-gallery-item elementor-animated-content\" data-e-gallery-tags=\"2\" href=\"https:\/\/www.forward-wip.com\/wp-content\/uploads\/2021\/02\/6.-GUST-EVO-POLARIZED-JUNIOR-XS-MAT-WHITE.jpg\" data-elementor-open-lightbox=\"yes\" data-elementor-lightbox-slideshow=\"5ba8533\" data-e-action-hash=\"#elementor-action%3Aaction%3Dlightbox%26settings%3DeyJpZCI6ODM2LCJ1cmwiOiJodHRwczpcL1wvd3d3LmZvcndhcmQtd2lwLmNvbVwvd3AtY29udGVudFwvdXBsb2Fkc1wvMjAyMVwvMDJcLzYuLUdVU1QtRVZPLVBPTEFSSVpFRC1KVU5JT1ItWFMtTUFULVdISVRFLmpwZyIsInNsaWRlc2hvdyI6IjViYTg1MzMifQ%3D%3D\">\n\t\t\t\t\t<div class=\"e-gallery-image elementor-gallery-item__image\" data-thumbnail=\"https:\/\/www.forward-wip.com\/wp-content\/uploads\/2021\/02\/6.-GUST-EVO-POLARIZED-JUNIOR-XS-MAT-WHITE.jpg\" data-width=\"800\" data-height=\"800\" aria-label=\"\" role=\"img\" ><\/div>\n\t\t\t\t\t\t\t\t\t\t\t<div class=\"elementor-gallery-item__overlay\"><\/div>\n\t\t\t\t\t\t\t\t\t\t\t\t\t\t<\/a>\n\t\t\t\t\t<\/div>\n\t\t\t\t\t<\/div>\n\t\t\t\t<\/div>\n\t\t\t\t\t<\/div>\n\t\t<\/div>\n\t\t\t\t\t<\/div>\n\t\t<\/section>\n\t\t\t\t<section class=\"elementor-section elementor-top-section elementor-element elementor-element-d155077 elementor-section-boxed elementor-section-height-default elementor-section-height-default\" data-id=\"d155077\" data-element_type=\"section\">\n\t\t\t\t\t\t<div class=\"elementor-container elementor-column-gap-default\">\n\t\t\t\t\t<div class=\"elementor-column elementor-col-100 elementor-top-column elementor-element elementor-element-7890cbb6\" data-id=\"7890cbb6\" data-element_type=\"column\">\n\t\t\t<div class=\"elementor-widget-wrap elementor-element-populated\">\n\t\t\t\t\t\t<div class=\"elementor-element elementor-element-6d203c11 elementor-widget elementor-widget-text-editor\" data-id=\"6d203c11\" data-element_type=\"widget\" data-widget_type=\"text-editor.default\">\n\t\t\t\t<div class=\"elementor-widget-container\">\n\t\t\t\t\t\t\t\t\t<p><strong>Lunettes de soleil d\u00e9di\u00e9es \u00e0 la navigation pour les plus jeunes<\/strong><\/p><div class=\"ewa-rteLine\">\u2022 Blue lens color Category 3 for perfect vision on water<\/div><div class=\"ewa-rteLine\">\u2022 Floating frame &amp; elastic cord to prevent losing them<\/div><div class=\"ewa-rteLine\">\u2022 Integrated elastic cord for loss prevention<\/div><div class=\"ewa-rteLine\">\u2022 Gust Evo JR comes with two colors of rubber stems to personalize your pair<\/div><div class=\"ewa-rteLine\">\u2022 3 colors for XS : Blue \/ Pink \/ White<\/div>\t\t\t\t\t\t\t\t<\/div>\n\t\t\t\t<\/div>\n\t\t\t\t\t<\/div>\n\t\t<\/div>\n\t\t\t\t\t<\/div>\n\t\t<\/section>\n\t\t\t\t<\/div>","protected":false},"excerpt":{"rendered":"<p>XS Mat Blue XS Mat Pink XS Mat White All-around Polarized Water Sunglasses for Kids \u2022 Blue lens color Category 3 for perfect vision on water\u2022 Floating frame &amp; elastic cord to prevent losing them\u2022 Integrated elastic cord for loss prevention\u2022 Gust Evo JR comes with two colors of rubber stems to personalize your pair\u2022 [&hellip;]<\/p>","protected":false},"featured_media":831,"template":"","meta":[],"product_brand":[],"product_cat":[264,27,29],"product_tag":[],"class_list":{"0":"post-9789","1":"product","2":"type-product","3":"status-publish","4":"has-post-thumbnail","6":"product_cat-products","7":"product_cat-eye-protection","8":"product_cat-accessories","10":"first","11":"instock","12":"shipping-taxable","13":"purchasable","14":"product-type-simple"},"_links":{"self":[{"href":"https:\/\/www.forward-wip.com\/fr\/wp-json\/wp\/v2\/product\/9789","targetHints":{"allow":["GET"]}}],"collection":[{"href":"https:\/\/www.forward-wip.com\/fr\/wp-json\/wp\/v2\/product"}],"about":[{"href":"https:\/\/www.forward-wip.com\/fr\/wp-json\/wp\/v2\/types\/product"}],"version-history":[{"count":0,"href":"https:\/\/www.forward-wip.com\/fr\/wp-json\/wp\/v2\/product\/9789\/revisions"}],"wp:featuredmedia":[{"embeddable":true,"href":"https:\/\/www.forward-wip.com\/fr\/wp-json\/wp\/v2\/media\/831"}],"wp:attachment":[{"href":"https:\/\/www.forward-wip.com\/fr\/wp-json\/wp\/v2\/media?parent=9789"}],"wp:term":[{"taxonomy":"product_brand","embeddable":true,"href":"https:\/\/www.forward-wip.com\/fr\/wp-json\/wp\/v2\/product_brand?post=9789"},{"taxonomy":"product_cat","embeddable":true,"href":"https:\/\/www.forward-wip.com\/fr\/wp-json\/wp\/v2\/product_cat?post=9789"},{"taxonomy":"product_tag","embeddable":true,"href":"https:\/\/www.forward-wip.com\/fr\/wp-json\/wp\/v2\/product_tag?post=9789"}],"curies":[{"name":"wp","href":"https:\/\/api.w.org\/{rel}","templated":true}]}}