{"id":9249,"date":"2021-02-09T09:20:59","date_gmt":"2021-02-09T08:20:59","guid":{"rendered":"https:\/\/www.forward-wip.com\/?post_type=product&#038;p=9249"},"modified":"2025-07-04T10:58:16","modified_gmt":"2025-07-04T08:58:16","slug":"wing-harness-line-2-0","status":"publish","type":"product","link":"https:\/\/www.forward-wip.com\/fr\/produit\/wing-harness-line-2-0\/","title":{"rendered":"WING HARNESS LINE 2.0"},"content":{"rendered":"<div data-elementor-type=\"product-post\" data-elementor-id=\"9249\" class=\"elementor elementor-9249\" data-elementor-post-type=\"product\">\n\t\t\t\t\t\t<section class=\"elementor-section elementor-top-section elementor-element elementor-element-c63f03a elementor-section-boxed elementor-section-height-default elementor-section-height-default\" data-id=\"c63f03a\" data-element_type=\"section\">\n\t\t\t\t\t\t<div class=\"elementor-container elementor-column-gap-default\">\n\t\t\t\t\t<div class=\"elementor-column elementor-col-33 elementor-top-column elementor-element elementor-element-d1857c9\" data-id=\"d1857c9\" data-element_type=\"column\">\n\t\t\t<div class=\"elementor-widget-wrap elementor-element-populated\">\n\t\t\t\t\t\t<div class=\"elementor-element elementor-element-30b807a elementor-widget elementor-widget-image\" data-id=\"30b807a\" data-element_type=\"widget\" data-widget_type=\"image.default\">\n\t\t\t\t<div class=\"elementor-widget-container\">\n\t\t\t\t\t\t\t\t\t\t\t\t\t\t\t\t<a href=\"https:\/\/www.forward-wip.com\/wp-content\/uploads\/2024\/01\/03.WING-HARNESS-LINE-2.0.jpg\" data-elementor-open-lightbox=\"yes\" data-e-action-hash=\"#elementor-action%3Aaction%3Dlightbox%26settings%3DeyJpZCI6OTI1MywidXJsIjoiaHR0cHM6XC9cL3d3dy5mb3J3YXJkLXdpcC5jb21cL3dwLWNvbnRlbnRcL3VwbG9hZHNcLzIwMjRcLzAxXC8wMy5XSU5HLUhBUk5FU1MtTElORS0yLjAuanBnIn0%3D\">\n\t\t\t\t\t\t\t<img fetchpriority=\"high\" decoding=\"async\" width=\"800\" height=\"800\" src=\"https:\/\/www.forward-wip.com\/wp-content\/uploads\/2024\/01\/03.WING-HARNESS-LINE-2.0-1024x1024.jpg\" class=\"attachment-large size-large wp-image-9253\" alt=\"\" srcset=\"https:\/\/www.forward-wip.com\/wp-content\/uploads\/2024\/01\/03.WING-HARNESS-LINE-2.0-1024x1024.jpg 1024w, https:\/\/www.forward-wip.com\/wp-content\/uploads\/2024\/01\/03.WING-HARNESS-LINE-2.0-300x300.jpg 300w, https:\/\/www.forward-wip.com\/wp-content\/uploads\/2024\/01\/03.WING-HARNESS-LINE-2.0-150x150.jpg 150w, https:\/\/www.forward-wip.com\/wp-content\/uploads\/2024\/01\/03.WING-HARNESS-LINE-2.0-768x768.jpg 768w, https:\/\/www.forward-wip.com\/wp-content\/uploads\/2024\/01\/03.WING-HARNESS-LINE-2.0-12x12.jpg 12w, https:\/\/www.forward-wip.com\/wp-content\/uploads\/2024\/01\/03.WING-HARNESS-LINE-2.0-600x600.jpg 600w, https:\/\/www.forward-wip.com\/wp-content\/uploads\/2024\/01\/03.WING-HARNESS-LINE-2.0-100x100.jpg 100w, https:\/\/www.forward-wip.com\/wp-content\/uploads\/2024\/01\/03.WING-HARNESS-LINE-2.0-50x50.jpg 50w, https:\/\/www.forward-wip.com\/wp-content\/uploads\/2024\/01\/03.WING-HARNESS-LINE-2.0.jpg 1500w\" sizes=\"(max-width: 800px) 100vw, 800px\" \/>\t\t\t\t\t\t\t\t<\/a>\n\t\t\t\t\t\t\t\t\t\t\t\t\t\t\t<\/div>\n\t\t\t\t<\/div>\n\t\t\t\t\t<\/div>\n\t\t<\/div>\n\t\t\t\t<div class=\"elementor-column elementor-col-33 elementor-top-column elementor-element elementor-element-db0b028\" data-id=\"db0b028\" data-element_type=\"column\">\n\t\t\t<div class=\"elementor-widget-wrap elementor-element-populated\">\n\t\t\t\t\t\t<div class=\"elementor-element elementor-element-e9d6231 elementor-widget elementor-widget-image\" data-id=\"e9d6231\" data-element_type=\"widget\" data-widget_type=\"image.default\">\n\t\t\t\t<div class=\"elementor-widget-container\">\n\t\t\t\t\t\t\t\t\t\t\t\t\t\t\t\t<a href=\"https:\/\/www.forward-wip.com\/wp-content\/uploads\/2024\/01\/02.WING-HARNESS-LINE-2.0.jpg\" data-elementor-open-lightbox=\"yes\" data-e-action-hash=\"#elementor-action%3Aaction%3Dlightbox%26settings%3DeyJpZCI6OTI1MiwidXJsIjoiaHR0cHM6XC9cL3d3dy5mb3J3YXJkLXdpcC5jb21cL3dwLWNvbnRlbnRcL3VwbG9hZHNcLzIwMjRcLzAxXC8wMi5XSU5HLUhBUk5FU1MtTElORS0yLjAuanBnIn0%3D\">\n\t\t\t\t\t\t\t<img decoding=\"async\" width=\"800\" height=\"800\" src=\"https:\/\/www.forward-wip.com\/wp-content\/uploads\/2024\/01\/02.WING-HARNESS-LINE-2.0-1024x1024.jpg\" class=\"attachment-large size-large wp-image-9252\" alt=\"\" srcset=\"https:\/\/www.forward-wip.com\/wp-content\/uploads\/2024\/01\/02.WING-HARNESS-LINE-2.0-1024x1024.jpg 1024w, https:\/\/www.forward-wip.com\/wp-content\/uploads\/2024\/01\/02.WING-HARNESS-LINE-2.0-300x300.jpg 300w, https:\/\/www.forward-wip.com\/wp-content\/uploads\/2024\/01\/02.WING-HARNESS-LINE-2.0-150x150.jpg 150w, https:\/\/www.forward-wip.com\/wp-content\/uploads\/2024\/01\/02.WING-HARNESS-LINE-2.0-768x768.jpg 768w, https:\/\/www.forward-wip.com\/wp-content\/uploads\/2024\/01\/02.WING-HARNESS-LINE-2.0-12x12.jpg 12w, https:\/\/www.forward-wip.com\/wp-content\/uploads\/2024\/01\/02.WING-HARNESS-LINE-2.0-600x600.jpg 600w, https:\/\/www.forward-wip.com\/wp-content\/uploads\/2024\/01\/02.WING-HARNESS-LINE-2.0-100x100.jpg 100w, https:\/\/www.forward-wip.com\/wp-content\/uploads\/2024\/01\/02.WING-HARNESS-LINE-2.0-50x50.jpg 50w, https:\/\/www.forward-wip.com\/wp-content\/uploads\/2024\/01\/02.WING-HARNESS-LINE-2.0.jpg 1500w\" sizes=\"(max-width: 800px) 100vw, 800px\" \/>\t\t\t\t\t\t\t\t<\/a>\n\t\t\t\t\t\t\t\t\t\t\t\t\t\t\t<\/div>\n\t\t\t\t<\/div>\n\t\t\t\t\t<\/div>\n\t\t<\/div>\n\t\t\t\t<div class=\"elementor-column elementor-col-33 elementor-top-column elementor-element elementor-element-22045ad\" data-id=\"22045ad\" data-element_type=\"column\">\n\t\t\t<div class=\"elementor-widget-wrap elementor-element-populated\">\n\t\t\t\t\t\t<div class=\"elementor-element elementor-element-bb3989f elementor-widget elementor-widget-image\" data-id=\"bb3989f\" data-element_type=\"widget\" data-widget_type=\"image.default\">\n\t\t\t\t<div class=\"elementor-widget-container\">\n\t\t\t\t\t\t\t\t\t\t\t\t\t\t\t\t<a href=\"https:\/\/www.forward-wip.com\/wp-content\/uploads\/2024\/01\/04.WING-HARNESS-LINE-2.0.jpg\" data-elementor-open-lightbox=\"yes\" data-e-action-hash=\"#elementor-action%3Aaction%3Dlightbox%26settings%3DeyJpZCI6OTI1MCwidXJsIjoiaHR0cHM6XC9cL3d3dy5mb3J3YXJkLXdpcC5jb21cL3dwLWNvbnRlbnRcL3VwbG9hZHNcLzIwMjRcLzAxXC8wNC5XSU5HLUhBUk5FU1MtTElORS0yLjAuanBnIn0%3D\">\n\t\t\t\t\t\t\t<img decoding=\"async\" width=\"800\" height=\"800\" src=\"https:\/\/www.forward-wip.com\/wp-content\/uploads\/2024\/01\/04.WING-HARNESS-LINE-2.0-1024x1024.jpg\" class=\"attachment-large size-large wp-image-9250\" alt=\"\" srcset=\"https:\/\/www.forward-wip.com\/wp-content\/uploads\/2024\/01\/04.WING-HARNESS-LINE-2.0-1024x1024.jpg 1024w, https:\/\/www.forward-wip.com\/wp-content\/uploads\/2024\/01\/04.WING-HARNESS-LINE-2.0-300x300.jpg 300w, https:\/\/www.forward-wip.com\/wp-content\/uploads\/2024\/01\/04.WING-HARNESS-LINE-2.0-150x150.jpg 150w, https:\/\/www.forward-wip.com\/wp-content\/uploads\/2024\/01\/04.WING-HARNESS-LINE-2.0-768x768.jpg 768w, https:\/\/www.forward-wip.com\/wp-content\/uploads\/2024\/01\/04.WING-HARNESS-LINE-2.0-12x12.jpg 12w, https:\/\/www.forward-wip.com\/wp-content\/uploads\/2024\/01\/04.WING-HARNESS-LINE-2.0-600x600.jpg 600w, https:\/\/www.forward-wip.com\/wp-content\/uploads\/2024\/01\/04.WING-HARNESS-LINE-2.0-100x100.jpg 100w, https:\/\/www.forward-wip.com\/wp-content\/uploads\/2024\/01\/04.WING-HARNESS-LINE-2.0-50x50.jpg 50w, https:\/\/www.forward-wip.com\/wp-content\/uploads\/2024\/01\/04.WING-HARNESS-LINE-2.0.jpg 1500w\" sizes=\"(max-width: 800px) 100vw, 800px\" \/>\t\t\t\t\t\t\t\t<\/a>\n\t\t\t\t\t\t\t\t\t\t\t\t\t\t\t<\/div>\n\t\t\t\t<\/div>\n\t\t\t\t\t<\/div>\n\t\t<\/div>\n\t\t\t\t\t<\/div>\n\t\t<\/section>\n\t\t\t\t<section class=\"elementor-section elementor-top-section elementor-element elementor-element-62ce80ea elementor-section-boxed elementor-section-height-default elementor-section-height-default\" data-id=\"62ce80ea\" data-element_type=\"section\">\n\t\t\t\t\t\t<div class=\"elementor-container elementor-column-gap-default\">\n\t\t\t\t\t<div class=\"elementor-column elementor-col-100 elementor-top-column elementor-element elementor-element-5ed0b049\" data-id=\"5ed0b049\" data-element_type=\"column\">\n\t\t\t<div class=\"elementor-widget-wrap elementor-element-populated\">\n\t\t\t\t\t\t<div class=\"elementor-element elementor-element-1e722836 elementor-widget elementor-widget-text-editor\" data-id=\"1e722836\" data-element_type=\"widget\" data-widget_type=\"text-editor.default\">\n\t\t\t\t<div class=\"elementor-widget-container\">\n\t\t\t\t\t\t\t\t\t<div class=\"elementor-element elementor-element-4cf3c2d elementor-widget elementor-widget-woocommerce-product-content\" data-id=\"4cf3c2d\" data-element_type=\"widget\" data-widget_type=\"woocommerce-product-content.default\">\n<div class=\"elementor-widget-container\">\n<p>Adjustable from 85 to 95 cm (65cm retracted)<br>&gt; adapt\u00e9 pour toutes les tailles<\/p>\n<p>Simple et ultra l\u00e9ger<br>&gt;syst\u00e8me d'accroche par aimant, que des mat\u00e9riaux souples<\/p>\n<p>Retractable<br>&gt;pour ne pas g\u00e9ner lors des manoeuvres<\/p>\n<p>Universel<br>&gt;fonctionne avec toutes les ailes<\/p>\n<p>R\u00e9duit le poids de l'aile<br>&gt;permet de prolonger les sessions de pilotage en gardant toute la libert\u00e9<\/p>\n<\/div>\n<\/div>\t\t\t\t\t\t\t\t<\/div>\n\t\t\t\t<\/div>\n\t\t\t\t\t<\/div>\n\t\t<\/div>\n\t\t\t\t\t<\/div>\n\t\t<\/section>\n\t\t\t\t<\/div>","protected":false},"excerpt":{"rendered":"<p>Adjustable from 85 to 95 cm (65cm retracted)&gt;For all body sizes Simple and ultra-lightweight&gt;magnet attachment system, only soft materials required Retractable&gt;for easy maneuvering Universal&gt;works with all wings Reduces wing weight&gt;allows you to extend your flying sessions without losing any of your freedom<\/p>","protected":false},"featured_media":9251,"template":"","meta":[],"product_brand":[],"product_cat":[26,263,254,253,264,28,216],"product_tag":[],"class_list":{"0":"post-9249","1":"product","2":"type-product","3":"status-publish","4":"has-post-thumbnail","6":"product_cat-harnesses","7":"product_cat-activities","8":"product_cat-downwind","9":"product_cat-wing","10":"product_cat-products","11":"product_cat-first-skin","12":"product_cat-rider-4-rider","14":"first","15":"instock","16":"shipping-taxable","17":"purchasable","18":"product-type-simple"},"_links":{"self":[{"href":"https:\/\/www.forward-wip.com\/fr\/wp-json\/wp\/v2\/product\/9249","targetHints":{"allow":["GET"]}}],"collection":[{"href":"https:\/\/www.forward-wip.com\/fr\/wp-json\/wp\/v2\/product"}],"about":[{"href":"https:\/\/www.forward-wip.com\/fr\/wp-json\/wp\/v2\/types\/product"}],"version-history":[{"count":0,"href":"https:\/\/www.forward-wip.com\/fr\/wp-json\/wp\/v2\/product\/9249\/revisions"}],"wp:featuredmedia":[{"embeddable":true,"href":"https:\/\/www.forward-wip.com\/fr\/wp-json\/wp\/v2\/media\/9251"}],"wp:attachment":[{"href":"https:\/\/www.forward-wip.com\/fr\/wp-json\/wp\/v2\/media?parent=9249"}],"wp:term":[{"taxonomy":"product_brand","embeddable":true,"href":"https:\/\/www.forward-wip.com\/fr\/wp-json\/wp\/v2\/product_brand?post=9249"},{"taxonomy":"product_cat","embeddable":true,"href":"https:\/\/www.forward-wip.com\/fr\/wp-json\/wp\/v2\/product_cat?post=9249"},{"taxonomy":"product_tag","embeddable":true,"href":"https:\/\/www.forward-wip.com\/fr\/wp-json\/wp\/v2\/product_tag?post=9249"}],"curies":[{"name":"wp","href":"https:\/\/api.w.org\/{rel}","templated":true}]}}