{"id":9070,"date":"2021-02-09T17:30:38","date_gmt":"2021-02-09T16:30:38","guid":{"rendered":"https:\/\/www.forward-wip.com\/?post_type=product&#038;p=9070"},"modified":"2025-07-22T14:16:47","modified_gmt":"2025-07-22T12:16:47","slug":"race-bar","status":"publish","type":"product","link":"https:\/\/www.forward-wip.com\/fr\/produit\/race-bar\/","title":{"rendered":"RACE BAR"},"content":{"rendered":"<div data-elementor-type=\"product-post\" data-elementor-id=\"9070\" class=\"elementor elementor-9070\" data-elementor-post-type=\"product\">\n\t\t\t\t\t\t<section class=\"elementor-section elementor-top-section elementor-element elementor-element-7cbb1fc elementor-section-boxed elementor-section-height-default elementor-section-height-default\" data-id=\"7cbb1fc\" data-element_type=\"section\">\n\t\t\t\t\t\t<div class=\"elementor-container elementor-column-gap-default\">\n\t\t\t\t\t<div class=\"elementor-column elementor-col-100 elementor-top-column elementor-element elementor-element-f84a6e7\" data-id=\"f84a6e7\" data-element_type=\"column\">\n\t\t\t<div class=\"elementor-widget-wrap elementor-element-populated\">\n\t\t\t\t\t\t<div class=\"elementor-element elementor-element-2f5dc75 elementor-widget elementor-widget-gallery\" data-id=\"2f5dc75\" data-element_type=\"widget\" data-settings=\"{&quot;gap&quot;:{&quot;unit&quot;:&quot;px&quot;,&quot;size&quot;:0,&quot;sizes&quot;:[]},&quot;aspect_ratio&quot;:&quot;1:1&quot;,&quot;lazyload&quot;:&quot;yes&quot;,&quot;gallery_layout&quot;:&quot;grid&quot;,&quot;columns&quot;:4,&quot;columns_tablet&quot;:2,&quot;columns_mobile&quot;:1,&quot;gap_tablet&quot;:{&quot;unit&quot;:&quot;px&quot;,&quot;size&quot;:10,&quot;sizes&quot;:[]},&quot;gap_mobile&quot;:{&quot;unit&quot;:&quot;px&quot;,&quot;size&quot;:10,&quot;sizes&quot;:[]},&quot;link_to&quot;:&quot;file&quot;,&quot;overlay_background&quot;:&quot;yes&quot;,&quot;content_hover_animation&quot;:&quot;fade-in&quot;}\" data-widget_type=\"gallery.default\">\n\t\t\t\t<div class=\"elementor-widget-container\">\n\t\t\t\t\t\t\t<div class=\"elementor-gallery__container\">\n\t\t\t\t\t\t\t<a class=\"e-gallery-item elementor-gallery-item elementor-animated-content\" href=\"https:\/\/www.forward-wip.com\/wp-content\/uploads\/2023\/09\/4.-RACE-BAR-SAFETY-RELEASE.jpg\" data-elementor-open-lightbox=\"yes\" data-elementor-lightbox-slideshow=\"2f5dc75\" data-e-action-hash=\"#elementor-action%3Aaction%3Dlightbox%26settings%3DeyJpZCI6OTA3NiwidXJsIjoiaHR0cHM6XC9cL3d3dy5mb3J3YXJkLXdpcC5jb21cL3dwLWNvbnRlbnRcL3VwbG9hZHNcLzIwMjNcLzA5XC80Li1SQUNFLUJBUi1TQUZFVFktUkVMRUFTRS5qcGciLCJzbGlkZXNob3ciOiIyZjVkYzc1In0%3D\">\n\t\t\t\t\t<div class=\"e-gallery-image elementor-gallery-item__image\" data-thumbnail=\"https:\/\/www.forward-wip.com\/wp-content\/uploads\/2023\/09\/4.-RACE-BAR-SAFETY-RELEASE.jpg\" data-width=\"1080\" data-height=\"1080\" aria-label=\"\" role=\"img\" ><\/div>\n\t\t\t\t\t\t\t\t\t\t\t<div class=\"elementor-gallery-item__overlay\"><\/div>\n\t\t\t\t\t\t\t\t\t\t\t\t\t\t<\/a>\n\t\t\t\t\t\t\t<a class=\"e-gallery-item elementor-gallery-item elementor-animated-content\" href=\"https:\/\/www.forward-wip.com\/wp-content\/uploads\/2023\/09\/3.-RACE-BAR-SAFETY-RELEASE.jpg\" data-elementor-open-lightbox=\"yes\" data-elementor-lightbox-slideshow=\"2f5dc75\" data-e-action-hash=\"#elementor-action%3Aaction%3Dlightbox%26settings%3DeyJpZCI6OTA3NSwidXJsIjoiaHR0cHM6XC9cL3d3dy5mb3J3YXJkLXdpcC5jb21cL3dwLWNvbnRlbnRcL3VwbG9hZHNcLzIwMjNcLzA5XC8zLi1SQUNFLUJBUi1TQUZFVFktUkVMRUFTRS5qcGciLCJzbGlkZXNob3ciOiIyZjVkYzc1In0%3D\">\n\t\t\t\t\t<div class=\"e-gallery-image elementor-gallery-item__image\" data-thumbnail=\"https:\/\/www.forward-wip.com\/wp-content\/uploads\/2023\/09\/3.-RACE-BAR-SAFETY-RELEASE.jpg\" data-width=\"1080\" data-height=\"1080\" aria-label=\"\" role=\"img\" ><\/div>\n\t\t\t\t\t\t\t\t\t\t\t<div class=\"elementor-gallery-item__overlay\"><\/div>\n\t\t\t\t\t\t\t\t\t\t\t\t\t\t<\/a>\n\t\t\t\t\t\t\t<a class=\"e-gallery-item elementor-gallery-item elementor-animated-content\" href=\"https:\/\/www.forward-wip.com\/wp-content\/uploads\/2023\/09\/2.-RACE-BAR-SAFETY-RELEASE.jpg\" data-elementor-open-lightbox=\"yes\" data-elementor-lightbox-slideshow=\"2f5dc75\" data-e-action-hash=\"#elementor-action%3Aaction%3Dlightbox%26settings%3DeyJpZCI6OTA3NCwidXJsIjoiaHR0cHM6XC9cL3d3dy5mb3J3YXJkLXdpcC5jb21cL3dwLWNvbnRlbnRcL3VwbG9hZHNcLzIwMjNcLzA5XC8yLi1SQUNFLUJBUi1TQUZFVFktUkVMRUFTRS5qcGciLCJzbGlkZXNob3ciOiIyZjVkYzc1In0%3D\">\n\t\t\t\t\t<div class=\"e-gallery-image elementor-gallery-item__image\" data-thumbnail=\"https:\/\/www.forward-wip.com\/wp-content\/uploads\/2023\/09\/2.-RACE-BAR-SAFETY-RELEASE.jpg\" data-width=\"1080\" data-height=\"1080\" aria-label=\"\" role=\"img\" ><\/div>\n\t\t\t\t\t\t\t\t\t\t\t<div class=\"elementor-gallery-item__overlay\"><\/div>\n\t\t\t\t\t\t\t\t\t\t\t\t\t\t<\/a>\n\t\t\t\t\t<\/div>\n\t\t\t\t\t<\/div>\n\t\t\t\t<\/div>\n\t\t\t\t\t<\/div>\n\t\t<\/div>\n\t\t\t\t\t<\/div>\n\t\t<\/section>\n\t\t\t\t<section class=\"elementor-section elementor-top-section elementor-element elementor-element-76d9cd0a elementor-section-boxed elementor-section-height-default elementor-section-height-default\" data-id=\"76d9cd0a\" data-element_type=\"section\">\n\t\t\t\t\t\t<div class=\"elementor-container elementor-column-gap-default\">\n\t\t\t\t\t<div class=\"elementor-column elementor-col-100 elementor-top-column elementor-element elementor-element-598be89c\" data-id=\"598be89c\" data-element_type=\"column\">\n\t\t\t<div class=\"elementor-widget-wrap elementor-element-populated\">\n\t\t\t\t\t\t<div class=\"elementor-element elementor-element-2a0aee74 elementor-widget elementor-widget-text-editor\" data-id=\"2a0aee74\" data-element_type=\"widget\" data-widget_type=\"text-editor.default\">\n\t\t\t\t<div class=\"elementor-widget-container\">\n\t\t\t\t\t\t\t\t\t<p><span style=\"color: #000000;\">Boucle en m\u00e9tal avec syst\u00e8me de d\u00e9verrouillage rapide.<\/span><br \/><span style=\"color: #000000;\">&gt;largage du crochet en cas de besoin. R\u00e9pondre aux futur r\u00e8glements de certaines classes.<\/span><\/p><p><span style=\"color: #000000;\">M\u00e9tal de haute qualit\u00e9<\/span><br \/><span style=\"color: #000000;\">&gt;assurant r\u00e9sistance et durabilit\u00e9.<\/span><\/p><p><span style=\"color: #000000;\">Design ergonomique<\/span><br \/><span style=\"color: #000000;\">&gt;garantit un ajustement confortable et une r\u00e9partition optimale de la pression.<\/span><\/p><p><span style=\"color: #000000;\">100% Metal<\/span><\/p>\t\t\t\t\t\t\t\t<\/div>\n\t\t\t\t<\/div>\n\t\t\t\t\t<\/div>\n\t\t<\/div>\n\t\t\t\t\t<\/div>\n\t\t<\/section>\n\t\t\t\t<\/div>","protected":false},"excerpt":{"rendered":"<p>Metal buckle with quick-release system. &gt;release hook when needed. Meets future regulations for certain classes. High-quality metal &gt;strength and durability. Ergonomic design &gt;ensures a comfortable fit and optimum pressure distribution. 100% Metal<\/p>","protected":false},"featured_media":13124,"template":"","meta":[],"product_brand":[],"product_cat":[26,263,256,264,28,29,53],"product_tag":[],"class_list":{"0":"post-9070","1":"product","2":"type-product","3":"status-publish","4":"has-post-thumbnail","6":"product_cat-harnesses","7":"product_cat-activities","8":"product_cat-inshore","9":"product_cat-products","10":"product_cat-first-skin","11":"product_cat-accessories","12":"product_cat-spare-parts","14":"first","15":"instock","16":"shipping-taxable","17":"purchasable","18":"product-type-simple"},"_links":{"self":[{"href":"https:\/\/www.forward-wip.com\/fr\/wp-json\/wp\/v2\/product\/9070","targetHints":{"allow":["GET"]}}],"collection":[{"href":"https:\/\/www.forward-wip.com\/fr\/wp-json\/wp\/v2\/product"}],"about":[{"href":"https:\/\/www.forward-wip.com\/fr\/wp-json\/wp\/v2\/types\/product"}],"version-history":[{"count":0,"href":"https:\/\/www.forward-wip.com\/fr\/wp-json\/wp\/v2\/product\/9070\/revisions"}],"wp:featuredmedia":[{"embeddable":true,"href":"https:\/\/www.forward-wip.com\/fr\/wp-json\/wp\/v2\/media\/13124"}],"wp:attachment":[{"href":"https:\/\/www.forward-wip.com\/fr\/wp-json\/wp\/v2\/media?parent=9070"}],"wp:term":[{"taxonomy":"product_brand","embeddable":true,"href":"https:\/\/www.forward-wip.com\/fr\/wp-json\/wp\/v2\/product_brand?post=9070"},{"taxonomy":"product_cat","embeddable":true,"href":"https:\/\/www.forward-wip.com\/fr\/wp-json\/wp\/v2\/product_cat?post=9070"},{"taxonomy":"product_tag","embeddable":true,"href":"https:\/\/www.forward-wip.com\/fr\/wp-json\/wp\/v2\/product_tag?post=9070"}],"curies":[{"name":"wp","href":"https:\/\/api.w.org\/{rel}","templated":true}]}}