{"id":8978,"date":"2021-02-09T17:01:35","date_gmt":"2021-02-09T16:01:35","guid":{"rendered":"https:\/\/www.forward-wip.com\/?post_type=product&#038;p=8978"},"modified":"2025-11-07T12:05:19","modified_gmt":"2025-11-07T11:05:19","slug":"waistfoil-harness-3-0","status":"publish","type":"product","link":"https:\/\/www.forward-wip.com\/fr\/produit\/waistfoil-harness-3-0\/","title":{"rendered":"WAISTFOIL HARNESS 3.0"},"content":{"rendered":"<div data-elementor-type=\"product-post\" data-elementor-id=\"8978\" class=\"elementor elementor-8978\" data-elementor-post-type=\"product\">\n\t\t\t\t\t\t<section class=\"elementor-section elementor-top-section elementor-element elementor-element-536b406 elementor-section-boxed elementor-section-height-default elementor-section-height-default\" data-id=\"536b406\" data-element_type=\"section\">\n\t\t\t\t\t\t<div class=\"elementor-container elementor-column-gap-default\">\n\t\t\t\t\t<div class=\"elementor-column elementor-col-100 elementor-top-column elementor-element elementor-element-155a4cb\" data-id=\"155a4cb\" data-element_type=\"column\">\n\t\t\t<div class=\"elementor-widget-wrap elementor-element-populated\">\n\t\t\t\t\t\t<div class=\"elementor-element elementor-element-d025d52 elementor-widget elementor-widget-gallery\" data-id=\"d025d52\" data-element_type=\"widget\" data-settings=\"{&quot;gap&quot;:{&quot;unit&quot;:&quot;px&quot;,&quot;size&quot;:0,&quot;sizes&quot;:[]},&quot;aspect_ratio&quot;:&quot;1:1&quot;,&quot;columns&quot;:3,&quot;lazyload&quot;:&quot;yes&quot;,&quot;gallery_layout&quot;:&quot;grid&quot;,&quot;columns_tablet&quot;:2,&quot;columns_mobile&quot;:1,&quot;gap_tablet&quot;:{&quot;unit&quot;:&quot;px&quot;,&quot;size&quot;:10,&quot;sizes&quot;:[]},&quot;gap_mobile&quot;:{&quot;unit&quot;:&quot;px&quot;,&quot;size&quot;:10,&quot;sizes&quot;:[]},&quot;link_to&quot;:&quot;file&quot;,&quot;overlay_background&quot;:&quot;yes&quot;,&quot;content_hover_animation&quot;:&quot;fade-in&quot;}\" data-widget_type=\"gallery.default\">\n\t\t\t\t<div class=\"elementor-widget-container\">\n\t\t\t\t\t\t\t<div class=\"elementor-gallery__container\">\n\t\t\t\t\t\t\t<a class=\"e-gallery-item elementor-gallery-item elementor-animated-content\" href=\"https:\/\/www.forward-wip.com\/wp-content\/uploads\/2023\/07\/2.-WAISTFOIL-HARNESS-3.0-.jpg\" data-elementor-open-lightbox=\"yes\" data-elementor-lightbox-slideshow=\"d025d52\" data-e-action-hash=\"#elementor-action%3Aaction%3Dlightbox%26settings%3DeyJpZCI6ODk4MSwidXJsIjoiaHR0cHM6XC9cL3d3dy5mb3J3YXJkLXdpcC5jb21cL3dwLWNvbnRlbnRcL3VwbG9hZHNcLzIwMjNcLzA3XC8yLi1XQUlTVEZPSUwtSEFSTkVTUy0zLjAtLmpwZyIsInNsaWRlc2hvdyI6ImQwMjVkNTIifQ%3D%3D\">\n\t\t\t\t\t<div class=\"e-gallery-image elementor-gallery-item__image\" data-thumbnail=\"https:\/\/www.forward-wip.com\/wp-content\/uploads\/2023\/07\/2.-WAISTFOIL-HARNESS-3.0-.jpg\" data-width=\"1200\" data-height=\"1200\" aria-label=\"\" role=\"img\" ><\/div>\n\t\t\t\t\t\t\t\t\t\t\t<div class=\"elementor-gallery-item__overlay\"><\/div>\n\t\t\t\t\t\t\t\t\t\t\t\t\t\t<\/a>\n\t\t\t\t\t\t\t<a class=\"e-gallery-item elementor-gallery-item elementor-animated-content\" href=\"https:\/\/www.forward-wip.com\/wp-content\/uploads\/2023\/07\/3.-WAISTFOIL-HARNESS-3.0.jpg\" data-elementor-open-lightbox=\"yes\" data-elementor-lightbox-slideshow=\"d025d52\" data-e-action-hash=\"#elementor-action%3Aaction%3Dlightbox%26settings%3DeyJpZCI6ODk4MiwidXJsIjoiaHR0cHM6XC9cL3d3dy5mb3J3YXJkLXdpcC5jb21cL3dwLWNvbnRlbnRcL3VwbG9hZHNcLzIwMjNcLzA3XC8zLi1XQUlTVEZPSUwtSEFSTkVTUy0zLjAuanBnIiwic2xpZGVzaG93IjoiZDAyNWQ1MiJ9\">\n\t\t\t\t\t<div class=\"e-gallery-image elementor-gallery-item__image\" data-thumbnail=\"https:\/\/www.forward-wip.com\/wp-content\/uploads\/2023\/07\/3.-WAISTFOIL-HARNESS-3.0.jpg\" data-width=\"800\" data-height=\"800\" aria-label=\"\" role=\"img\" ><\/div>\n\t\t\t\t\t\t\t\t\t\t\t<div class=\"elementor-gallery-item__overlay\"><\/div>\n\t\t\t\t\t\t\t\t\t\t\t\t\t\t<\/a>\n\t\t\t\t\t\t\t<a class=\"e-gallery-item elementor-gallery-item elementor-animated-content\" href=\"https:\/\/www.forward-wip.com\/wp-content\/uploads\/2023\/07\/4.COMBO-KOMPACT-VEST-50N-WAISTFOIL-HARNESS-3.0.jpg\" data-elementor-open-lightbox=\"yes\" data-elementor-lightbox-slideshow=\"d025d52\" data-e-action-hash=\"#elementor-action%3Aaction%3Dlightbox%26settings%3DeyJpZCI6ODk4MywidXJsIjoiaHR0cHM6XC9cL3d3dy5mb3J3YXJkLXdpcC5jb21cL3dwLWNvbnRlbnRcL3VwbG9hZHNcLzIwMjNcLzA3XC80LkNPTUJPLUtPTVBBQ1QtVkVTVC01ME4tV0FJU1RGT0lMLUhBUk5FU1MtMy4wLmpwZyIsInNsaWRlc2hvdyI6ImQwMjVkNTIifQ%3D%3D\">\n\t\t\t\t\t<div class=\"e-gallery-image elementor-gallery-item__image\" data-thumbnail=\"https:\/\/www.forward-wip.com\/wp-content\/uploads\/2023\/07\/4.COMBO-KOMPACT-VEST-50N-WAISTFOIL-HARNESS-3.0.jpg\" data-width=\"800\" data-height=\"800\" aria-label=\"\" role=\"img\" ><\/div>\n\t\t\t\t\t\t\t\t\t\t\t<div class=\"elementor-gallery-item__overlay\"><\/div>\n\t\t\t\t\t\t\t\t\t\t\t\t\t\t<\/a>\n\t\t\t\t\t\t\t<a class=\"e-gallery-item elementor-gallery-item elementor-animated-content\" href=\"https:\/\/www.forward-wip.com\/wp-content\/uploads\/2023\/07\/5-WAISTFOIL-HARNESS-3.0.jpg\" data-elementor-open-lightbox=\"yes\" data-elementor-lightbox-slideshow=\"d025d52\" data-e-action-hash=\"#elementor-action%3Aaction%3Dlightbox%26settings%3DeyJpZCI6ODk4NCwidXJsIjoiaHR0cHM6XC9cL3d3dy5mb3J3YXJkLXdpcC5jb21cL3dwLWNvbnRlbnRcL3VwbG9hZHNcLzIwMjNcLzA3XC81LVdBSVNURk9JTC1IQVJORVNTLTMuMC5qcGciLCJzbGlkZXNob3ciOiJkMDI1ZDUyIn0%3D\">\n\t\t\t\t\t<div class=\"e-gallery-image elementor-gallery-item__image\" data-thumbnail=\"https:\/\/www.forward-wip.com\/wp-content\/uploads\/2023\/07\/5-WAISTFOIL-HARNESS-3.0.jpg\" data-width=\"1200\" data-height=\"1200\" aria-label=\"\" role=\"img\" ><\/div>\n\t\t\t\t\t\t\t\t\t\t\t<div class=\"elementor-gallery-item__overlay\"><\/div>\n\t\t\t\t\t\t\t\t\t\t\t\t\t\t<\/a>\n\t\t\t\t\t\t\t<a class=\"e-gallery-item elementor-gallery-item elementor-animated-content\" href=\"https:\/\/www.forward-wip.com\/wp-content\/uploads\/2023\/07\/6.-WAISTFOIL-HARNESS-3.0.jpg\" data-elementor-open-lightbox=\"yes\" data-elementor-lightbox-slideshow=\"d025d52\" data-e-action-hash=\"#elementor-action%3Aaction%3Dlightbox%26settings%3DeyJpZCI6ODk4NSwidXJsIjoiaHR0cHM6XC9cL3d3dy5mb3J3YXJkLXdpcC5jb21cL3dwLWNvbnRlbnRcL3VwbG9hZHNcLzIwMjNcLzA3XC82Li1XQUlTVEZPSUwtSEFSTkVTUy0zLjAuanBnIiwic2xpZGVzaG93IjoiZDAyNWQ1MiJ9\">\n\t\t\t\t\t<div class=\"e-gallery-image elementor-gallery-item__image\" data-thumbnail=\"https:\/\/www.forward-wip.com\/wp-content\/uploads\/2023\/07\/6.-WAISTFOIL-HARNESS-3.0.jpg\" data-width=\"1200\" data-height=\"1200\" aria-label=\"\" role=\"img\" ><\/div>\n\t\t\t\t\t\t\t\t\t\t\t<div class=\"elementor-gallery-item__overlay\"><\/div>\n\t\t\t\t\t\t\t\t\t\t\t\t\t\t<\/a>\n\t\t\t\t\t<\/div>\n\t\t\t\t\t<\/div>\n\t\t\t\t<\/div>\n\t\t\t\t\t<\/div>\n\t\t<\/div>\n\t\t\t\t\t<\/div>\n\t\t<\/section>\n\t\t\t\t<section class=\"elementor-section elementor-top-section elementor-element elementor-element-3eb4da9c elementor-section-boxed elementor-section-height-default elementor-section-height-default\" data-id=\"3eb4da9c\" data-element_type=\"section\">\n\t\t\t\t\t\t<div class=\"elementor-container elementor-column-gap-default\">\n\t\t\t\t\t<div class=\"elementor-column elementor-col-100 elementor-top-column elementor-element elementor-element-201d76a5\" data-id=\"201d76a5\" data-element_type=\"column\">\n\t\t\t<div class=\"elementor-widget-wrap elementor-element-populated\">\n\t\t\t\t\t\t<div class=\"elementor-element elementor-element-7b9db0cc elementor-widget elementor-widget-text-editor\" data-id=\"7b9db0cc\" data-element_type=\"widget\" data-widget_type=\"text-editor.default\">\n\t\t\t\t<div class=\"elementor-widget-container\">\n\t\t\t\t\t\t\t\t\t<p><span style=\"color: #000000;\">Nouvelle barre d\u00e9velopp\u00e9e en collaboration avec ION<\/span><br \/><span style=\"color: #000000;\">&gt;la boucle ronde en acier inoxydable permet de connecter n'importe quelle chicken loops compacte tr\u00e8s pr\u00e8s du corps. Serrage rapide dans la boucle lat\u00e9rale s\u00e9curis\u00e9e.<\/span><\/p><p><span style=\"color: #000000;\">D\u00e9velopp\u00e9 avec des athl\u00e8tes olympiques et Benjamin Tillier<\/span><br \/><span style=\"color: #000000;\">&gt;reconnu comme les meilleurs athl\u00e8tes de WindFoil au monde<\/span><\/p><p><span style=\"color: #000000;\">Innovation Exo Energy<\/span><br \/><span style=\"color: #000000;\">&gt;2 lattes suppl\u00e9mentaires pour un meilleur transfert d'\u00e9nergie<\/span><\/p><p><span style=\"color: #000000;\">R\u00e9glage innovant de la hauteur de la boucle<\/span><br \/><span style=\"color: #000000;\">&gt;construction en 2 parties reli\u00e9es par le velcro: ceinture lombaires et harnais<\/span><\/p><p><span style=\"color: #000000;\">Mat\u00e9riaux l\u00e9gers<\/span><br \/><span style=\"color: #000000;\">&gt;con\u00e7u pour vous permettre de rester agile<\/span><\/p><p><span style=\"color: #000000;\">Petit poche sur la boucle Windsurf<\/span><br \/><span style=\"color: #000000;\">&gt;pour ranger la cale en au minium et la cl\u00e9 hexagonale<\/span><\/p>\t\t\t\t\t\t\t\t<\/div>\n\t\t\t\t<\/div>\n\t\t\t\t\t<\/div>\n\t\t<\/div>\n\t\t\t\t\t<\/div>\n\t\t<\/section>\n\t\t\t\t<\/div>","protected":false},"excerpt":{"rendered":"<p>New Bar developed with collaboration with ION&gt;round stainless loop allows to connect any compact chicken loops super close to the body. Quick tight in lateral safe buckle Developed with Olympics Athletes&gt;recognized as the best IQFoil athletes in the world Exo Energy innovation&gt;2 additional battens for a better energy transfer Innovative loop height adjustment&gt;2-part construction connected [&hellip;]<\/p>","protected":false},"featured_media":8980,"template":"","meta":[],"product_brand":[],"product_cat":[263,252,264,26],"product_tag":[],"class_list":{"0":"post-8978","1":"product","2":"type-product","3":"status-publish","4":"has-post-thumbnail","6":"product_cat-activities","7":"product_cat-wind","8":"product_cat-products","9":"product_cat-harnesses","11":"first","12":"instock","13":"shipping-taxable","14":"purchasable","15":"product-type-simple"},"_links":{"self":[{"href":"https:\/\/www.forward-wip.com\/fr\/wp-json\/wp\/v2\/product\/8978","targetHints":{"allow":["GET"]}}],"collection":[{"href":"https:\/\/www.forward-wip.com\/fr\/wp-json\/wp\/v2\/product"}],"about":[{"href":"https:\/\/www.forward-wip.com\/fr\/wp-json\/wp\/v2\/types\/product"}],"version-history":[{"count":0,"href":"https:\/\/www.forward-wip.com\/fr\/wp-json\/wp\/v2\/product\/8978\/revisions"}],"wp:featuredmedia":[{"embeddable":true,"href":"https:\/\/www.forward-wip.com\/fr\/wp-json\/wp\/v2\/media\/8980"}],"wp:attachment":[{"href":"https:\/\/www.forward-wip.com\/fr\/wp-json\/wp\/v2\/media?parent=8978"}],"wp:term":[{"taxonomy":"product_brand","embeddable":true,"href":"https:\/\/www.forward-wip.com\/fr\/wp-json\/wp\/v2\/product_brand?post=8978"},{"taxonomy":"product_cat","embeddable":true,"href":"https:\/\/www.forward-wip.com\/fr\/wp-json\/wp\/v2\/product_cat?post=8978"},{"taxonomy":"product_tag","embeddable":true,"href":"https:\/\/www.forward-wip.com\/fr\/wp-json\/wp\/v2\/product_tag?post=8978"}],"curies":[{"name":"wp","href":"https:\/\/api.w.org\/{rel}","templated":true}]}}