{"id":8965,"date":"2021-02-09T17:11:30","date_gmt":"2021-02-09T16:11:30","guid":{"rendered":"https:\/\/www.forward-wip.com\/?post_type=product&#038;p=8965"},"modified":"2025-11-07T12:05:34","modified_gmt":"2025-11-07T11:05:34","slug":"aero-harness-3-0","status":"publish","type":"product","link":"https:\/\/www.forward-wip.com\/fr\/produit\/aero-harness-3-0\/","title":{"rendered":"AERO HARNESS 3.0"},"content":{"rendered":"<div data-elementor-type=\"product-post\" data-elementor-id=\"8965\" class=\"elementor elementor-8965\" data-elementor-post-type=\"product\">\n\t\t\t\t\t\t<section class=\"elementor-section elementor-top-section elementor-element elementor-element-2d32a68 elementor-section-boxed elementor-section-height-default elementor-section-height-default\" data-id=\"2d32a68\" data-element_type=\"section\">\n\t\t\t\t\t\t<div class=\"elementor-container elementor-column-gap-default\">\n\t\t\t\t\t<div class=\"elementor-column elementor-col-100 elementor-top-column elementor-element elementor-element-a7e3fc6\" data-id=\"a7e3fc6\" data-element_type=\"column\">\n\t\t\t<div class=\"elementor-widget-wrap elementor-element-populated\">\n\t\t\t\t\t\t<div class=\"elementor-element elementor-element-400abb9 elementor-widget elementor-widget-gallery\" data-id=\"400abb9\" data-element_type=\"widget\" data-settings=\"{&quot;gap&quot;:{&quot;unit&quot;:&quot;px&quot;,&quot;size&quot;:0,&quot;sizes&quot;:[]},&quot;aspect_ratio&quot;:&quot;1:1&quot;,&quot;lazyload&quot;:&quot;yes&quot;,&quot;gallery_layout&quot;:&quot;grid&quot;,&quot;columns&quot;:4,&quot;columns_tablet&quot;:2,&quot;columns_mobile&quot;:1,&quot;gap_tablet&quot;:{&quot;unit&quot;:&quot;px&quot;,&quot;size&quot;:10,&quot;sizes&quot;:[]},&quot;gap_mobile&quot;:{&quot;unit&quot;:&quot;px&quot;,&quot;size&quot;:10,&quot;sizes&quot;:[]},&quot;link_to&quot;:&quot;file&quot;,&quot;overlay_background&quot;:&quot;yes&quot;,&quot;content_hover_animation&quot;:&quot;fade-in&quot;}\" data-widget_type=\"gallery.default\">\n\t\t\t\t<div class=\"elementor-widget-container\">\n\t\t\t\t\t\t\t<div class=\"elementor-gallery__container\">\n\t\t\t\t\t\t\t<a class=\"e-gallery-item elementor-gallery-item elementor-animated-content\" href=\"https:\/\/www.forward-wip.com\/wp-content\/uploads\/2023\/07\/3.-AERO-HARNESS-3.0.jpg\" data-elementor-open-lightbox=\"yes\" data-elementor-lightbox-slideshow=\"400abb9\" data-e-action-hash=\"#elementor-action%3Aaction%3Dlightbox%26settings%3DeyJpZCI6ODk2OCwidXJsIjoiaHR0cHM6XC9cL3d3dy5mb3J3YXJkLXdpcC5jb21cL3dwLWNvbnRlbnRcL3VwbG9hZHNcLzIwMjNcLzA3XC8zLi1BRVJPLUhBUk5FU1MtMy4wLmpwZyIsInNsaWRlc2hvdyI6IjQwMGFiYjkifQ%3D%3D\">\n\t\t\t\t\t<div class=\"e-gallery-image elementor-gallery-item__image\" data-thumbnail=\"https:\/\/www.forward-wip.com\/wp-content\/uploads\/2023\/07\/3.-AERO-HARNESS-3.0.jpg\" data-width=\"1773\" data-height=\"1182\" aria-label=\"\" role=\"img\" ><\/div>\n\t\t\t\t\t\t\t\t\t\t\t<div class=\"elementor-gallery-item__overlay\"><\/div>\n\t\t\t\t\t\t\t\t\t\t\t\t\t\t<\/a>\n\t\t\t\t\t\t\t<a class=\"e-gallery-item elementor-gallery-item elementor-animated-content\" href=\"https:\/\/www.forward-wip.com\/wp-content\/uploads\/2023\/07\/2.-AERO-HARNESS-3.0.jpg\" data-elementor-open-lightbox=\"yes\" data-elementor-lightbox-slideshow=\"400abb9\" data-e-action-hash=\"#elementor-action%3Aaction%3Dlightbox%26settings%3DeyJpZCI6ODk2NywidXJsIjoiaHR0cHM6XC9cL3d3dy5mb3J3YXJkLXdpcC5jb21cL3dwLWNvbnRlbnRcL3VwbG9hZHNcLzIwMjNcLzA3XC8yLi1BRVJPLUhBUk5FU1MtMy4wLmpwZyIsInNsaWRlc2hvdyI6IjQwMGFiYjkifQ%3D%3D\">\n\t\t\t\t\t<div class=\"e-gallery-image elementor-gallery-item__image\" data-thumbnail=\"https:\/\/www.forward-wip.com\/wp-content\/uploads\/2023\/07\/2.-AERO-HARNESS-3.0.jpg\" data-width=\"1773\" data-height=\"1182\" aria-label=\"\" role=\"img\" ><\/div>\n\t\t\t\t\t\t\t\t\t\t\t<div class=\"elementor-gallery-item__overlay\"><\/div>\n\t\t\t\t\t\t\t\t\t\t\t\t\t\t<\/a>\n\t\t\t\t\t\t\t<a class=\"e-gallery-item elementor-gallery-item elementor-animated-content\" href=\"https:\/\/www.forward-wip.com\/wp-content\/uploads\/2023\/07\/5.-AERO-HARNESS-3.0.jpg\" data-elementor-open-lightbox=\"yes\" data-elementor-lightbox-slideshow=\"400abb9\" data-e-action-hash=\"#elementor-action%3Aaction%3Dlightbox%26settings%3DeyJpZCI6ODk3MCwidXJsIjoiaHR0cHM6XC9cL3d3dy5mb3J3YXJkLXdpcC5jb21cL3dwLWNvbnRlbnRcL3VwbG9hZHNcLzIwMjNcLzA3XC81Li1BRVJPLUhBUk5FU1MtMy4wLmpwZyIsInNsaWRlc2hvdyI6IjQwMGFiYjkifQ%3D%3D\">\n\t\t\t\t\t<div class=\"e-gallery-image elementor-gallery-item__image\" data-thumbnail=\"https:\/\/www.forward-wip.com\/wp-content\/uploads\/2023\/07\/5.-AERO-HARNESS-3.0.jpg\" data-width=\"1773\" data-height=\"1182\" aria-label=\"\" role=\"img\" ><\/div>\n\t\t\t\t\t\t\t\t\t\t\t<div class=\"elementor-gallery-item__overlay\"><\/div>\n\t\t\t\t\t\t\t\t\t\t\t\t\t\t<\/a>\n\t\t\t\t\t\t\t<a class=\"e-gallery-item elementor-gallery-item elementor-animated-content\" href=\"https:\/\/www.forward-wip.com\/wp-content\/uploads\/2023\/07\/7.-AERO-HARNESS-3.0.jpg\" data-elementor-open-lightbox=\"yes\" data-elementor-lightbox-slideshow=\"400abb9\" data-e-action-hash=\"#elementor-action%3Aaction%3Dlightbox%26settings%3DeyJpZCI6ODk3MiwidXJsIjoiaHR0cHM6XC9cL3d3dy5mb3J3YXJkLXdpcC5jb21cL3dwLWNvbnRlbnRcL3VwbG9hZHNcLzIwMjNcLzA3XC83Li1BRVJPLUhBUk5FU1MtMy4wLmpwZyIsInNsaWRlc2hvdyI6IjQwMGFiYjkifQ%3D%3D\">\n\t\t\t\t\t<div class=\"e-gallery-image elementor-gallery-item__image\" data-thumbnail=\"https:\/\/www.forward-wip.com\/wp-content\/uploads\/2023\/07\/7.-AERO-HARNESS-3.0.jpg\" data-width=\"1773\" data-height=\"1182\" aria-label=\"\" role=\"img\" ><\/div>\n\t\t\t\t\t\t\t\t\t\t\t<div class=\"elementor-gallery-item__overlay\"><\/div>\n\t\t\t\t\t\t\t\t\t\t\t\t\t\t<\/a>\n\t\t\t\t\t\t\t<a class=\"e-gallery-item elementor-gallery-item elementor-animated-content\" href=\"https:\/\/www.forward-wip.com\/wp-content\/uploads\/2023\/07\/4.-AERO-HARNESS-3.0.jpg\" data-elementor-open-lightbox=\"yes\" data-elementor-lightbox-slideshow=\"400abb9\" data-e-action-hash=\"#elementor-action%3Aaction%3Dlightbox%26settings%3DeyJpZCI6ODk2OSwidXJsIjoiaHR0cHM6XC9cL3d3dy5mb3J3YXJkLXdpcC5jb21cL3dwLWNvbnRlbnRcL3VwbG9hZHNcLzIwMjNcLzA3XC80Li1BRVJPLUhBUk5FU1MtMy4wLmpwZyIsInNsaWRlc2hvdyI6IjQwMGFiYjkifQ%3D%3D\">\n\t\t\t\t\t<div class=\"e-gallery-image elementor-gallery-item__image\" data-thumbnail=\"https:\/\/www.forward-wip.com\/wp-content\/uploads\/2023\/07\/4.-AERO-HARNESS-3.0.jpg\" data-width=\"1773\" data-height=\"1182\" aria-label=\"\" role=\"img\" ><\/div>\n\t\t\t\t\t\t\t\t\t\t\t<div class=\"elementor-gallery-item__overlay\"><\/div>\n\t\t\t\t\t\t\t\t\t\t\t\t\t\t<\/a>\n\t\t\t\t\t\t\t<a class=\"e-gallery-item elementor-gallery-item elementor-animated-content\" href=\"https:\/\/www.forward-wip.com\/wp-content\/uploads\/2023\/07\/6.-AERO-HARNESS-3.0.jpg\" data-elementor-open-lightbox=\"yes\" data-elementor-lightbox-slideshow=\"400abb9\" data-e-action-hash=\"#elementor-action%3Aaction%3Dlightbox%26settings%3DeyJpZCI6ODk3MSwidXJsIjoiaHR0cHM6XC9cL3d3dy5mb3J3YXJkLXdpcC5jb21cL3dwLWNvbnRlbnRcL3VwbG9hZHNcLzIwMjNcLzA3XC82Li1BRVJPLUhBUk5FU1MtMy4wLmpwZyIsInNsaWRlc2hvdyI6IjQwMGFiYjkifQ%3D%3D\">\n\t\t\t\t\t<div class=\"e-gallery-image elementor-gallery-item__image\" data-thumbnail=\"https:\/\/www.forward-wip.com\/wp-content\/uploads\/2023\/07\/6.-AERO-HARNESS-3.0.jpg\" data-width=\"1773\" data-height=\"1182\" aria-label=\"\" role=\"img\" ><\/div>\n\t\t\t\t\t\t\t\t\t\t\t<div class=\"elementor-gallery-item__overlay\"><\/div>\n\t\t\t\t\t\t\t\t\t\t\t\t\t\t<\/a>\n\t\t\t\t\t\t\t<a class=\"e-gallery-item elementor-gallery-item elementor-animated-content\" href=\"https:\/\/www.forward-wip.com\/wp-content\/uploads\/2021\/02\/8.-AERO-HARNESS-2.0.jpg\" data-elementor-open-lightbox=\"yes\" data-elementor-lightbox-slideshow=\"400abb9\" data-e-action-hash=\"#elementor-action%3Aaction%3Dlightbox%26settings%3DeyJpZCI6ODQ0OSwidXJsIjoiaHR0cHM6XC9cL3d3dy5mb3J3YXJkLXdpcC5jb21cL3dwLWNvbnRlbnRcL3VwbG9hZHNcLzIwMjFcLzAyXC84Li1BRVJPLUhBUk5FU1MtMi4wLmpwZyIsInNsaWRlc2hvdyI6IjQwMGFiYjkifQ%3D%3D\">\n\t\t\t\t\t<div class=\"e-gallery-image elementor-gallery-item__image\" data-thumbnail=\"https:\/\/www.forward-wip.com\/wp-content\/uploads\/2021\/02\/8.-AERO-HARNESS-2.0.jpg\" data-width=\"1422\" data-height=\"1473\" aria-label=\"\" role=\"img\" ><\/div>\n\t\t\t\t\t\t\t\t\t\t\t<div class=\"elementor-gallery-item__overlay\"><\/div>\n\t\t\t\t\t\t\t\t\t\t\t\t\t\t<\/a>\n\t\t\t\t\t<\/div>\n\t\t\t\t\t<\/div>\n\t\t\t\t<\/div>\n\t\t\t\t\t<\/div>\n\t\t<\/div>\n\t\t\t\t\t<\/div>\n\t\t<\/section>\n\t\t\t\t<section class=\"elementor-section elementor-top-section elementor-element elementor-element-73113043 elementor-section-boxed elementor-section-height-default elementor-section-height-default\" data-id=\"73113043\" data-element_type=\"section\">\n\t\t\t\t\t\t<div class=\"elementor-container elementor-column-gap-default\">\n\t\t\t\t\t<div class=\"elementor-column elementor-col-100 elementor-top-column elementor-element elementor-element-2900ab3d\" data-id=\"2900ab3d\" data-element_type=\"column\">\n\t\t\t<div class=\"elementor-widget-wrap elementor-element-populated\">\n\t\t\t\t\t\t<div class=\"elementor-element elementor-element-4c522318 elementor-widget elementor-widget-text-editor\" data-id=\"4c522318\" data-element_type=\"widget\" data-widget_type=\"text-editor.default\">\n\t\t\t\t<div class=\"elementor-widget-container\">\n\t\t\t\t\t\t\t\t\t<p>Nouvelle barre d\u00e9velopp\u00e9e en collaboration avec ION<br \/>&gt;round stainless loop allows to connect any compact chicken loops super close to the body.<\/p><p>Quick tight in lateral safe buckleAero Flow Vortex technology<br \/>&gt;chevrons 3D strat\u00e9giquement dispos\u00e9s qui affectent le flux d'air de mani\u00e8re positive autour du corps et r\u00e9duit la train\u00e9e<\/p><p>Innovant avec recouvrement du syst\u00e8me de dispersion de la charge en 8 points<br \/>&gt;pour un a\u00e9rodynamisme parfait<\/p><p>Mat\u00e9riaux l\u00e9gers et shorts ultra-confortables<br \/>&gt;con\u00e7u pour vous permettre de rester agile<\/p><p>Ajustabilit\u00e9 totale<br \/>&gt;pour obtenir un ajustement parfait<\/p><p>Compact et profil bas<br \/>&gt;pour que rien ne vous g\u00eane lors des man\u0153uvres<\/p><p>Petit poche sur la boucle Windsurf<br \/>&gt;pour le safety cutter<\/p><p><span style=\"color: #000000;\"><img decoding=\"async\" class=\"alignnone wp-image-1865\" src=\"https:\/\/www.forward-wip.com\/wp-content\/uploads\/2021\/02\/WIPtech-FlowVortex-300x80.png\" alt=\"\" width=\"180\" height=\"48\" srcset=\"https:\/\/www.forward-wip.com\/wp-content\/uploads\/2021\/02\/WIPtech-FlowVortex-300x80.png 300w, https:\/\/www.forward-wip.com\/wp-content\/uploads\/2021\/02\/WIPtech-FlowVortex-1024x273.png 1024w, https:\/\/www.forward-wip.com\/wp-content\/uploads\/2021\/02\/WIPtech-FlowVortex-768x205.png 768w, https:\/\/www.forward-wip.com\/wp-content\/uploads\/2021\/02\/WIPtech-FlowVortex-16x4.png 16w, https:\/\/www.forward-wip.com\/wp-content\/uploads\/2021\/02\/WIPtech-FlowVortex-600x160.png 600w, https:\/\/www.forward-wip.com\/wp-content\/uploads\/2021\/02\/WIPtech-FlowVortex.png 1251w\" sizes=\"(max-width: 180px) 100vw, 180px\" \/><\/span><\/p>\t\t\t\t\t\t\t\t<\/div>\n\t\t\t\t<\/div>\n\t\t\t\t\t<\/div>\n\t\t<\/div>\n\t\t\t\t\t<\/div>\n\t\t<\/section>\n\t\t\t\t<\/div>","protected":false},"excerpt":{"rendered":"<p>New Bar developed with collaboration with ION &gt;round stainless loop allows to connect any compact chicken loops super close to the body. Quick tight in lateral safe buckleAero Flow Vortex technology &gt;strategically placed 3D chevrons that positively affect airflow around the body and reduce drag Innovative 8-point load dispersion system overlays &gt;for perfect aerodynamics Lightweight [&hellip;]<\/p>","protected":false},"featured_media":8966,"template":"","meta":[],"product_brand":[],"product_cat":[26,263,251,264,265,262],"product_tag":[],"class_list":{"0":"post-8965","1":"product","2":"type-product","3":"status-publish","4":"has-post-thumbnail","6":"product_cat-harnesses","7":"product_cat-activities","8":"product_cat-kite","9":"product_cat-products","10":"product_cat-technologies","11":"product_cat-flow-vortex","13":"first","14":"instock","15":"shipping-taxable","16":"purchasable","17":"product-type-simple"},"_links":{"self":[{"href":"https:\/\/www.forward-wip.com\/fr\/wp-json\/wp\/v2\/product\/8965","targetHints":{"allow":["GET"]}}],"collection":[{"href":"https:\/\/www.forward-wip.com\/fr\/wp-json\/wp\/v2\/product"}],"about":[{"href":"https:\/\/www.forward-wip.com\/fr\/wp-json\/wp\/v2\/types\/product"}],"version-history":[{"count":0,"href":"https:\/\/www.forward-wip.com\/fr\/wp-json\/wp\/v2\/product\/8965\/revisions"}],"wp:featuredmedia":[{"embeddable":true,"href":"https:\/\/www.forward-wip.com\/fr\/wp-json\/wp\/v2\/media\/8966"}],"wp:attachment":[{"href":"https:\/\/www.forward-wip.com\/fr\/wp-json\/wp\/v2\/media?parent=8965"}],"wp:term":[{"taxonomy":"product_brand","embeddable":true,"href":"https:\/\/www.forward-wip.com\/fr\/wp-json\/wp\/v2\/product_brand?post=8965"},{"taxonomy":"product_cat","embeddable":true,"href":"https:\/\/www.forward-wip.com\/fr\/wp-json\/wp\/v2\/product_cat?post=8965"},{"taxonomy":"product_tag","embeddable":true,"href":"https:\/\/www.forward-wip.com\/fr\/wp-json\/wp\/v2\/product_tag?post=8965"}],"curies":[{"name":"wp","href":"https:\/\/api.w.org\/{rel}","templated":true}]}}