{"id":8638,"date":"2023-04-25T09:04:51","date_gmt":"2023-04-25T07:04:51","guid":{"rendered":"https:\/\/www.forward-wip.com\/?post_type=product&#038;p=8638"},"modified":"2026-03-10T18:17:40","modified_gmt":"2026-03-10T17:17:40","slug":"coastal-racing-salopette","status":"publish","type":"product","link":"https:\/\/www.forward-wip.com\/fr\/produit\/coastal-racing-salopette\/","title":{"rendered":"SALOPETTE COASTAL RACING"},"content":{"rendered":"<div data-elementor-type=\"product-post\" data-elementor-id=\"8638\" class=\"elementor elementor-8638\" data-elementor-post-type=\"product\">\n\t\t\t\t\t\t<section class=\"elementor-section elementor-top-section elementor-element elementor-element-7f28d393 elementor-section-boxed elementor-section-height-default elementor-section-height-default\" data-id=\"7f28d393\" data-element_type=\"section\">\n\t\t\t\t\t\t<div class=\"elementor-container elementor-column-gap-default\">\n\t\t\t\t\t<div class=\"elementor-column elementor-col-100 elementor-top-column elementor-element elementor-element-5d66bfd0\" data-id=\"5d66bfd0\" data-element_type=\"column\">\n\t\t\t<div class=\"elementor-widget-wrap elementor-element-populated\">\n\t\t\t\t\t\t<div class=\"elementor-element elementor-element-4c4ff1a7 elementor-widget elementor-widget-text-editor\" data-id=\"4c4ff1a7\" data-element_type=\"widget\" data-widget_type=\"text-editor.default\">\n\t\t\t\t<div class=\"elementor-widget-container\">\n\t\t\t\t\t\t\t\t\t<p><strong>Confort et performance pouss\u00e9 \u00e0 son extr\u00eame<\/strong><\/p><div class=\"ewa-rteLine\">\u2022 Specially developed for Off Shore sailing and Extreme conditions<\/div><div class=\"ewa-rteLine\">\u2022 Premium waterproof materials for total protection from wind and rain : rating of 15,000 mm stands up to the storm<\/div><div class=\"ewa-rteLine\">\u2022 Breathe easy : 10,000 g\/m\u00b2\/24h breathability keeps you comfortable all day<\/div><div class=\"ewa-rteLine\">\u2022 Main fabric : 100% Polyamide Mesh: 84% Polyamide \/ 16% Elastane Gaiters : 65% Polyester \/ 35% PU<\/div><div class=\"ewa-rteLine\">\u2022 Tailored fit : Adjustable shoulder and waist straps adapt to every body shape<\/div><div class=\"ewa-rteLine\">\u2022 Reinforced polyamide knees and seat for long-lasting durability<\/div><div class=\"ewa-rteLine\">\u2022 Fully taped seams and zipper keep water out, no matter the conditions<\/div><div class=\"ewa-rteLine\">\u2022 Boot-ready: Polyflex leg openings with Velcro create a watertight gaiter fit<\/div><div class=\"ewa-rteLine\">\u2022 Smart Waterproof pockets<\/div><div class=\"ewa-rteLine\">\u2022 Smart and easy access Zipped water-protected fly<\/div><div class=\"ewa-rteLine\">\u00a0<\/div><div class=\"ewa-rteLine\"><em><strong>Developed with the recent winners of the Mini-Transat, Mathis BOURGNON &amp; Beno\u00eet MARIE.<\/strong><\/em><\/div>\t\t\t\t\t\t\t\t<\/div>\n\t\t\t\t<\/div>\n\t\t\t\t\t<\/div>\n\t\t<\/div>\n\t\t\t\t\t<\/div>\n\t\t<\/section>\n\t\t\t\t<section class=\"elementor-section elementor-top-section elementor-element elementor-element-db8ddd8 elementor-section-boxed elementor-section-height-default elementor-section-height-default\" data-id=\"db8ddd8\" data-element_type=\"section\">\n\t\t\t\t\t\t<div class=\"elementor-container elementor-column-gap-default\">\n\t\t\t\t\t<div class=\"elementor-column elementor-col-100 elementor-top-column elementor-element elementor-element-1f1b627\" data-id=\"1f1b627\" data-element_type=\"column\">\n\t\t\t<div class=\"elementor-widget-wrap elementor-element-populated\">\n\t\t\t\t\t\t<div class=\"elementor-element elementor-element-aa6be38 elementor-widget elementor-widget-gallery\" data-id=\"aa6be38\" data-element_type=\"widget\" data-settings=\"{&quot;columns&quot;:3,&quot;aspect_ratio&quot;:&quot;1:1&quot;,&quot;lazyload&quot;:&quot;yes&quot;,&quot;gallery_layout&quot;:&quot;grid&quot;,&quot;columns_tablet&quot;:2,&quot;columns_mobile&quot;:1,&quot;gap&quot;:{&quot;unit&quot;:&quot;px&quot;,&quot;size&quot;:10,&quot;sizes&quot;:[]},&quot;gap_tablet&quot;:{&quot;unit&quot;:&quot;px&quot;,&quot;size&quot;:10,&quot;sizes&quot;:[]},&quot;gap_mobile&quot;:{&quot;unit&quot;:&quot;px&quot;,&quot;size&quot;:10,&quot;sizes&quot;:[]},&quot;link_to&quot;:&quot;file&quot;,&quot;overlay_background&quot;:&quot;yes&quot;,&quot;content_hover_animation&quot;:&quot;fade-in&quot;}\" data-widget_type=\"gallery.default\">\n\t\t\t\t<div class=\"elementor-widget-container\">\n\t\t\t\t\t\t\t<div class=\"elementor-gallery__container\">\n\t\t\t\t\t\t\t<a class=\"e-gallery-item elementor-gallery-item elementor-animated-content\" href=\"https:\/\/www.forward-wip.com\/wp-content\/uploads\/2023\/04\/7.-SALOPETTE.png\" data-elementor-open-lightbox=\"yes\" data-elementor-lightbox-slideshow=\"aa6be38\" data-e-action-hash=\"#elementor-action%3Aaction%3Dlightbox%26settings%3DeyJpZCI6ODY0NSwidXJsIjoiaHR0cHM6XC9cL3d3dy5mb3J3YXJkLXdpcC5jb21cL3dwLWNvbnRlbnRcL3VwbG9hZHNcLzIwMjNcLzA0XC83Li1TQUxPUEVUVEUucG5nIiwic2xpZGVzaG93IjoiYWE2YmUzOCJ9\">\n\t\t\t\t\t<div class=\"e-gallery-image elementor-gallery-item__image\" data-thumbnail=\"https:\/\/www.forward-wip.com\/wp-content\/uploads\/2023\/04\/7.-SALOPETTE.png\" data-width=\"2468\" data-height=\"2469\" aria-label=\"\" role=\"img\" ><\/div>\n\t\t\t\t\t\t\t\t\t\t\t<div class=\"elementor-gallery-item__overlay\"><\/div>\n\t\t\t\t\t\t\t\t\t\t\t\t\t\t<\/a>\n\t\t\t\t\t\t\t<a class=\"e-gallery-item elementor-gallery-item elementor-animated-content\" href=\"https:\/\/www.forward-wip.com\/wp-content\/uploads\/2023\/04\/8.-SALOPETTE.png\" data-elementor-open-lightbox=\"yes\" data-elementor-lightbox-slideshow=\"aa6be38\" data-e-action-hash=\"#elementor-action%3Aaction%3Dlightbox%26settings%3DeyJpZCI6ODY0NiwidXJsIjoiaHR0cHM6XC9cL3d3dy5mb3J3YXJkLXdpcC5jb21cL3dwLWNvbnRlbnRcL3VwbG9hZHNcLzIwMjNcLzA0XC84Li1TQUxPUEVUVEUucG5nIiwic2xpZGVzaG93IjoiYWE2YmUzOCJ9\">\n\t\t\t\t\t<div class=\"e-gallery-image elementor-gallery-item__image\" data-thumbnail=\"https:\/\/www.forward-wip.com\/wp-content\/uploads\/2023\/04\/8.-SALOPETTE.png\" data-width=\"2468\" data-height=\"2469\" aria-label=\"\" role=\"img\" ><\/div>\n\t\t\t\t\t\t\t\t\t\t\t<div class=\"elementor-gallery-item__overlay\"><\/div>\n\t\t\t\t\t\t\t\t\t\t\t\t\t\t<\/a>\n\t\t\t\t\t\t\t<a class=\"e-gallery-item elementor-gallery-item elementor-animated-content\" href=\"https:\/\/www.forward-wip.com\/wp-content\/uploads\/2023\/04\/10.-SALOPETTE.png\" data-elementor-open-lightbox=\"yes\" data-elementor-lightbox-slideshow=\"aa6be38\" data-e-action-hash=\"#elementor-action%3Aaction%3Dlightbox%26settings%3DeyJpZCI6ODY0OCwidXJsIjoiaHR0cHM6XC9cL3d3dy5mb3J3YXJkLXdpcC5jb21cL3dwLWNvbnRlbnRcL3VwbG9hZHNcLzIwMjNcLzA0XC8xMC4tU0FMT1BFVFRFLnBuZyIsInNsaWRlc2hvdyI6ImFhNmJlMzgifQ%3D%3D\">\n\t\t\t\t\t<div class=\"e-gallery-image elementor-gallery-item__image\" data-thumbnail=\"https:\/\/www.forward-wip.com\/wp-content\/uploads\/2023\/04\/10.-SALOPETTE.png\" data-width=\"2468\" data-height=\"2469\" aria-label=\"\" role=\"img\" ><\/div>\n\t\t\t\t\t\t\t\t\t\t\t<div class=\"elementor-gallery-item__overlay\"><\/div>\n\t\t\t\t\t\t\t\t\t\t\t\t\t\t<\/a>\n\t\t\t\t\t\t\t<a class=\"e-gallery-item elementor-gallery-item elementor-animated-content\" href=\"https:\/\/www.forward-wip.com\/wp-content\/uploads\/2023\/04\/4.-SALOPETTE.png\" data-elementor-open-lightbox=\"yes\" data-elementor-lightbox-slideshow=\"aa6be38\" data-e-action-hash=\"#elementor-action%3Aaction%3Dlightbox%26settings%3DeyJpZCI6ODY0MiwidXJsIjoiaHR0cHM6XC9cL3d3dy5mb3J3YXJkLXdpcC5jb21cL3dwLWNvbnRlbnRcL3VwbG9hZHNcLzIwMjNcLzA0XC80Li1TQUxPUEVUVEUucG5nIiwic2xpZGVzaG93IjoiYWE2YmUzOCJ9\">\n\t\t\t\t\t<div class=\"e-gallery-image elementor-gallery-item__image\" data-thumbnail=\"https:\/\/www.forward-wip.com\/wp-content\/uploads\/2023\/04\/4.-SALOPETTE.png\" data-width=\"2468\" data-height=\"2472\" aria-label=\"\" role=\"img\" ><\/div>\n\t\t\t\t\t\t\t\t\t\t\t<div class=\"elementor-gallery-item__overlay\"><\/div>\n\t\t\t\t\t\t\t\t\t\t\t\t\t\t<\/a>\n\t\t\t\t\t\t\t<a class=\"e-gallery-item elementor-gallery-item elementor-animated-content\" href=\"https:\/\/www.forward-wip.com\/wp-content\/uploads\/2023\/04\/6.-SALOPETTE.png\" data-elementor-open-lightbox=\"yes\" data-elementor-lightbox-slideshow=\"aa6be38\" data-e-action-hash=\"#elementor-action%3Aaction%3Dlightbox%26settings%3DeyJpZCI6ODY0NCwidXJsIjoiaHR0cHM6XC9cL3d3dy5mb3J3YXJkLXdpcC5jb21cL3dwLWNvbnRlbnRcL3VwbG9hZHNcLzIwMjNcLzA0XC82Li1TQUxPUEVUVEUucG5nIiwic2xpZGVzaG93IjoiYWE2YmUzOCJ9\">\n\t\t\t\t\t<div class=\"e-gallery-image elementor-gallery-item__image\" data-thumbnail=\"https:\/\/www.forward-wip.com\/wp-content\/uploads\/2023\/04\/6.-SALOPETTE.png\" data-width=\"2468\" data-height=\"2469\" aria-label=\"\" role=\"img\" ><\/div>\n\t\t\t\t\t\t\t\t\t\t\t<div class=\"elementor-gallery-item__overlay\"><\/div>\n\t\t\t\t\t\t\t\t\t\t\t\t\t\t<\/a>\n\t\t\t\t\t\t\t<a class=\"e-gallery-item elementor-gallery-item elementor-animated-content\" href=\"https:\/\/www.forward-wip.com\/wp-content\/uploads\/2023\/04\/9.-SALOPETTE.png\" data-elementor-open-lightbox=\"yes\" data-elementor-lightbox-slideshow=\"aa6be38\" data-e-action-hash=\"#elementor-action%3Aaction%3Dlightbox%26settings%3DeyJpZCI6ODY0NywidXJsIjoiaHR0cHM6XC9cL3d3dy5mb3J3YXJkLXdpcC5jb21cL3dwLWNvbnRlbnRcL3VwbG9hZHNcLzIwMjNcLzA0XC85Li1TQUxPUEVUVEUucG5nIiwic2xpZGVzaG93IjoiYWE2YmUzOCJ9\">\n\t\t\t\t\t<div class=\"e-gallery-image elementor-gallery-item__image\" data-thumbnail=\"https:\/\/www.forward-wip.com\/wp-content\/uploads\/2023\/04\/9.-SALOPETTE.png\" data-width=\"2468\" data-height=\"2472\" aria-label=\"\" role=\"img\" ><\/div>\n\t\t\t\t\t\t\t\t\t\t\t<div class=\"elementor-gallery-item__overlay\"><\/div>\n\t\t\t\t\t\t\t\t\t\t\t\t\t\t<\/a>\n\t\t\t\t\t<\/div>\n\t\t\t\t\t<\/div>\n\t\t\t\t<\/div>\n\t\t\t\t\t<\/div>\n\t\t<\/div>\n\t\t\t\t\t<\/div>\n\t\t<\/section>\n\t\t\t\t<\/div>","protected":false},"excerpt":{"rendered":"<p>High quality performance and comfort regatta salopette \u2022 Specially developed for Off Shore sailing and Extreme conditions\u2022 Premium waterproof materials for total protection from wind and rain : rating of 15,000 mm stands up to the storm\u2022 Breathe easy : 10,000 g\/m\u00b2\/24h breathability keeps you comfortable all day\u2022 Main fabric : 100% Polyamide Mesh: 84% [&hellip;]<\/p>","protected":false},"featured_media":8639,"template":"","meta":[],"product_brand":[],"product_cat":[37,288,290,218,264,28,265,247,246],"product_tag":[],"class_list":{"0":"post-8638","1":"product","2":"type-product","3":"status-publish","4":"has-post-thumbnail","6":"product_cat-tech-pants","7":"product_cat-off-shore","8":"product_cat-rescue","9":"product_cat-coastal-racing","10":"product_cat-products","11":"product_cat-first-skin","12":"product_cat-technologies","13":"product_cat-polyflexshield","14":"product_cat-wipee","16":"first","17":"instock","18":"shipping-taxable","19":"purchasable","20":"product-type-simple"},"_links":{"self":[{"href":"https:\/\/www.forward-wip.com\/fr\/wp-json\/wp\/v2\/product\/8638","targetHints":{"allow":["GET"]}}],"collection":[{"href":"https:\/\/www.forward-wip.com\/fr\/wp-json\/wp\/v2\/product"}],"about":[{"href":"https:\/\/www.forward-wip.com\/fr\/wp-json\/wp\/v2\/types\/product"}],"version-history":[{"count":0,"href":"https:\/\/www.forward-wip.com\/fr\/wp-json\/wp\/v2\/product\/8638\/revisions"}],"wp:featuredmedia":[{"embeddable":true,"href":"https:\/\/www.forward-wip.com\/fr\/wp-json\/wp\/v2\/media\/8639"}],"wp:attachment":[{"href":"https:\/\/www.forward-wip.com\/fr\/wp-json\/wp\/v2\/media?parent=8638"}],"wp:term":[{"taxonomy":"product_brand","embeddable":true,"href":"https:\/\/www.forward-wip.com\/fr\/wp-json\/wp\/v2\/product_brand?post=8638"},{"taxonomy":"product_cat","embeddable":true,"href":"https:\/\/www.forward-wip.com\/fr\/wp-json\/wp\/v2\/product_cat?post=8638"},{"taxonomy":"product_tag","embeddable":true,"href":"https:\/\/www.forward-wip.com\/fr\/wp-json\/wp\/v2\/product_tag?post=8638"}],"curies":[{"name":"wp","href":"https:\/\/api.w.org\/{rel}","templated":true}]}}