{"id":8600,"date":"2023-03-15T15:40:21","date_gmt":"2023-03-15T14:40:21","guid":{"rendered":"https:\/\/www.forward-wip.com\/?post_type=product&#038;p=8600"},"modified":"2025-01-21T11:44:56","modified_gmt":"2025-01-21T10:44:56","slug":"aero-uphaul","status":"publish","type":"product","link":"https:\/\/www.forward-wip.com\/fr\/produit\/aero-uphaul\/","title":{"rendered":"AERO UPHAUL"},"content":{"rendered":"<p>Uphaul de 10mm de large avec un r\u00e9glage innovant de la tension qui permet de s'assurer que c'est bien tendu le long du m\u00e2t au vent, avec une interf\u00e9rence limit\u00e9e du flux du vent de la voile.<\/p>","protected":false},"excerpt":{"rendered":"<p>Uphaul de 10mm de large avec un r\u00e9glage innovant de la tension qui permet de s'assurer que c'est bien tendu le long du m\u00e2t au vent, avec une interf\u00e9rence limit\u00e9e du flux du vent de la voile.<\/p>","protected":false},"featured_media":8601,"template":"","meta":[],"product_brand":[],"product_cat":[216,263,252,264,28],"product_tag":[],"class_list":{"0":"post-8600","1":"product","2":"type-product","3":"status-publish","4":"has-post-thumbnail","6":"product_cat-rider-4-rider","7":"product_cat-activities","8":"product_cat-wind","9":"product_cat-products","10":"product_cat-first-skin","12":"first","13":"instock","14":"shipping-taxable","15":"purchasable","16":"product-type-simple"},"_links":{"self":[{"href":"https:\/\/www.forward-wip.com\/fr\/wp-json\/wp\/v2\/product\/8600","targetHints":{"allow":["GET"]}}],"collection":[{"href":"https:\/\/www.forward-wip.com\/fr\/wp-json\/wp\/v2\/product"}],"about":[{"href":"https:\/\/www.forward-wip.com\/fr\/wp-json\/wp\/v2\/types\/product"}],"version-history":[{"count":0,"href":"https:\/\/www.forward-wip.com\/fr\/wp-json\/wp\/v2\/product\/8600\/revisions"}],"wp:featuredmedia":[{"embeddable":true,"href":"https:\/\/www.forward-wip.com\/fr\/wp-json\/wp\/v2\/media\/8601"}],"wp:attachment":[{"href":"https:\/\/www.forward-wip.com\/fr\/wp-json\/wp\/v2\/media?parent=8600"}],"wp:term":[{"taxonomy":"product_brand","embeddable":true,"href":"https:\/\/www.forward-wip.com\/fr\/wp-json\/wp\/v2\/product_brand?post=8600"},{"taxonomy":"product_cat","embeddable":true,"href":"https:\/\/www.forward-wip.com\/fr\/wp-json\/wp\/v2\/product_cat?post=8600"},{"taxonomy":"product_tag","embeddable":true,"href":"https:\/\/www.forward-wip.com\/fr\/wp-json\/wp\/v2\/product_tag?post=8600"}],"curies":[{"name":"wp","href":"https:\/\/api.w.org\/{rel}","templated":true}]}}