{"id":8594,"date":"2023-03-15T15:28:44","date_gmt":"2023-03-15T14:28:44","guid":{"rendered":"https:\/\/www.forward-wip.com\/?post_type=product&#038;p=8594"},"modified":"2025-11-07T12:06:57","modified_gmt":"2025-11-07T11:06:57","slug":"universal-foil-mast-cover","status":"publish","type":"product","link":"https:\/\/www.forward-wip.com\/fr\/produit\/universal-foil-mast-cover\/","title":{"rendered":"UNIVERSAL FOIL MAST COVER"},"content":{"rendered":"<p>Housse de protection du m\u00e2t de foil sans fermeture \u00e9clair, rembourr\u00e9e avec une protection super douce de 5 mm.<br \/>\nFermeture et connexion \u00e0 la housse par velcro.<br \/>\n95cm x 22cm sur le dessus.<\/p>","protected":false},"excerpt":{"rendered":"<p>Zipless unversal mast foil cover padded with 5mm super soft protection. Velcro closure and connection to the Cover. 95cm x 22cm on top.<\/p>","protected":false},"featured_media":8595,"template":"","meta":[],"product_brand":[],"product_cat":[216,263,254,253,251,252,264],"product_tag":[],"class_list":{"0":"post-8594","1":"product","2":"type-product","3":"status-publish","4":"has-post-thumbnail","6":"product_cat-rider-4-rider","7":"product_cat-activities","8":"product_cat-downwind","9":"product_cat-wing","10":"product_cat-kite","11":"product_cat-wind","12":"product_cat-products","14":"first","15":"instock","16":"shipping-taxable","17":"purchasable","18":"product-type-simple"},"_links":{"self":[{"href":"https:\/\/www.forward-wip.com\/fr\/wp-json\/wp\/v2\/product\/8594","targetHints":{"allow":["GET"]}}],"collection":[{"href":"https:\/\/www.forward-wip.com\/fr\/wp-json\/wp\/v2\/product"}],"about":[{"href":"https:\/\/www.forward-wip.com\/fr\/wp-json\/wp\/v2\/types\/product"}],"version-history":[{"count":0,"href":"https:\/\/www.forward-wip.com\/fr\/wp-json\/wp\/v2\/product\/8594\/revisions"}],"wp:featuredmedia":[{"embeddable":true,"href":"https:\/\/www.forward-wip.com\/fr\/wp-json\/wp\/v2\/media\/8595"}],"wp:attachment":[{"href":"https:\/\/www.forward-wip.com\/fr\/wp-json\/wp\/v2\/media?parent=8594"}],"wp:term":[{"taxonomy":"product_brand","embeddable":true,"href":"https:\/\/www.forward-wip.com\/fr\/wp-json\/wp\/v2\/product_brand?post=8594"},{"taxonomy":"product_cat","embeddable":true,"href":"https:\/\/www.forward-wip.com\/fr\/wp-json\/wp\/v2\/product_cat?post=8594"},{"taxonomy":"product_tag","embeddable":true,"href":"https:\/\/www.forward-wip.com\/fr\/wp-json\/wp\/v2\/product_tag?post=8594"}],"curies":[{"name":"wp","href":"https:\/\/api.w.org\/{rel}","templated":true}]}}