{"id":7847,"date":"2021-02-09T17:28:47","date_gmt":"2021-02-09T16:28:47","guid":{"rendered":"https:\/\/www.forward-wip.com\/?post_type=product&#038;p=7847"},"modified":"2025-02-27T11:23:45","modified_gmt":"2025-02-27T10:23:45","slug":"wip-pro-gloves","status":"publish","type":"product","link":"https:\/\/www.forward-wip.com\/fr\/produit\/wip-pro-gloves\/","title":{"rendered":"WIP PRO GLOVES"},"content":{"rendered":"<div data-elementor-type=\"product-post\" data-elementor-id=\"7847\" class=\"elementor elementor-7847\" data-elementor-post-type=\"product\">\n\t\t\t\t\t\t<section class=\"elementor-section elementor-top-section elementor-element elementor-element-885bbfc elementor-section-boxed elementor-section-height-default elementor-section-height-default\" data-id=\"885bbfc\" data-element_type=\"section\">\n\t\t\t\t\t\t<div class=\"elementor-container elementor-column-gap-default\">\n\t\t\t\t\t<div class=\"elementor-column elementor-col-100 elementor-top-column elementor-element elementor-element-a11ae69\" data-id=\"a11ae69\" data-element_type=\"column\">\n\t\t\t<div class=\"elementor-widget-wrap elementor-element-populated\">\n\t\t\t\t\t\t<div class=\"elementor-element elementor-element-f11b24c elementor-widget elementor-widget-gallery\" data-id=\"f11b24c\" data-element_type=\"widget\" data-settings=\"{&quot;columns&quot;:3,&quot;aspect_ratio&quot;:&quot;1:1&quot;,&quot;lazyload&quot;:&quot;yes&quot;,&quot;gallery_layout&quot;:&quot;grid&quot;,&quot;columns_tablet&quot;:2,&quot;columns_mobile&quot;:1,&quot;gap&quot;:{&quot;unit&quot;:&quot;px&quot;,&quot;size&quot;:10,&quot;sizes&quot;:[]},&quot;gap_tablet&quot;:{&quot;unit&quot;:&quot;px&quot;,&quot;size&quot;:10,&quot;sizes&quot;:[]},&quot;gap_mobile&quot;:{&quot;unit&quot;:&quot;px&quot;,&quot;size&quot;:10,&quot;sizes&quot;:[]},&quot;link_to&quot;:&quot;file&quot;,&quot;overlay_background&quot;:&quot;yes&quot;,&quot;content_hover_animation&quot;:&quot;fade-in&quot;}\" data-widget_type=\"gallery.default\">\n\t\t\t\t<div class=\"elementor-widget-container\">\n\t\t\t\t\t\t\t<div class=\"elementor-gallery__container\">\n\t\t\t\t\t\t\t<a class=\"e-gallery-item elementor-gallery-item elementor-animated-content\" href=\"https:\/\/www.forward-wip.com\/wp-content\/uploads\/2022\/06\/2.-WIP-PRO-GLOVES.jpg\" data-elementor-open-lightbox=\"yes\" data-elementor-lightbox-slideshow=\"f11b24c\" data-e-action-hash=\"#elementor-action%3Aaction%3Dlightbox%26settings%3DeyJpZCI6Nzg0OSwidXJsIjoiaHR0cHM6XC9cL3d3dy5mb3J3YXJkLXdpcC5jb21cL3dwLWNvbnRlbnRcL3VwbG9hZHNcLzIwMjJcLzA2XC8yLi1XSVAtUFJPLUdMT1ZFUy5qcGciLCJzbGlkZXNob3ciOiJmMTFiMjRjIn0%3D\">\n\t\t\t\t\t<div class=\"e-gallery-image elementor-gallery-item__image\" data-thumbnail=\"https:\/\/www.forward-wip.com\/wp-content\/uploads\/2022\/06\/2.-WIP-PRO-GLOVES.jpg\" data-width=\"1080\" data-height=\"1080\" aria-label=\"\" role=\"img\" ><\/div>\n\t\t\t\t\t\t\t\t\t\t\t<div class=\"elementor-gallery-item__overlay\"><\/div>\n\t\t\t\t\t\t\t\t\t\t\t\t\t\t<\/a>\n\t\t\t\t\t\t\t<a class=\"e-gallery-item elementor-gallery-item elementor-animated-content\" href=\"https:\/\/www.forward-wip.com\/wp-content\/uploads\/2022\/06\/3.-WIP-PRO-GLOVES.jpg\" data-elementor-open-lightbox=\"yes\" data-elementor-lightbox-slideshow=\"f11b24c\" data-e-action-hash=\"#elementor-action%3Aaction%3Dlightbox%26settings%3DeyJpZCI6Nzg1MCwidXJsIjoiaHR0cHM6XC9cL3d3dy5mb3J3YXJkLXdpcC5jb21cL3dwLWNvbnRlbnRcL3VwbG9hZHNcLzIwMjJcLzA2XC8zLi1XSVAtUFJPLUdMT1ZFUy5qcGciLCJzbGlkZXNob3ciOiJmMTFiMjRjIn0%3D\">\n\t\t\t\t\t<div class=\"e-gallery-image elementor-gallery-item__image\" data-thumbnail=\"https:\/\/www.forward-wip.com\/wp-content\/uploads\/2022\/06\/3.-WIP-PRO-GLOVES.jpg\" data-width=\"1080\" data-height=\"1080\" aria-label=\"\" role=\"img\" ><\/div>\n\t\t\t\t\t\t\t\t\t\t\t<div class=\"elementor-gallery-item__overlay\"><\/div>\n\t\t\t\t\t\t\t\t\t\t\t\t\t\t<\/a>\n\t\t\t\t\t\t\t<a class=\"e-gallery-item elementor-gallery-item elementor-animated-content\" href=\"https:\/\/www.forward-wip.com\/wp-content\/uploads\/2022\/06\/4.-WIP-PRO-GLOVES.jpg\" data-elementor-open-lightbox=\"yes\" data-elementor-lightbox-slideshow=\"f11b24c\" data-e-action-hash=\"#elementor-action%3Aaction%3Dlightbox%26settings%3DeyJpZCI6Nzg1MSwidXJsIjoiaHR0cHM6XC9cL3d3dy5mb3J3YXJkLXdpcC5jb21cL3dwLWNvbnRlbnRcL3VwbG9hZHNcLzIwMjJcLzA2XC80Li1XSVAtUFJPLUdMT1ZFUy5qcGciLCJzbGlkZXNob3ciOiJmMTFiMjRjIn0%3D\">\n\t\t\t\t\t<div class=\"e-gallery-image elementor-gallery-item__image\" data-thumbnail=\"https:\/\/www.forward-wip.com\/wp-content\/uploads\/2022\/06\/4.-WIP-PRO-GLOVES.jpg\" data-width=\"1080\" data-height=\"1080\" aria-label=\"\" role=\"img\" ><\/div>\n\t\t\t\t\t\t\t\t\t\t\t<div class=\"elementor-gallery-item__overlay\"><\/div>\n\t\t\t\t\t\t\t\t\t\t\t\t\t\t<\/a>\n\t\t\t\t\t\t\t<a class=\"e-gallery-item elementor-gallery-item elementor-animated-content\" href=\"https:\/\/www.forward-wip.com\/wp-content\/uploads\/2022\/06\/5.-WIP-PRO-GLOVES.jpg\" data-elementor-open-lightbox=\"yes\" data-elementor-lightbox-slideshow=\"f11b24c\" data-e-action-hash=\"#elementor-action%3Aaction%3Dlightbox%26settings%3DeyJpZCI6Nzg1MiwidXJsIjoiaHR0cHM6XC9cL3d3dy5mb3J3YXJkLXdpcC5jb21cL3dwLWNvbnRlbnRcL3VwbG9hZHNcLzIwMjJcLzA2XC81Li1XSVAtUFJPLUdMT1ZFUy5qcGciLCJzbGlkZXNob3ciOiJmMTFiMjRjIn0%3D\">\n\t\t\t\t\t<div class=\"e-gallery-image elementor-gallery-item__image\" data-thumbnail=\"https:\/\/www.forward-wip.com\/wp-content\/uploads\/2022\/06\/5.-WIP-PRO-GLOVES.jpg\" data-width=\"1080\" data-height=\"1080\" aria-label=\"\" role=\"img\" ><\/div>\n\t\t\t\t\t\t\t\t\t\t\t<div class=\"elementor-gallery-item__overlay\"><\/div>\n\t\t\t\t\t\t\t\t\t\t\t\t\t\t<\/a>\n\t\t\t\t\t\t\t<a class=\"e-gallery-item elementor-gallery-item elementor-animated-content\" href=\"https:\/\/www.forward-wip.com\/wp-content\/uploads\/2022\/06\/6.-WIP-PRO-GLOVES.jpg\" data-elementor-open-lightbox=\"yes\" data-elementor-lightbox-slideshow=\"f11b24c\" data-e-action-hash=\"#elementor-action%3Aaction%3Dlightbox%26settings%3DeyJpZCI6Nzg1MywidXJsIjoiaHR0cHM6XC9cL3d3dy5mb3J3YXJkLXdpcC5jb21cL3dwLWNvbnRlbnRcL3VwbG9hZHNcLzIwMjJcLzA2XC82Li1XSVAtUFJPLUdMT1ZFUy5qcGciLCJzbGlkZXNob3ciOiJmMTFiMjRjIn0%3D\">\n\t\t\t\t\t<div class=\"e-gallery-image elementor-gallery-item__image\" data-thumbnail=\"https:\/\/www.forward-wip.com\/wp-content\/uploads\/2022\/06\/6.-WIP-PRO-GLOVES.jpg\" data-width=\"1080\" data-height=\"1080\" aria-label=\"\" role=\"img\" ><\/div>\n\t\t\t\t\t\t\t\t\t\t\t<div class=\"elementor-gallery-item__overlay\"><\/div>\n\t\t\t\t\t\t\t\t\t\t\t\t\t\t<\/a>\n\t\t\t\t\t\t\t<a class=\"e-gallery-item elementor-gallery-item elementor-animated-content\" href=\"https:\/\/www.forward-wip.com\/wp-content\/uploads\/2022\/06\/7.-WIP-PRO-GLOVES.jpg\" data-elementor-open-lightbox=\"yes\" data-elementor-lightbox-slideshow=\"f11b24c\" data-e-action-hash=\"#elementor-action%3Aaction%3Dlightbox%26settings%3DeyJpZCI6Nzg1NCwidXJsIjoiaHR0cHM6XC9cL3d3dy5mb3J3YXJkLXdpcC5jb21cL3dwLWNvbnRlbnRcL3VwbG9hZHNcLzIwMjJcLzA2XC83Li1XSVAtUFJPLUdMT1ZFUy5qcGciLCJzbGlkZXNob3ciOiJmMTFiMjRjIn0%3D\">\n\t\t\t\t\t<div class=\"e-gallery-image elementor-gallery-item__image\" data-thumbnail=\"https:\/\/www.forward-wip.com\/wp-content\/uploads\/2022\/06\/7.-WIP-PRO-GLOVES.jpg\" data-width=\"1080\" data-height=\"1080\" aria-label=\"\" role=\"img\" ><\/div>\n\t\t\t\t\t\t\t\t\t\t\t<div class=\"elementor-gallery-item__overlay\"><\/div>\n\t\t\t\t\t\t\t\t\t\t\t\t\t\t<\/a>\n\t\t\t\t\t<\/div>\n\t\t\t\t\t<\/div>\n\t\t\t\t<\/div>\n\t\t\t\t\t<\/div>\n\t\t<\/div>\n\t\t\t\t\t<\/div>\n\t\t<\/section>\n\t\t\t\t<section class=\"elementor-section elementor-top-section elementor-element elementor-element-101e57e elementor-section-boxed elementor-section-height-default elementor-section-height-default\" data-id=\"101e57e\" data-element_type=\"section\">\n\t\t\t\t\t\t<div class=\"elementor-container elementor-column-gap-default\">\n\t\t\t\t\t<div class=\"elementor-column elementor-col-100 elementor-top-column elementor-element elementor-element-6ca792c5\" data-id=\"6ca792c5\" data-element_type=\"column\">\n\t\t\t<div class=\"elementor-widget-wrap elementor-element-populated\">\n\t\t\t\t\t\t<div class=\"elementor-element elementor-element-36add32e elementor-widget elementor-widget-text-editor\" data-id=\"36add32e\" data-element_type=\"widget\" data-widget_type=\"text-editor.default\">\n\t\t\t\t<div class=\"elementor-widget-container\">\n\t\t\t\t\t\t\t\t\t<p><span style=\"color: #000000;\">Ces gants haut de gamme ont \u00e9t\u00e9 con\u00e7us par des professionnels pour la voile et la planche \u00e0 voile.<\/span><\/p><div><span style=\"color: #000000;\">Ils offrent \u00e0 l'utilisateur une coupe ajust\u00e9e, une protection maximale, une meilleure dext\u00e9rit\u00e9, un confort et une excellente durabilit\u00e9.<\/span><\/div><div><span style=\"color: #000000;\">Ce mod\u00e8le est dot\u00e9 de panneaux renforc\u00e9s sur le dos de la main pour prot\u00e9ger des impacts lors des man\u0153uvres de voile.<\/span><\/div><div><span style=\"color: #000000;\">Sp\u00e9cifications<\/span><\/div><div>\u00a0<\/div><div><span style=\"color: #000000;\">&gt;Excellente durabilit\u00e9<\/span><\/div><div><span style=\"color: #000000;\">&gt;Coupe ajust\u00e9e<\/span><\/div><div><span style=\"color: #000000;\">&gt;Chasse de l'eau - retient moins l'eau<\/span><\/div><div><span style=\"color: #000000;\">&gt;Renfort Amara\u00ae enveloppant sans couture sur les doigts pour lutter contre les zones de d\u00e9chirure courantes<\/span><\/div><div><span style=\"color: #000000;\">&gt;Coupe courte des doigts, pour une dext\u00e9rit\u00e9 maximale<\/span><\/div><div><span style=\"color: #000000;\">&gt;Sangle de fixation \u00e0 l'int\u00e9rieur du poignet<\/span><\/div><div><span style=\"color: #000000;\">&gt;Panneaux en mousse haute densit\u00e9 thermoform\u00e9e sur le dos de la main pour une meilleure protection contre les impacts.<\/span><\/div>\t\t\t\t\t\t\t\t<\/div>\n\t\t\t\t<\/div>\n\t\t\t\t\t<\/div>\n\t\t<\/div>\n\t\t\t\t\t<\/div>\n\t\t<\/section>\n\t\t\t\t<\/div>","protected":false},"excerpt":{"rendered":"<p>These top of the line gloves have been professionally designed for sailing and windsurfing. They provide the user a snug fit, maximum protection, improved dexterity, comfort and excellent durability.This model has reinforced panels on the back of the hand to protect from impacts during sailing maneuvers.Specifications\u00a0&gt;Excellent durability&gt;Snug fit&gt;Water Shedding &#8211; holds less water&gt;Seamless wrap around [&hellip;]<\/p>","protected":false},"featured_media":7848,"template":"","meta":[],"product_brand":[],"product_cat":[39,263,256,218,264,286,29],"product_tag":[],"class_list":{"0":"post-7847","1":"product","2":"type-product","3":"status-publish","4":"has-post-thumbnail","6":"product_cat-gloves","7":"product_cat-activities","8":"product_cat-inshore","9":"product_cat-coastal-racing","10":"product_cat-products","11":"product_cat-body-protection","12":"product_cat-accessories","14":"first","15":"instock","16":"shipping-taxable","17":"purchasable","18":"product-type-simple"},"_links":{"self":[{"href":"https:\/\/www.forward-wip.com\/fr\/wp-json\/wp\/v2\/product\/7847","targetHints":{"allow":["GET"]}}],"collection":[{"href":"https:\/\/www.forward-wip.com\/fr\/wp-json\/wp\/v2\/product"}],"about":[{"href":"https:\/\/www.forward-wip.com\/fr\/wp-json\/wp\/v2\/types\/product"}],"version-history":[{"count":0,"href":"https:\/\/www.forward-wip.com\/fr\/wp-json\/wp\/v2\/product\/7847\/revisions"}],"wp:featuredmedia":[{"embeddable":true,"href":"https:\/\/www.forward-wip.com\/fr\/wp-json\/wp\/v2\/media\/7848"}],"wp:attachment":[{"href":"https:\/\/www.forward-wip.com\/fr\/wp-json\/wp\/v2\/media?parent=7847"}],"wp:term":[{"taxonomy":"product_brand","embeddable":true,"href":"https:\/\/www.forward-wip.com\/fr\/wp-json\/wp\/v2\/product_brand?post=7847"},{"taxonomy":"product_cat","embeddable":true,"href":"https:\/\/www.forward-wip.com\/fr\/wp-json\/wp\/v2\/product_cat?post=7847"},{"taxonomy":"product_tag","embeddable":true,"href":"https:\/\/www.forward-wip.com\/fr\/wp-json\/wp\/v2\/product_tag?post=7847"}],"curies":[{"name":"wp","href":"https:\/\/api.w.org\/{rel}","templated":true}]}}