{"id":485,"date":"2021-02-09T17:25:28","date_gmt":"2021-02-09T16:25:28","guid":{"rendered":"https:\/\/www.forward-wip.com\/produit\/wip-gloves\/"},"modified":"2025-01-21T13:33:33","modified_gmt":"2025-01-21T12:33:33","slug":"wip-gloves","status":"publish","type":"product","link":"https:\/\/www.forward-wip.com\/fr\/produit\/wip-gloves\/","title":{"rendered":"WIP GLOVES"},"content":{"rendered":"<p>EXCELLENT GRIP ET ADH\u00c9RENCE<br \/>\n&gt;COUVRE L'INT\u00c9RIEUR DE LA MAIN. S'\u00c9TENDANT JUSQU'AUX EXTR\u00c9MIT\u00c9S<\/p>\n<p>GANTS BIEN AJUST\u00c9S<br \/>\n&gt;AVEC UNE OUVERTURE SUR LE POUCE ET L'INDEX<\/p>\n<p>RENFORT SOUPLE<br \/>\n&gt;POUR ENVELOPPER LE DOS DE LA MAIN<\/p>","protected":false},"excerpt":{"rendered":"<p>HIGH PERFORMANCE GRIP &gt;COVERS THE INSIDE OF THE HAND. EXTENDING TO THE ENDS WELL-FITTING GLOVES &gt;WITH AN OPENING ON THE THUMB AND FOREFINGER FLEXIBLE REINFORCEMENT &gt;TO WRAP THE BACK OF THE HAND<\/p>","protected":false},"featured_media":1227,"template":"","meta":[],"product_brand":[],"product_cat":[263,256,218,264,39,29],"product_tag":[],"class_list":{"0":"post-485","1":"product","2":"type-product","3":"status-publish","4":"has-post-thumbnail","6":"product_cat-activities","7":"product_cat-inshore","8":"product_cat-coastal-racing","9":"product_cat-products","10":"product_cat-gloves","11":"product_cat-accessories","13":"first","14":"instock","15":"shipping-taxable","16":"purchasable","17":"product-type-simple"},"_links":{"self":[{"href":"https:\/\/www.forward-wip.com\/fr\/wp-json\/wp\/v2\/product\/485","targetHints":{"allow":["GET"]}}],"collection":[{"href":"https:\/\/www.forward-wip.com\/fr\/wp-json\/wp\/v2\/product"}],"about":[{"href":"https:\/\/www.forward-wip.com\/fr\/wp-json\/wp\/v2\/types\/product"}],"version-history":[{"count":0,"href":"https:\/\/www.forward-wip.com\/fr\/wp-json\/wp\/v2\/product\/485\/revisions"}],"wp:featuredmedia":[{"embeddable":true,"href":"https:\/\/www.forward-wip.com\/fr\/wp-json\/wp\/v2\/media\/1227"}],"wp:attachment":[{"href":"https:\/\/www.forward-wip.com\/fr\/wp-json\/wp\/v2\/media?parent=485"}],"wp:term":[{"taxonomy":"product_brand","embeddable":true,"href":"https:\/\/www.forward-wip.com\/fr\/wp-json\/wp\/v2\/product_brand?post=485"},{"taxonomy":"product_cat","embeddable":true,"href":"https:\/\/www.forward-wip.com\/fr\/wp-json\/wp\/v2\/product_cat?post=485"},{"taxonomy":"product_tag","embeddable":true,"href":"https:\/\/www.forward-wip.com\/fr\/wp-json\/wp\/v2\/product_tag?post=485"}],"curies":[{"name":"wp","href":"https:\/\/api.w.org\/{rel}","templated":true}]}}