{"id":484,"date":"2021-02-09T17:30:27","date_gmt":"2021-02-09T16:30:27","guid":{"rendered":"https:\/\/www.forward-wip.com\/produit\/neo-gloves\/"},"modified":"2025-03-11T17:20:06","modified_gmt":"2025-03-11T16:20:06","slug":"neo-gloves","status":"publish","type":"product","link":"https:\/\/www.forward-wip.com\/fr\/produit\/neo-gloves\/","title":{"rendered":"NEO GLOVES"},"content":{"rendered":"<p>Gants en N\u00e9opr\u00e8ne 2 mm.<\/p>\n<p>Bon ajustement et  confort gr\u00e2ce \u00e0 l'assemblage pr\u00e9-courb\u00e9 des panneaux (3D shape)<br \/>\nLa paume de la main dispose d'un grip de qualit\u00e9 pour une bonne durabilit\u00e9 et dext\u00e9rit\u00e9.<br \/>\nFinition liquid seal pour une \u00e9tanch\u00e9it\u00e9 totale.<\/p>","protected":false},"excerpt":{"rendered":"<p>Neoprene gloves 2 mm. Good fit and comfort thanks to the pre-curved assembly of the panels (3 D shape) Palm of the hand has a quality grip for durability and dexterity. Liquid seal finish for total waterproofness.<\/p>","protected":false},"featured_media":7107,"template":"","meta":[],"product_brand":[],"product_cat":[258,254,253,251,252,256,218,39,29],"product_tag":[],"class_list":{"0":"post-484","1":"product","2":"type-product","3":"status-publish","4":"has-post-thumbnail","6":"product_cat-surfing","7":"product_cat-downwind","8":"product_cat-wing","9":"product_cat-kite","10":"product_cat-wind","11":"product_cat-inshore","12":"product_cat-coastal-racing","13":"product_cat-gloves","14":"product_cat-accessories","16":"first","17":"instock","18":"shipping-taxable","19":"purchasable","20":"product-type-simple"},"_links":{"self":[{"href":"https:\/\/www.forward-wip.com\/fr\/wp-json\/wp\/v2\/product\/484","targetHints":{"allow":["GET"]}}],"collection":[{"href":"https:\/\/www.forward-wip.com\/fr\/wp-json\/wp\/v2\/product"}],"about":[{"href":"https:\/\/www.forward-wip.com\/fr\/wp-json\/wp\/v2\/types\/product"}],"version-history":[{"count":0,"href":"https:\/\/www.forward-wip.com\/fr\/wp-json\/wp\/v2\/product\/484\/revisions"}],"wp:featuredmedia":[{"embeddable":true,"href":"https:\/\/www.forward-wip.com\/fr\/wp-json\/wp\/v2\/media\/7107"}],"wp:attachment":[{"href":"https:\/\/www.forward-wip.com\/fr\/wp-json\/wp\/v2\/media?parent=484"}],"wp:term":[{"taxonomy":"product_brand","embeddable":true,"href":"https:\/\/www.forward-wip.com\/fr\/wp-json\/wp\/v2\/product_brand?post=484"},{"taxonomy":"product_cat","embeddable":true,"href":"https:\/\/www.forward-wip.com\/fr\/wp-json\/wp\/v2\/product_cat?post=484"},{"taxonomy":"product_tag","embeddable":true,"href":"https:\/\/www.forward-wip.com\/fr\/wp-json\/wp\/v2\/product_tag?post=484"}],"curies":[{"name":"wp","href":"https:\/\/api.w.org\/{rel}","templated":true}]}}