{"id":476,"date":"2021-02-09T18:00:26","date_gmt":"2021-02-09T17:00:26","guid":{"rendered":"https:\/\/www.forward-wip.com\/produit\/light-harness-2-0\/"},"modified":"2026-02-09T18:10:38","modified_gmt":"2026-02-09T17:10:38","slug":"light-harness-2-0","status":"publish","type":"product","link":"https:\/\/www.forward-wip.com\/fr\/produit\/light-harness-2-0\/","title":{"rendered":"LIGHT HARNESS 2.0"},"content":{"rendered":"<p>ENVELOPPE TEXTILE L\u00c9G\u00c8RE ET CONFORTABLE<br \/>\n&gt;CON\u00c7U POUR VOUS PERMETTRE DE RESTER AGILE<\/p>\n<p>RENFORC\u00c9 PAR 2 LATTES \u00c0 L'ARRI\u00c8RE<br \/>\n&gt;POUR OBTENIR LA MEILLEURE COMBINAISON DE L\u00c9G\u00c8RET\u00c9 ET DE SOUTIEN<\/p>\n<p>COMPACT ET PEU ENCOMBRANT<br \/>\n&gt;POUR QUE RIEN NE VOUS G\u00caNE LORS DES MAN\u0152UVRES<\/p>\n<p>LARGE BARRE DE TRAP\u00c8ZE<br \/>\n&gt;POUR \u00c9VITER UN \u00c9CRASEMENT DU BASSIN<\/p>\n<p>ENTREJAMBE COMPOS\u00c9E DE 2 SANGLES R\u00c9GLABLES<br \/>\n&gt;POUR UN CONFORT OPTIMAL AVEC LE TISSU N\u00c9OPR\u00c8NE<\/p>\n<p>ASSISE RENFORC\u00c9E AVEC UN TISSU ANTI-ABRASION EN KEVLAR<br \/>\n&gt;POUR UNE ZONE DE SI\u00c8GE SUPER DURABLE ET SOLIDE<\/p>","protected":false},"excerpt":{"rendered":"<p>LIGHTWEIGHT MATERIALS AND ULTRA COMFORTABLE &gt;DESIGNED TO KEEP YOU AGILE REINFORCED BY 2 BATTENS ON THE BACK &gt;TO GET THE BEST COMBINATION OF LIGHTNESS AND SUPPORT COMPACT AND LOW PROFIL &gt;SO NOTHING GETS IN YOUR WAY WHEN MANOEUVRING LARGE TRAPEZE BAR &gt;TO PREVENT HIP CRUSHING PADDED CROTCH SUPPORT WITH 2 ADJUSTABLE LEG STRAPS &gt;FOR THE [&hellip;]<\/p>","protected":false},"featured_media":1174,"template":"","meta":[],"product_brand":[],"product_cat":[263,256,264,26],"product_tag":[],"class_list":{"0":"post-476","1":"product","2":"type-product","3":"status-publish","4":"has-post-thumbnail","6":"product_cat-activities","7":"product_cat-inshore","8":"product_cat-products","9":"product_cat-harnesses","11":"first","12":"instock","13":"shipping-taxable","14":"purchasable","15":"product-type-simple"},"_links":{"self":[{"href":"https:\/\/www.forward-wip.com\/fr\/wp-json\/wp\/v2\/product\/476","targetHints":{"allow":["GET"]}}],"collection":[{"href":"https:\/\/www.forward-wip.com\/fr\/wp-json\/wp\/v2\/product"}],"about":[{"href":"https:\/\/www.forward-wip.com\/fr\/wp-json\/wp\/v2\/types\/product"}],"version-history":[{"count":0,"href":"https:\/\/www.forward-wip.com\/fr\/wp-json\/wp\/v2\/product\/476\/revisions"}],"wp:featuredmedia":[{"embeddable":true,"href":"https:\/\/www.forward-wip.com\/fr\/wp-json\/wp\/v2\/media\/1174"}],"wp:attachment":[{"href":"https:\/\/www.forward-wip.com\/fr\/wp-json\/wp\/v2\/media?parent=476"}],"wp:term":[{"taxonomy":"product_brand","embeddable":true,"href":"https:\/\/www.forward-wip.com\/fr\/wp-json\/wp\/v2\/product_brand?post=476"},{"taxonomy":"product_cat","embeddable":true,"href":"https:\/\/www.forward-wip.com\/fr\/wp-json\/wp\/v2\/product_cat?post=476"},{"taxonomy":"product_tag","embeddable":true,"href":"https:\/\/www.forward-wip.com\/fr\/wp-json\/wp\/v2\/product_tag?post=476"}],"curies":[{"name":"wp","href":"https:\/\/api.w.org\/{rel}","templated":true}]}}