{"id":475,"date":"2021-02-09T18:05:26","date_gmt":"2021-02-09T17:05:26","guid":{"rendered":"https:\/\/www.forward-wip.com\/produit\/exo-harness\/"},"modified":"2026-02-09T18:11:38","modified_gmt":"2026-02-09T17:11:38","slug":"exo-harness","status":"publish","type":"product","link":"https:\/\/www.forward-wip.com\/fr\/produit\/exo-harness\/","title":{"rendered":"EXO HARNESS"},"content":{"rendered":"<p>SUPPORT LOMBAIRE EXTERNE EXO<br \/>\n&gt;POUR FOURNIR LE MEILLEUR SOUTIEN DU COCCYX AUX \u00c9PAULES<\/p>\n<p>SUPPORT LOMBAIRE R\u00c9GLABLE<br \/>\n&gt;LA HAUTEUR PEUT \u00caTRE AJUST\u00c9E POUR METTRE DANS LA MEILLEURE POSITION POUR LE CONFORT ET L'EFFICACIT\u00c9<\/p>\n<p>LARGE BARRE DE TRAP\u00c8ZE<br \/>\n&gt;POUR \u00c9VITER UN \u00c9CRASEMENT DU BASSIN<\/p>\n<p>ENTREJAMBE COMPOS\u00c9E DE 2 SANGLES R\u00c9GLABLES<br \/>\n&gt;POUR UN CONFORT OPTIMAL AVEC LE TISSU N\u00c9OPR\u00c8NE<\/p>\n<p>ASSISE RENFORC\u00c9E AVEC UN TISSU ANTI-ABRASION EN KEVLAR<br \/>\n&gt;POUR UNE ZONE DE SI\u00c8GE SUPER DURABLE ET SOLIDE<\/p>\n<p>INNOVATION : R\u00c9GLAGE DE LA BRETELLE POSSIBLE \u00c0 PARTIR DE LA BARRE DE CROCHET<br \/>\n&gt;FACILEMENT ACCESSIBLE AFIN DE POUVOIR R\u00c9GLER LA TENSION PENDANT LA NAVIGATION<\/p>\n<p><img decoding=\"async\" class=\"alignnone wp-image-1864\" src=\"https:\/\/www.forward-wip.com\/wp-content\/uploads\/2021\/02\/WIPtech-Harnesses-300x173.png\" alt=\"\" width=\"95\" height=\"55\" srcset=\"https:\/\/www.forward-wip.com\/wp-content\/uploads\/2021\/02\/WIPtech-Harnesses-300x173.png 300w, https:\/\/www.forward-wip.com\/wp-content\/uploads\/2021\/02\/WIPtech-Harnesses-768x444.png 768w, https:\/\/www.forward-wip.com\/wp-content\/uploads\/2021\/02\/WIPtech-Harnesses-16x9.png 16w, https:\/\/www.forward-wip.com\/wp-content\/uploads\/2021\/02\/WIPtech-Harnesses-600x347.png 600w, https:\/\/www.forward-wip.com\/wp-content\/uploads\/2021\/02\/WIPtech-Harnesses.png 939w\" sizes=\"(max-width: 95px) 100vw, 95px\" \/><\/p>","protected":false},"excerpt":{"rendered":"<p>EXO EXTERNAL LUMBAR SUPPORT &gt;TO PROVIDE THE BEST SUPPORT FROM THE COCCYX TO THE SHOULDERS ADJUSTABLE LUMBAR SUPPORT &gt;HEIGHT CAN BE ADJUSTED TO PUT IN THE BEST POSITION FOR COMFORT AND EFFICIENCY LARGE TRAPEZE BAR &gt;TO PREVENT HIP CRUSHING PADDED CROTCH SUPPORT WITH 2 ADJUSTABLE LEG STRAPS &gt;FOR THE BEST COMFORT WITH NEOPRENE FABRIC REINFORCED [&hellip;]<\/p>","protected":false},"featured_media":1166,"template":"","meta":[],"product_brand":[],"product_cat":[26,263,256,264,28],"product_tag":[],"class_list":{"0":"post-475","1":"product","2":"type-product","3":"status-publish","4":"has-post-thumbnail","6":"product_cat-harnesses","7":"product_cat-activities","8":"product_cat-inshore","9":"product_cat-products","10":"product_cat-first-skin","12":"first","13":"instock","14":"shipping-taxable","15":"purchasable","16":"product-type-simple"},"_links":{"self":[{"href":"https:\/\/www.forward-wip.com\/fr\/wp-json\/wp\/v2\/product\/475","targetHints":{"allow":["GET"]}}],"collection":[{"href":"https:\/\/www.forward-wip.com\/fr\/wp-json\/wp\/v2\/product"}],"about":[{"href":"https:\/\/www.forward-wip.com\/fr\/wp-json\/wp\/v2\/types\/product"}],"version-history":[{"count":0,"href":"https:\/\/www.forward-wip.com\/fr\/wp-json\/wp\/v2\/product\/475\/revisions"}],"wp:featuredmedia":[{"embeddable":true,"href":"https:\/\/www.forward-wip.com\/fr\/wp-json\/wp\/v2\/media\/1166"}],"wp:attachment":[{"href":"https:\/\/www.forward-wip.com\/fr\/wp-json\/wp\/v2\/media?parent=475"}],"wp:term":[{"taxonomy":"product_brand","embeddable":true,"href":"https:\/\/www.forward-wip.com\/fr\/wp-json\/wp\/v2\/product_brand?post=475"},{"taxonomy":"product_cat","embeddable":true,"href":"https:\/\/www.forward-wip.com\/fr\/wp-json\/wp\/v2\/product_cat?post=475"},{"taxonomy":"product_tag","embeddable":true,"href":"https:\/\/www.forward-wip.com\/fr\/wp-json\/wp\/v2\/product_tag?post=475"}],"curies":[{"name":"wp","href":"https:\/\/api.w.org\/{rel}","templated":true}]}}