{"id":463,"date":"2021-02-09T17:15:24","date_gmt":"2021-02-09T16:15:24","guid":{"rendered":"https:\/\/www.forward-wip.com\/produit\/flow-vortex-rashguard\/"},"modified":"2025-03-11T16:01:47","modified_gmt":"2025-03-11T15:01:47","slug":"flow-vortex-rashguard","status":"publish","type":"product","link":"https:\/\/www.forward-wip.com\/fr\/produit\/flow-vortex-rashguard\/","title":{"rendered":"FLOW VORTEX RASHGUARD"},"content":{"rendered":"<div data-elementor-type=\"product-post\" data-elementor-id=\"463\" class=\"elementor elementor-463\" data-elementor-post-type=\"product\">\n\t\t\t\t\t\t<section class=\"elementor-section elementor-top-section elementor-element elementor-element-1ca57fd elementor-section-boxed elementor-section-height-default elementor-section-height-default\" data-id=\"1ca57fd\" data-element_type=\"section\">\n\t\t\t\t\t\t<div class=\"elementor-container elementor-column-gap-default\">\n\t\t\t\t\t<div class=\"elementor-column elementor-col-100 elementor-top-column elementor-element elementor-element-60c7a79\" data-id=\"60c7a79\" data-element_type=\"column\">\n\t\t\t<div class=\"elementor-widget-wrap elementor-element-populated\">\n\t\t\t\t\t\t<div class=\"elementor-element elementor-element-0b052aa elementor-widget elementor-widget-gallery\" data-id=\"0b052aa\" data-element_type=\"widget\" data-settings=\"{&quot;columns&quot;:3,&quot;aspect_ratio&quot;:&quot;1:1&quot;,&quot;lazyload&quot;:&quot;yes&quot;,&quot;gallery_layout&quot;:&quot;grid&quot;,&quot;columns_tablet&quot;:2,&quot;columns_mobile&quot;:1,&quot;gap&quot;:{&quot;unit&quot;:&quot;px&quot;,&quot;size&quot;:10,&quot;sizes&quot;:[]},&quot;gap_tablet&quot;:{&quot;unit&quot;:&quot;px&quot;,&quot;size&quot;:10,&quot;sizes&quot;:[]},&quot;gap_mobile&quot;:{&quot;unit&quot;:&quot;px&quot;,&quot;size&quot;:10,&quot;sizes&quot;:[]},&quot;link_to&quot;:&quot;file&quot;,&quot;overlay_background&quot;:&quot;yes&quot;,&quot;content_hover_animation&quot;:&quot;fade-in&quot;}\" data-widget_type=\"gallery.default\">\n\t\t\t\t<div class=\"elementor-widget-container\">\n\t\t\t\t\t\t\t<div class=\"elementor-gallery__container\">\n\t\t\t\t\t\t\t<a class=\"e-gallery-item elementor-gallery-item elementor-animated-content\" href=\"https:\/\/www.forward-wip.com\/wp-content\/uploads\/2021\/02\/2.-FLOW-VORTEX-RASHGUARD.jpg\" data-elementor-open-lightbox=\"yes\" data-elementor-lightbox-slideshow=\"0b052aa\" data-e-action-hash=\"#elementor-action%3Aaction%3Dlightbox%26settings%3DeyJpZCI6MTEyNiwidXJsIjoiaHR0cHM6XC9cL3d3dy5mb3J3YXJkLXdpcC5jb21cL3dwLWNvbnRlbnRcL3VwbG9hZHNcLzIwMjFcLzAyXC8yLi1GTE9XLVZPUlRFWC1SQVNIR1VBUkQuanBnIiwic2xpZGVzaG93IjoiMGIwNTJhYSJ9\">\n\t\t\t\t\t<div class=\"e-gallery-image elementor-gallery-item__image\" data-thumbnail=\"https:\/\/www.forward-wip.com\/wp-content\/uploads\/2021\/02\/2.-FLOW-VORTEX-RASHGUARD.jpg\" data-width=\"800\" data-height=\"800\" aria-label=\"\" role=\"img\" ><\/div>\n\t\t\t\t\t\t\t\t\t\t\t<div class=\"elementor-gallery-item__overlay\"><\/div>\n\t\t\t\t\t\t\t\t\t\t\t\t\t\t<\/a>\n\t\t\t\t\t\t\t<a class=\"e-gallery-item elementor-gallery-item elementor-animated-content\" href=\"https:\/\/www.forward-wip.com\/wp-content\/uploads\/2021\/02\/3.-FLOW-VORTEX-RASHGUARD.jpg\" data-elementor-open-lightbox=\"yes\" data-elementor-lightbox-slideshow=\"0b052aa\" data-e-action-hash=\"#elementor-action%3Aaction%3Dlightbox%26settings%3DeyJpZCI6MTEyNywidXJsIjoiaHR0cHM6XC9cL3d3dy5mb3J3YXJkLXdpcC5jb21cL3dwLWNvbnRlbnRcL3VwbG9hZHNcLzIwMjFcLzAyXC8zLi1GTE9XLVZPUlRFWC1SQVNIR1VBUkQuanBnIiwic2xpZGVzaG93IjoiMGIwNTJhYSJ9\">\n\t\t\t\t\t<div class=\"e-gallery-image elementor-gallery-item__image\" data-thumbnail=\"https:\/\/www.forward-wip.com\/wp-content\/uploads\/2021\/02\/3.-FLOW-VORTEX-RASHGUARD.jpg\" data-width=\"800\" data-height=\"800\" aria-label=\"\" role=\"img\" ><\/div>\n\t\t\t\t\t\t\t\t\t\t\t<div class=\"elementor-gallery-item__overlay\"><\/div>\n\t\t\t\t\t\t\t\t\t\t\t\t\t\t<\/a>\n\t\t\t\t\t\t\t<a class=\"e-gallery-item elementor-gallery-item elementor-animated-content\" href=\"https:\/\/www.forward-wip.com\/wp-content\/uploads\/2021\/02\/4.-FLOW-VORTEX-RASHGUARD.jpg\" data-elementor-open-lightbox=\"yes\" data-elementor-lightbox-slideshow=\"0b052aa\" data-e-action-hash=\"#elementor-action%3Aaction%3Dlightbox%26settings%3DeyJpZCI6MTEyOCwidXJsIjoiaHR0cHM6XC9cL3d3dy5mb3J3YXJkLXdpcC5jb21cL3dwLWNvbnRlbnRcL3VwbG9hZHNcLzIwMjFcLzAyXC80Li1GTE9XLVZPUlRFWC1SQVNIR1VBUkQuanBnIiwic2xpZGVzaG93IjoiMGIwNTJhYSJ9\">\n\t\t\t\t\t<div class=\"e-gallery-image elementor-gallery-item__image\" data-thumbnail=\"https:\/\/www.forward-wip.com\/wp-content\/uploads\/2021\/02\/4.-FLOW-VORTEX-RASHGUARD.jpg\" data-width=\"800\" data-height=\"800\" aria-label=\"\" role=\"img\" ><\/div>\n\t\t\t\t\t\t\t\t\t\t\t<div class=\"elementor-gallery-item__overlay\"><\/div>\n\t\t\t\t\t\t\t\t\t\t\t\t\t\t<\/a>\n\t\t\t\t\t<\/div>\n\t\t\t\t\t<\/div>\n\t\t\t\t<\/div>\n\t\t\t\t\t<\/div>\n\t\t<\/div>\n\t\t\t\t\t<\/div>\n\t\t<\/section>\n\t\t\t\t<section class=\"elementor-section elementor-top-section elementor-element elementor-element-518cbce9 elementor-section-boxed elementor-section-height-default elementor-section-height-default\" data-id=\"518cbce9\" data-element_type=\"section\">\n\t\t\t\t\t\t<div class=\"elementor-container elementor-column-gap-default\">\n\t\t\t\t\t<div class=\"elementor-column elementor-col-100 elementor-top-column elementor-element elementor-element-3461960f\" data-id=\"3461960f\" data-element_type=\"column\">\n\t\t\t<div class=\"elementor-widget-wrap elementor-element-populated\">\n\t\t\t\t\t\t<div class=\"elementor-element elementor-element-5b6845d9 elementor-widget elementor-widget-text-editor\" data-id=\"5b6845d9\" data-element_type=\"widget\" data-widget_type=\"text-editor.default\">\n\t\t\t\t<div class=\"elementor-widget-container\">\n\t\t\t\t\t\t\t\t\t<p><span style=\"color: #000000;\">Aero Flow Vortex technologie<\/span><br \/><span style=\"color: #000000;\">&gt;chevrons 3D strat\u00e9giquement dispos\u00e9s qui affectent le flux d'air de mani\u00e8re positive autour du corps et r\u00e9duit la train\u00e9e<\/span><\/p><p><span style=\"color: #000000;\">Durable, r\u00e9sistant et confortable<\/span><br \/><span style=\"color: #000000;\">&gt;polyamide spandex extensible et doux<\/span><\/p><p><span style=\"color: #000000;\">Ouvertures sp\u00e9ciales et innovantes<\/span><br \/><span style=\"color: #000000;\">&gt;une pour acc\u00e9der facilement \u00e0 la poche du gilet et une pour le crochet de trap\u00e8ze<\/span><\/p><p><span style=\"color: #000000;\"><img decoding=\"async\" class=\"alignnone wp-image-1865\" src=\"https:\/\/www.forward-wip.com\/wp-content\/uploads\/2021\/02\/WIPtech-FlowVortex-300x80.png\" alt=\"\" width=\"131\" height=\"35\" srcset=\"https:\/\/www.forward-wip.com\/wp-content\/uploads\/2021\/02\/WIPtech-FlowVortex-300x80.png 300w, https:\/\/www.forward-wip.com\/wp-content\/uploads\/2021\/02\/WIPtech-FlowVortex-1024x273.png 1024w, https:\/\/www.forward-wip.com\/wp-content\/uploads\/2021\/02\/WIPtech-FlowVortex-768x205.png 768w, https:\/\/www.forward-wip.com\/wp-content\/uploads\/2021\/02\/WIPtech-FlowVortex-16x4.png 16w, https:\/\/www.forward-wip.com\/wp-content\/uploads\/2021\/02\/WIPtech-FlowVortex-600x160.png 600w, https:\/\/www.forward-wip.com\/wp-content\/uploads\/2021\/02\/WIPtech-FlowVortex.png 1251w\" sizes=\"(max-width: 131px) 100vw, 131px\" \/><\/span><\/p>\t\t\t\t\t\t\t\t<\/div>\n\t\t\t\t<\/div>\n\t\t\t\t\t<\/div>\n\t\t<\/div>\n\t\t\t\t\t<\/div>\n\t\t<\/section>\n\t\t\t\t<\/div>","protected":false},"excerpt":{"rendered":"<p>Aero Flow Vortex technology &gt;strategically placed 3D chevrons affect airflow positively around the body and reduce drag Durable, strong and comfortable &gt;soft, stretchy polyamide spandex Special and innovative openings &gt;one for easy access to the vest pocket and one for the trapeze hook<\/p>","protected":false},"featured_media":1125,"template":"","meta":[],"product_brand":[],"product_cat":[36,258,254,253,251,252,256,264,28,265,262],"product_tag":[],"class_list":{"0":"post-463","1":"product","2":"type-product","3":"status-publish","4":"has-post-thumbnail","6":"product_cat-tech-tops","7":"product_cat-surfing","8":"product_cat-downwind","9":"product_cat-wing","10":"product_cat-kite","11":"product_cat-wind","12":"product_cat-inshore","13":"product_cat-products","14":"product_cat-first-skin","15":"product_cat-technologies","16":"product_cat-flow-vortex","18":"first","19":"instock","20":"shipping-taxable","21":"purchasable","22":"product-type-simple"},"_links":{"self":[{"href":"https:\/\/www.forward-wip.com\/fr\/wp-json\/wp\/v2\/product\/463","targetHints":{"allow":["GET"]}}],"collection":[{"href":"https:\/\/www.forward-wip.com\/fr\/wp-json\/wp\/v2\/product"}],"about":[{"href":"https:\/\/www.forward-wip.com\/fr\/wp-json\/wp\/v2\/types\/product"}],"version-history":[{"count":0,"href":"https:\/\/www.forward-wip.com\/fr\/wp-json\/wp\/v2\/product\/463\/revisions"}],"wp:featuredmedia":[{"embeddable":true,"href":"https:\/\/www.forward-wip.com\/fr\/wp-json\/wp\/v2\/media\/1125"}],"wp:attachment":[{"href":"https:\/\/www.forward-wip.com\/fr\/wp-json\/wp\/v2\/media?parent=463"}],"wp:term":[{"taxonomy":"product_brand","embeddable":true,"href":"https:\/\/www.forward-wip.com\/fr\/wp-json\/wp\/v2\/product_brand?post=463"},{"taxonomy":"product_cat","embeddable":true,"href":"https:\/\/www.forward-wip.com\/fr\/wp-json\/wp\/v2\/product_cat?post=463"},{"taxonomy":"product_tag","embeddable":true,"href":"https:\/\/www.forward-wip.com\/fr\/wp-json\/wp\/v2\/product_tag?post=463"}],"curies":[{"name":"wp","href":"https:\/\/api.w.org\/{rel}","templated":true}]}}