{"id":455,"date":"2021-02-09T17:22:24","date_gmt":"2021-02-09T16:22:24","guid":{"rendered":"https:\/\/www.forward-wip.com\/produit\/smock-spray-top-junior\/"},"modified":"2025-02-04T10:45:08","modified_gmt":"2025-02-04T09:45:08","slug":"smock-spray-top-jr","status":"publish","type":"product","link":"https:\/\/www.forward-wip.com\/fr\/produit\/smock-spray-top-jr\/","title":{"rendered":"SMOCK SPRAY TOP JR"},"content":{"rendered":"<p>Mat\u00e9riaux l\u00e9gers et ultra confortables<br \/>\n&gt;con\u00e7u pour vous permettre de rester agile<\/p>\n<p>Col et poignets ajust\u00e9s en n\u00e9opr\u00e8ne de 1 mm<br \/>\n&gt;joints souples et confortables pour emp\u00eacher l'eau de p\u00e9n\u00e9trer dans le v\u00eatement<\/p>\n<p>Taille ajustable<br \/>\n&gt;pour un ajustement parfait<\/p>","protected":false},"excerpt":{"rendered":"<p>Lightweight materials and ultra comfortable &gt;designed to keep you agile 1mm neoprene fitted neck and cuffs &gt;soft and comfortable seals to keep water out Adjustable waist &gt;closure for a tight and perfect fit<\/p>","protected":false},"featured_media":1094,"template":"","meta":[],"product_brand":[],"product_cat":[264,28,36,265],"product_tag":[],"class_list":{"0":"post-455","1":"product","2":"type-product","3":"status-publish","4":"has-post-thumbnail","6":"product_cat-products","7":"product_cat-first-skin","8":"product_cat-tech-tops","9":"product_cat-technologies","11":"first","12":"instock","13":"shipping-taxable","14":"purchasable","15":"product-type-variable"},"_links":{"self":[{"href":"https:\/\/www.forward-wip.com\/fr\/wp-json\/wp\/v2\/product\/455","targetHints":{"allow":["GET"]}}],"collection":[{"href":"https:\/\/www.forward-wip.com\/fr\/wp-json\/wp\/v2\/product"}],"about":[{"href":"https:\/\/www.forward-wip.com\/fr\/wp-json\/wp\/v2\/types\/product"}],"version-history":[{"count":0,"href":"https:\/\/www.forward-wip.com\/fr\/wp-json\/wp\/v2\/product\/455\/revisions"}],"wp:featuredmedia":[{"embeddable":true,"href":"https:\/\/www.forward-wip.com\/fr\/wp-json\/wp\/v2\/media\/1094"}],"wp:attachment":[{"href":"https:\/\/www.forward-wip.com\/fr\/wp-json\/wp\/v2\/media?parent=455"}],"wp:term":[{"taxonomy":"product_brand","embeddable":true,"href":"https:\/\/www.forward-wip.com\/fr\/wp-json\/wp\/v2\/product_brand?post=455"},{"taxonomy":"product_cat","embeddable":true,"href":"https:\/\/www.forward-wip.com\/fr\/wp-json\/wp\/v2\/product_cat?post=455"},{"taxonomy":"product_tag","embeddable":true,"href":"https:\/\/www.forward-wip.com\/fr\/wp-json\/wp\/v2\/product_tag?post=455"}],"curies":[{"name":"wp","href":"https:\/\/api.w.org\/{rel}","templated":true}]}}