{"id":450,"date":"2021-02-09T17:18:23","date_gmt":"2021-02-09T16:18:23","guid":{"rendered":"https:\/\/www.forward-wip.com\/produit\/summer-neo-long-john-1-5mm-women\/"},"modified":"2025-03-06T11:58:51","modified_gmt":"2025-03-06T10:58:51","slug":"summer-neo-long-john-women","status":"publish","type":"product","link":"https:\/\/www.forward-wip.com\/fr\/produit\/summer-neo-long-john-women\/","title":{"rendered":"SUMMER NEO LONG JOHN WOMEN MK2"},"content":{"rendered":"<div data-elementor-type=\"product-post\" data-elementor-id=\"450\" class=\"elementor elementor-450\" data-elementor-post-type=\"product\">\n\t\t\t\t\t\t<section class=\"elementor-section elementor-top-section elementor-element elementor-element-ef34789 elementor-section-boxed elementor-section-height-default elementor-section-height-default\" data-id=\"ef34789\" data-element_type=\"section\">\n\t\t\t\t\t\t<div class=\"elementor-container elementor-column-gap-default\">\n\t\t\t\t\t<div class=\"elementor-column elementor-col-100 elementor-top-column elementor-element elementor-element-208a5a6\" data-id=\"208a5a6\" data-element_type=\"column\">\n\t\t\t<div class=\"elementor-widget-wrap elementor-element-populated\">\n\t\t\t\t\t\t<div class=\"elementor-element elementor-element-41a9a11 elementor-widget elementor-widget-gallery\" data-id=\"41a9a11\" data-element_type=\"widget\" data-settings=\"{&quot;columns&quot;:3,&quot;aspect_ratio&quot;:&quot;1:1&quot;,&quot;lazyload&quot;:&quot;yes&quot;,&quot;gallery_layout&quot;:&quot;grid&quot;,&quot;columns_tablet&quot;:2,&quot;columns_mobile&quot;:1,&quot;gap&quot;:{&quot;unit&quot;:&quot;px&quot;,&quot;size&quot;:10,&quot;sizes&quot;:[]},&quot;gap_tablet&quot;:{&quot;unit&quot;:&quot;px&quot;,&quot;size&quot;:10,&quot;sizes&quot;:[]},&quot;gap_mobile&quot;:{&quot;unit&quot;:&quot;px&quot;,&quot;size&quot;:10,&quot;sizes&quot;:[]},&quot;link_to&quot;:&quot;file&quot;,&quot;overlay_background&quot;:&quot;yes&quot;,&quot;content_hover_animation&quot;:&quot;fade-in&quot;}\" data-widget_type=\"gallery.default\">\n\t\t\t\t<div class=\"elementor-widget-container\">\n\t\t\t\t\t\t\t<div class=\"elementor-gallery__container\">\n\t\t\t\t\t\t\t<a class=\"e-gallery-item elementor-gallery-item elementor-animated-content\" href=\"https:\/\/www.forward-wip.com\/wp-content\/uploads\/2021\/02\/1.-SUMMER-NEO-LONG-JOHN-WOMEN-MK2.png\" data-elementor-open-lightbox=\"yes\" data-elementor-lightbox-slideshow=\"41a9a11\" data-e-action-hash=\"#elementor-action%3Aaction%3Dlightbox%26settings%3DeyJpZCI6ODUwMywidXJsIjoiaHR0cHM6XC9cL3d3dy5mb3J3YXJkLXdpcC5jb21cL3dwLWNvbnRlbnRcL3VwbG9hZHNcLzIwMjFcLzAyXC8xLi1TVU1NRVItTkVPLUxPTkctSk9ITi1XT01FTi1NSzIucG5nIiwic2xpZGVzaG93IjoiNDFhOWExMSJ9\">\n\t\t\t\t\t<div class=\"e-gallery-image elementor-gallery-item__image\" data-thumbnail=\"https:\/\/www.forward-wip.com\/wp-content\/uploads\/2021\/02\/1.-SUMMER-NEO-LONG-JOHN-WOMEN-MK2.png\" data-width=\"2468\" data-height=\"2470\" aria-label=\"\" role=\"img\" ><\/div>\n\t\t\t\t\t\t\t\t\t\t\t<div class=\"elementor-gallery-item__overlay\"><\/div>\n\t\t\t\t\t\t\t\t\t\t\t\t\t\t<\/a>\n\t\t\t\t\t\t\t<a class=\"e-gallery-item elementor-gallery-item elementor-animated-content\" href=\"https:\/\/www.forward-wip.com\/wp-content\/uploads\/2021\/02\/2.-SUMMER-NEO-LONG-JOHN-WOMEN-MK2.png\" data-elementor-open-lightbox=\"yes\" data-elementor-lightbox-slideshow=\"41a9a11\" data-e-action-hash=\"#elementor-action%3Aaction%3Dlightbox%26settings%3DeyJpZCI6ODQ5OCwidXJsIjoiaHR0cHM6XC9cL3d3dy5mb3J3YXJkLXdpcC5jb21cL3dwLWNvbnRlbnRcL3VwbG9hZHNcLzIwMjFcLzAyXC8yLi1TVU1NRVItTkVPLUxPTkctSk9ITi1XT01FTi1NSzIucG5nIiwic2xpZGVzaG93IjoiNDFhOWExMSJ9\">\n\t\t\t\t\t<div class=\"e-gallery-image elementor-gallery-item__image\" data-thumbnail=\"https:\/\/www.forward-wip.com\/wp-content\/uploads\/2021\/02\/2.-SUMMER-NEO-LONG-JOHN-WOMEN-MK2.png\" data-width=\"2468\" data-height=\"2475\" aria-label=\"\" role=\"img\" ><\/div>\n\t\t\t\t\t\t\t\t\t\t\t<div class=\"elementor-gallery-item__overlay\"><\/div>\n\t\t\t\t\t\t\t\t\t\t\t\t\t\t<\/a>\n\t\t\t\t\t\t\t<a class=\"e-gallery-item elementor-gallery-item elementor-animated-content\" href=\"https:\/\/www.forward-wip.com\/wp-content\/uploads\/2021\/02\/3.-SUMMER-NEO-LONG-JOHN-WOMEN-MK2.png\" data-elementor-open-lightbox=\"yes\" data-elementor-lightbox-slideshow=\"41a9a11\" data-e-action-hash=\"#elementor-action%3Aaction%3Dlightbox%26settings%3DeyJpZCI6ODQ5OSwidXJsIjoiaHR0cHM6XC9cL3d3dy5mb3J3YXJkLXdpcC5jb21cL3dwLWNvbnRlbnRcL3VwbG9hZHNcLzIwMjFcLzAyXC8zLi1TVU1NRVItTkVPLUxPTkctSk9ITi1XT01FTi1NSzIucG5nIiwic2xpZGVzaG93IjoiNDFhOWExMSJ9\">\n\t\t\t\t\t<div class=\"e-gallery-image elementor-gallery-item__image\" data-thumbnail=\"https:\/\/www.forward-wip.com\/wp-content\/uploads\/2021\/02\/3.-SUMMER-NEO-LONG-JOHN-WOMEN-MK2.png\" data-width=\"2468\" data-height=\"2475\" aria-label=\"\" role=\"img\" ><\/div>\n\t\t\t\t\t\t\t\t\t\t\t<div class=\"elementor-gallery-item__overlay\"><\/div>\n\t\t\t\t\t\t\t\t\t\t\t\t\t\t<\/a>\n\t\t\t\t\t\t\t<a class=\"e-gallery-item elementor-gallery-item elementor-animated-content\" href=\"https:\/\/www.forward-wip.com\/wp-content\/uploads\/2021\/02\/5.-SUMMER-NEO-LONG-JOHN-WOMEN-MK2.png\" data-elementor-open-lightbox=\"yes\" data-elementor-lightbox-slideshow=\"41a9a11\" data-e-action-hash=\"#elementor-action%3Aaction%3Dlightbox%26settings%3DeyJpZCI6ODUwMSwidXJsIjoiaHR0cHM6XC9cL3d3dy5mb3J3YXJkLXdpcC5jb21cL3dwLWNvbnRlbnRcL3VwbG9hZHNcLzIwMjFcLzAyXC81Li1TVU1NRVItTkVPLUxPTkctSk9ITi1XT01FTi1NSzIucG5nIiwic2xpZGVzaG93IjoiNDFhOWExMSJ9\">\n\t\t\t\t\t<div class=\"e-gallery-image elementor-gallery-item__image\" data-thumbnail=\"https:\/\/www.forward-wip.com\/wp-content\/uploads\/2021\/02\/5.-SUMMER-NEO-LONG-JOHN-WOMEN-MK2.png\" data-width=\"2468\" data-height=\"2475\" aria-label=\"\" role=\"img\" ><\/div>\n\t\t\t\t\t\t\t\t\t\t\t<div class=\"elementor-gallery-item__overlay\"><\/div>\n\t\t\t\t\t\t\t\t\t\t\t\t\t\t<\/a>\n\t\t\t\t\t\t\t<a class=\"e-gallery-item elementor-gallery-item elementor-animated-content\" href=\"https:\/\/www.forward-wip.com\/wp-content\/uploads\/2021\/02\/6.-SUMMER-NEO-LONG-JOHN-WOMEN-MK2.png\" data-elementor-open-lightbox=\"yes\" data-elementor-lightbox-slideshow=\"41a9a11\" data-e-action-hash=\"#elementor-action%3Aaction%3Dlightbox%26settings%3DeyJpZCI6ODUwMiwidXJsIjoiaHR0cHM6XC9cL3d3dy5mb3J3YXJkLXdpcC5jb21cL3dwLWNvbnRlbnRcL3VwbG9hZHNcLzIwMjFcLzAyXC82Li1TVU1NRVItTkVPLUxPTkctSk9ITi1XT01FTi1NSzIucG5nIiwic2xpZGVzaG93IjoiNDFhOWExMSJ9\">\n\t\t\t\t\t<div class=\"e-gallery-image elementor-gallery-item__image\" data-thumbnail=\"https:\/\/www.forward-wip.com\/wp-content\/uploads\/2021\/02\/6.-SUMMER-NEO-LONG-JOHN-WOMEN-MK2.png\" data-width=\"2468\" data-height=\"2469\" aria-label=\"\" role=\"img\" ><\/div>\n\t\t\t\t\t\t\t\t\t\t\t<div class=\"elementor-gallery-item__overlay\"><\/div>\n\t\t\t\t\t\t\t\t\t\t\t\t\t\t<\/a>\n\t\t\t\t\t<\/div>\n\t\t\t\t\t<\/div>\n\t\t\t\t<\/div>\n\t\t\t\t\t<\/div>\n\t\t<\/div>\n\t\t\t\t\t<\/div>\n\t\t<\/section>\n\t\t\t\t<section class=\"elementor-section elementor-top-section elementor-element elementor-element-17a4b954 elementor-section-boxed elementor-section-height-default elementor-section-height-default\" data-id=\"17a4b954\" data-element_type=\"section\">\n\t\t\t\t\t\t<div class=\"elementor-container elementor-column-gap-default\">\n\t\t\t\t\t<div class=\"elementor-column elementor-col-100 elementor-top-column elementor-element elementor-element-6116d37d\" data-id=\"6116d37d\" data-element_type=\"column\">\n\t\t\t<div class=\"elementor-widget-wrap elementor-element-populated\">\n\t\t\t\t\t\t<div class=\"elementor-element elementor-element-35d84b42 elementor-widget elementor-widget-text-editor\" data-id=\"35d84b42\" data-element_type=\"widget\" data-widget_type=\"text-editor.default\">\n\t\t\t\t<div class=\"elementor-widget-container\">\n\t\t\t\t\t\t\t\t\t<p><span style=\"color: #000000;\">Neoprene airprene summer flex &#8211; 1.5 mm<\/span><br \/><span style=\"color: #000000;\">&gt;n\u00e9opr\u00e8ne perfor\u00e9 pour plus de souplesse et respirabilit\u00e9<\/span><\/p><p><span style=\"color: #000000;\">WIP INSIDE technologie int\u00e9gr\u00e9e aux endroits cl\u00e9s<\/span><br \/><span style=\"color: #000000;\">&gt;divers panneaux avec plaques thermoplastiques et mousses haute densit\u00e9 pour am\u00e9liorer le confort lors des chutes dans l'eau<\/span><\/p><p><span style=\"color: #000000;\">Pads genoux avec rev\u00eatement caoutchouc<\/span><br \/><span style=\"color: #000000;\">&gt;pour un excellent grip<\/span><\/p><p><span style=\"color: #000000;\">Tissu anti-abrasion<\/span><br \/><span style=\"color: #000000;\">&gt;panneaux renforc\u00e9s sur l'assise et les genoux pour une meilleure durabilit\u00e9<\/span><\/p><p><span style=\"color: #000000;\">Un n\u00e9opr\u00e8ne particuli\u00e8rement flexible<\/span><br \/><span style=\"color: #000000;\">&gt;pour une mobilit\u00e9 maximum sur l'eau augment\u00e9e de 40%<\/span><\/p><p><span style=\"color: #000000;\">Ouverture braguette<\/span><br \/><span style=\"color: #000000;\">&gt;discr\u00e8te, fonctionnelle, facile d'acc\u00e8s et prot\u00e9g\u00e9e de l'eau<\/span><\/p><p><span style=\"color: #000000;\"><img decoding=\"async\" class=\"alignnone wp-image-1810\" src=\"https:\/\/www.forward-wip.com\/wp-content\/uploads\/2021\/02\/Wiptech-07-534x1024-removebg-preview-300x131.png\" alt=\"\" width=\"121\" height=\"53\" srcset=\"https:\/\/www.forward-wip.com\/wp-content\/uploads\/2021\/02\/Wiptech-07-534x1024-removebg-preview-300x131.png 300w, https:\/\/www.forward-wip.com\/wp-content\/uploads\/2021\/02\/Wiptech-07-534x1024-removebg-preview-16x7.png 16w, https:\/\/www.forward-wip.com\/wp-content\/uploads\/2021\/02\/Wiptech-07-534x1024-removebg-preview.png 370w\" sizes=\"(max-width: 121px) 100vw, 121px\" \/><img decoding=\"async\" class=\"alignnone wp-image-1802\" src=\"https:\/\/www.forward-wip.com\/wp-content\/uploads\/2021\/02\/WIPtech-04-300x173.png\" alt=\"\" width=\"87\" height=\"50\" srcset=\"https:\/\/www.forward-wip.com\/wp-content\/uploads\/2021\/02\/WIPtech-04-300x173.png 300w, https:\/\/www.forward-wip.com\/wp-content\/uploads\/2021\/02\/WIPtech-04-768x443.png 768w, https:\/\/www.forward-wip.com\/wp-content\/uploads\/2021\/02\/WIPtech-04-16x9.png 16w, https:\/\/www.forward-wip.com\/wp-content\/uploads\/2021\/02\/WIPtech-04-600x346.png 600w, https:\/\/www.forward-wip.com\/wp-content\/uploads\/2021\/02\/WIPtech-04.png 939w\" sizes=\"(max-width: 87px) 100vw, 87px\" \/><\/span><\/p>\t\t\t\t\t\t\t\t<\/div>\n\t\t\t\t<\/div>\n\t\t\t\t\t<\/div>\n\t\t<\/div>\n\t\t\t\t\t<\/div>\n\t\t<\/section>\n\t\t\t\t<\/div>","protected":false},"excerpt":{"rendered":"<p>Neoprene airprene summer flex &#8211; 1.5 mm&gt;perforated neoprene for added flexibility and breathability WIP INSIDE technology integrated in key areas&gt;various panels with thermoplastic plates and high density foams to improve comfort when falling in the water Rubber coated knee pads&gt;for excellent grip Anti-abrasion fabric&gt;reinforced panels on the seat and knees for better durability A particularly [&hellip;]<\/p>","protected":false},"featured_media":8503,"template":"","meta":[],"product_brand":[],"product_cat":[263,254,253,251,252,256,264,28,35,265,244,243,245,246],"product_tag":[],"class_list":{"0":"post-450","1":"product","2":"type-product","3":"status-publish","4":"has-post-thumbnail","6":"product_cat-activities","7":"product_cat-downwind","8":"product_cat-wing","9":"product_cat-kite","10":"product_cat-wind","11":"product_cat-inshore","12":"product_cat-products","13":"product_cat-first-skin","14":"product_cat-wetsuits","15":"product_cat-technologies","16":"product_cat-wip-3ds","17":"product_cat-wip-inside","18":"product_cat-wip-link","19":"product_cat-wipee","21":"first","22":"instock","23":"shipping-taxable","24":"purchasable","25":"product-type-simple"},"_links":{"self":[{"href":"https:\/\/www.forward-wip.com\/fr\/wp-json\/wp\/v2\/product\/450","targetHints":{"allow":["GET"]}}],"collection":[{"href":"https:\/\/www.forward-wip.com\/fr\/wp-json\/wp\/v2\/product"}],"about":[{"href":"https:\/\/www.forward-wip.com\/fr\/wp-json\/wp\/v2\/types\/product"}],"version-history":[{"count":0,"href":"https:\/\/www.forward-wip.com\/fr\/wp-json\/wp\/v2\/product\/450\/revisions"}],"wp:featuredmedia":[{"embeddable":true,"href":"https:\/\/www.forward-wip.com\/fr\/wp-json\/wp\/v2\/media\/8503"}],"wp:attachment":[{"href":"https:\/\/www.forward-wip.com\/fr\/wp-json\/wp\/v2\/media?parent=450"}],"wp:term":[{"taxonomy":"product_brand","embeddable":true,"href":"https:\/\/www.forward-wip.com\/fr\/wp-json\/wp\/v2\/product_brand?post=450"},{"taxonomy":"product_cat","embeddable":true,"href":"https:\/\/www.forward-wip.com\/fr\/wp-json\/wp\/v2\/product_cat?post=450"},{"taxonomy":"product_tag","embeddable":true,"href":"https:\/\/www.forward-wip.com\/fr\/wp-json\/wp\/v2\/product_tag?post=450"}],"curies":[{"name":"wp","href":"https:\/\/api.w.org\/{rel}","templated":true}]}}