{"id":443,"date":"2021-02-09T17:23:21","date_gmt":"2021-02-09T16:23:21","guid":{"rendered":"https:\/\/www.forward-wip.com\/produit\/hybrid-semi-dry-junior\/"},"modified":"2025-02-18T09:51:21","modified_gmt":"2025-02-18T08:51:21","slug":"hybrid-semi-dry-jr","status":"publish","type":"product","link":"https:\/\/www.forward-wip.com\/fr\/produit\/hybrid-semi-dry-jr\/","title":{"rendered":"HYBRID SEMI DRY JR"},"content":{"rendered":"<div data-elementor-type=\"product-post\" data-elementor-id=\"443\" class=\"elementor elementor-443\" data-elementor-post-type=\"product\">\n\t\t\t\t\t\t<section class=\"elementor-section elementor-top-section elementor-element elementor-element-9bd8f92 elementor-section-boxed elementor-section-height-default elementor-section-height-default\" data-id=\"9bd8f92\" data-element_type=\"section\">\n\t\t\t\t\t\t<div class=\"elementor-container elementor-column-gap-default\">\n\t\t\t\t\t<div class=\"elementor-column elementor-col-100 elementor-top-column elementor-element elementor-element-567d4b2\" data-id=\"567d4b2\" data-element_type=\"column\">\n\t\t\t<div class=\"elementor-widget-wrap elementor-element-populated\">\n\t\t\t\t\t\t<div class=\"elementor-element elementor-element-dfd7e62 elementor-widget elementor-widget-gallery\" data-id=\"dfd7e62\" data-element_type=\"widget\" data-settings=\"{&quot;aspect_ratio&quot;:&quot;1:1&quot;,&quot;columns&quot;:2,&quot;lazyload&quot;:&quot;yes&quot;,&quot;gallery_layout&quot;:&quot;grid&quot;,&quot;columns_tablet&quot;:2,&quot;columns_mobile&quot;:1,&quot;gap&quot;:{&quot;unit&quot;:&quot;px&quot;,&quot;size&quot;:10,&quot;sizes&quot;:[]},&quot;gap_tablet&quot;:{&quot;unit&quot;:&quot;px&quot;,&quot;size&quot;:10,&quot;sizes&quot;:[]},&quot;gap_mobile&quot;:{&quot;unit&quot;:&quot;px&quot;,&quot;size&quot;:10,&quot;sizes&quot;:[]},&quot;link_to&quot;:&quot;file&quot;,&quot;overlay_background&quot;:&quot;yes&quot;,&quot;content_hover_animation&quot;:&quot;fade-in&quot;}\" data-widget_type=\"gallery.default\">\n\t\t\t\t<div class=\"elementor-widget-container\">\n\t\t\t\t\t\t\t<div class=\"elementor-gallery__container\">\n\t\t\t\t\t\t\t<a class=\"e-gallery-item elementor-gallery-item elementor-animated-content\" href=\"https:\/\/www.forward-wip.com\/wp-content\/uploads\/2021\/02\/1.-HYBRID-SEMI-DRY-JR.png\" data-elementor-open-lightbox=\"yes\" data-elementor-lightbox-slideshow=\"dfd7e62\" data-e-action-hash=\"#elementor-action%3Aaction%3Dlightbox%26settings%3DeyJpZCI6NzkzMywidXJsIjoiaHR0cHM6XC9cL3d3dy5mb3J3YXJkLXdpcC5jb21cL3dwLWNvbnRlbnRcL3VwbG9hZHNcLzIwMjFcLzAyXC8xLi1IWUJSSUQtU0VNSS1EUlktSlIucG5nIiwic2xpZGVzaG93IjoiZGZkN2U2MiJ9\">\n\t\t\t\t\t<div class=\"e-gallery-image elementor-gallery-item__image\" data-thumbnail=\"https:\/\/www.forward-wip.com\/wp-content\/uploads\/2021\/02\/1.-HYBRID-SEMI-DRY-JR.png\" data-width=\"800\" data-height=\"800\" aria-label=\"\" role=\"img\" ><\/div>\n\t\t\t\t\t\t\t\t\t\t\t<div class=\"elementor-gallery-item__overlay\"><\/div>\n\t\t\t\t\t\t\t\t\t\t\t\t\t\t<\/a>\n\t\t\t\t\t\t\t<a class=\"e-gallery-item elementor-gallery-item elementor-animated-content\" href=\"https:\/\/www.forward-wip.com\/wp-content\/uploads\/2021\/02\/7.-HYBRID-SEMI-DRY-1.jpg\" data-elementor-open-lightbox=\"yes\" data-elementor-lightbox-slideshow=\"dfd7e62\" data-e-action-hash=\"#elementor-action%3Aaction%3Dlightbox%26settings%3DeyJpZCI6MTQ5MSwidXJsIjoiaHR0cHM6XC9cL3d3dy5mb3J3YXJkLXdpcC5jb21cL3dwLWNvbnRlbnRcL3VwbG9hZHNcLzIwMjFcLzAyXC83Li1IWUJSSUQtU0VNSS1EUlktMS5qcGciLCJzbGlkZXNob3ciOiJkZmQ3ZTYyIn0%3D\">\n\t\t\t\t\t<div class=\"e-gallery-image elementor-gallery-item__image\" data-thumbnail=\"https:\/\/www.forward-wip.com\/wp-content\/uploads\/2021\/02\/7.-HYBRID-SEMI-DRY-1.jpg\" data-width=\"800\" data-height=\"800\" aria-label=\"\" role=\"img\" ><\/div>\n\t\t\t\t\t\t\t\t\t\t\t<div class=\"elementor-gallery-item__overlay\"><\/div>\n\t\t\t\t\t\t\t\t\t\t\t\t\t\t<\/a>\n\t\t\t\t\t\t\t<a class=\"e-gallery-item elementor-gallery-item elementor-animated-content\" href=\"https:\/\/www.forward-wip.com\/wp-content\/uploads\/2021\/02\/4.-HYBRID-SEMI-DRY-1.jpg\" data-elementor-open-lightbox=\"yes\" data-elementor-lightbox-slideshow=\"dfd7e62\" data-e-action-hash=\"#elementor-action%3Aaction%3Dlightbox%26settings%3DeyJpZCI6MTQ4OCwidXJsIjoiaHR0cHM6XC9cL3d3dy5mb3J3YXJkLXdpcC5jb21cL3dwLWNvbnRlbnRcL3VwbG9hZHNcLzIwMjFcLzAyXC80Li1IWUJSSUQtU0VNSS1EUlktMS5qcGciLCJzbGlkZXNob3ciOiJkZmQ3ZTYyIn0%3D\">\n\t\t\t\t\t<div class=\"e-gallery-image elementor-gallery-item__image\" data-thumbnail=\"https:\/\/www.forward-wip.com\/wp-content\/uploads\/2021\/02\/4.-HYBRID-SEMI-DRY-1.jpg\" data-width=\"800\" data-height=\"800\" aria-label=\"\" role=\"img\" ><\/div>\n\t\t\t\t\t\t\t\t\t\t\t<div class=\"elementor-gallery-item__overlay\"><\/div>\n\t\t\t\t\t\t\t\t\t\t\t\t\t\t<\/a>\n\t\t\t\t\t\t\t<a class=\"e-gallery-item elementor-gallery-item elementor-animated-content\" href=\"https:\/\/www.forward-wip.com\/wp-content\/uploads\/2021\/02\/3.-HYBRID-SEMI-DRY-1.jpg\" data-elementor-open-lightbox=\"yes\" data-elementor-lightbox-slideshow=\"dfd7e62\" data-e-action-hash=\"#elementor-action%3Aaction%3Dlightbox%26settings%3DeyJpZCI6MTQ4NywidXJsIjoiaHR0cHM6XC9cL3d3dy5mb3J3YXJkLXdpcC5jb21cL3dwLWNvbnRlbnRcL3VwbG9hZHNcLzIwMjFcLzAyXC8zLi1IWUJSSUQtU0VNSS1EUlktMS5qcGciLCJzbGlkZXNob3ciOiJkZmQ3ZTYyIn0%3D\">\n\t\t\t\t\t<div class=\"e-gallery-image elementor-gallery-item__image\" data-thumbnail=\"https:\/\/www.forward-wip.com\/wp-content\/uploads\/2021\/02\/3.-HYBRID-SEMI-DRY-1.jpg\" data-width=\"800\" data-height=\"800\" aria-label=\"\" role=\"img\" ><\/div>\n\t\t\t\t\t\t\t\t\t\t\t<div class=\"elementor-gallery-item__overlay\"><\/div>\n\t\t\t\t\t\t\t\t\t\t\t\t\t\t<\/a>\n\t\t\t\t\t<\/div>\n\t\t\t\t\t<\/div>\n\t\t\t\t<\/div>\n\t\t\t\t\t<\/div>\n\t\t<\/div>\n\t\t\t\t\t<\/div>\n\t\t<\/section>\n\t\t\t\t<section class=\"elementor-section elementor-top-section elementor-element elementor-element-53d6b224 elementor-section-boxed elementor-section-height-default elementor-section-height-default\" data-id=\"53d6b224\" data-element_type=\"section\">\n\t\t\t\t\t\t<div class=\"elementor-container elementor-column-gap-default\">\n\t\t\t\t\t<div class=\"elementor-column elementor-col-100 elementor-top-column elementor-element elementor-element-7c6a8ed6\" data-id=\"7c6a8ed6\" data-element_type=\"column\">\n\t\t\t<div class=\"elementor-widget-wrap elementor-element-populated\">\n\t\t\t\t\t\t<div class=\"elementor-element elementor-element-38c8ed21 elementor-widget elementor-widget-text-editor\" data-id=\"38c8ed21\" data-element_type=\"widget\" data-widget_type=\"text-editor.default\">\n\t\t\t\t<div class=\"elementor-widget-container\">\n\t\t\t\t\t\t\t\t\t<p>Partie haute con\u00e7u avec une membrane 3 couches, \u00e9tanche, respirante, stretch<br \/>&gt;pour un maximum de libert\u00e9 et souplesse<\/p><p>Partie inf\u00e9rieure : n\u00e9opr\u00e8ne super stretch<br \/>&gt;pour une protection et un confort maximum<\/p><p>WIP INSIDE technologie int\u00e9gr\u00e9e aux endroits cl\u00e9s<br \/>&gt;divers panneaux avec plaques thermoplastiques et mousses haute densit\u00e9 pour am\u00e9liorer le confort lors des chutes dans l'eau<\/p><p>Tissu anti-abrasion<br \/>&gt;panneaux renforc\u00e9s sur l'assise et les genoux pour une meilleure durabilit\u00e9<\/p><p>Col et poignets imperm\u00e9ables en n\u00e9opr\u00e8ne<br \/>&gt;coutures souples et confortables qui permettent de rester au sec<\/p><p>Ouverture braguette (pas pour la junior)<br \/>&gt;facile d'acc\u00e8s<\/p><p><img decoding=\"async\" class=\"alignnone wp-image-1802\" src=\"https:\/\/www.forward-wip.com\/wp-content\/uploads\/2021\/02\/WIPtech-04-300x173.png\" alt=\"\" width=\"61\" height=\"35\" srcset=\"https:\/\/www.forward-wip.com\/wp-content\/uploads\/2021\/02\/WIPtech-04-300x173.png 300w, https:\/\/www.forward-wip.com\/wp-content\/uploads\/2021\/02\/WIPtech-04-768x443.png 768w, https:\/\/www.forward-wip.com\/wp-content\/uploads\/2021\/02\/WIPtech-04-16x9.png 16w, https:\/\/www.forward-wip.com\/wp-content\/uploads\/2021\/02\/WIPtech-04-600x346.png 600w, https:\/\/www.forward-wip.com\/wp-content\/uploads\/2021\/02\/WIPtech-04.png 939w\" sizes=\"(max-width: 61px) 100vw, 61px\" \/><\/p>\t\t\t\t\t\t\t\t<\/div>\n\t\t\t\t<\/div>\n\t\t\t\t\t<\/div>\n\t\t<\/div>\n\t\t\t\t\t<\/div>\n\t\t<\/section>\n\t\t\t\t<\/div>","protected":false},"excerpt":{"rendered":"<p>High part designed with a 3-layer membrane, waterproof, breathable, stretch &gt;for maximum freedom and flexibility Lower part: super stretch neoprene &gt;for maximum protection and comfort WIP INSIDE technology integrated in key areas &gt;various panels with thermoplastic plates and high density foams to improve comfort when falling in the water Anti-abrasion fabric &gt;reinforced panels on the [&hellip;]<\/p>","protected":false},"featured_media":7933,"template":"","meta":[],"product_brand":[],"product_cat":[264,28,35,265,243],"product_tag":[],"class_list":{"0":"post-443","1":"product","2":"type-product","3":"status-publish","4":"has-post-thumbnail","6":"product_cat-products","7":"product_cat-first-skin","8":"product_cat-wetsuits","9":"product_cat-technologies","10":"product_cat-wip-inside","12":"first","13":"instock","14":"shipping-taxable","15":"purchasable","16":"product-type-variable"},"_links":{"self":[{"href":"https:\/\/www.forward-wip.com\/fr\/wp-json\/wp\/v2\/product\/443","targetHints":{"allow":["GET"]}}],"collection":[{"href":"https:\/\/www.forward-wip.com\/fr\/wp-json\/wp\/v2\/product"}],"about":[{"href":"https:\/\/www.forward-wip.com\/fr\/wp-json\/wp\/v2\/types\/product"}],"version-history":[{"count":0,"href":"https:\/\/www.forward-wip.com\/fr\/wp-json\/wp\/v2\/product\/443\/revisions"}],"wp:featuredmedia":[{"embeddable":true,"href":"https:\/\/www.forward-wip.com\/fr\/wp-json\/wp\/v2\/media\/7933"}],"wp:attachment":[{"href":"https:\/\/www.forward-wip.com\/fr\/wp-json\/wp\/v2\/media?parent=443"}],"wp:term":[{"taxonomy":"product_brand","embeddable":true,"href":"https:\/\/www.forward-wip.com\/fr\/wp-json\/wp\/v2\/product_brand?post=443"},{"taxonomy":"product_cat","embeddable":true,"href":"https:\/\/www.forward-wip.com\/fr\/wp-json\/wp\/v2\/product_cat?post=443"},{"taxonomy":"product_tag","embeddable":true,"href":"https:\/\/www.forward-wip.com\/fr\/wp-json\/wp\/v2\/product_tag?post=443"}],"curies":[{"name":"wp","href":"https:\/\/api.w.org\/{rel}","templated":true}]}}