{"id":433,"date":"2021-02-09T17:17:20","date_gmt":"2021-02-09T16:17:20","guid":{"rendered":"https:\/\/www.forward-wip.com\/produit\/safety-mirror-whistle-kit\/"},"modified":"2025-02-18T09:38:54","modified_gmt":"2025-02-18T08:38:54","slug":"safety-mirror-whistle-kit","status":"publish","type":"product","link":"https:\/\/www.forward-wip.com\/fr\/produit\/safety-mirror-whistle-kit\/","title":{"rendered":"SAFETY MIRROR WHISTLE KIT"},"content":{"rendered":"<p>Signal mirror allowing to be seen from far, depending on the light intensity<br \/>\nSifflet de s\u00e9curit\u00e9 sp\u00e9cialement con\u00e7u pour le milieu aquatique \u00e9met un son puissant<br \/>\nDelivered in a bag that makes it easy to store on your dinghy or catamaran<\/p>","protected":false},"excerpt":{"rendered":"<p>Signal mirror allowing to be seen from far, depending on the light intensity Safety whistle specially designed for the aquatic environment emits a powerful sound Delivered in a bag that makes it easy to store on your dinghy or catamaran<\/p>","protected":false},"featured_media":1021,"template":"","meta":[],"product_brand":[],"product_cat":[263,254,264,25,33],"product_tag":[],"class_list":{"0":"post-433","1":"product","2":"type-product","3":"status-publish","4":"has-post-thumbnail","6":"product_cat-activities","7":"product_cat-downwind","8":"product_cat-products","9":"product_cat-protection","10":"product_cat-vest","12":"first","13":"instock","14":"shipping-taxable","15":"purchasable","16":"product-type-simple"},"_links":{"self":[{"href":"https:\/\/www.forward-wip.com\/fr\/wp-json\/wp\/v2\/product\/433","targetHints":{"allow":["GET"]}}],"collection":[{"href":"https:\/\/www.forward-wip.com\/fr\/wp-json\/wp\/v2\/product"}],"about":[{"href":"https:\/\/www.forward-wip.com\/fr\/wp-json\/wp\/v2\/types\/product"}],"version-history":[{"count":0,"href":"https:\/\/www.forward-wip.com\/fr\/wp-json\/wp\/v2\/product\/433\/revisions"}],"wp:featuredmedia":[{"embeddable":true,"href":"https:\/\/www.forward-wip.com\/fr\/wp-json\/wp\/v2\/media\/1021"}],"wp:attachment":[{"href":"https:\/\/www.forward-wip.com\/fr\/wp-json\/wp\/v2\/media?parent=433"}],"wp:term":[{"taxonomy":"product_brand","embeddable":true,"href":"https:\/\/www.forward-wip.com\/fr\/wp-json\/wp\/v2\/product_brand?post=433"},{"taxonomy":"product_cat","embeddable":true,"href":"https:\/\/www.forward-wip.com\/fr\/wp-json\/wp\/v2\/product_cat?post=433"},{"taxonomy":"product_tag","embeddable":true,"href":"https:\/\/www.forward-wip.com\/fr\/wp-json\/wp\/v2\/product_tag?post=433"}],"curies":[{"name":"wp","href":"https:\/\/api.w.org\/{rel}","templated":true}]}}