{"id":2066,"date":"2020-03-19T14:55:23","date_gmt":"2020-03-19T13:55:23","guid":{"rendered":"https:\/\/www.forward-wip.com\/?post_type=product&#038;p=2066"},"modified":"2025-02-04T10:10:16","modified_gmt":"2025-02-04T09:10:16","slug":"hard-case-sunglasses","status":"publish","type":"product","link":"https:\/\/www.forward-wip.com\/fr\/produit\/hard-case-sunglasses\/","title":{"rendered":"\u00c9TUI RIGIDE POUR LUNETTES DE SOLEIL"},"content":{"rendered":"<p>Bo\u00eete \u00e0 lunettes avec finition en carbone<\/p>","protected":false},"excerpt":{"rendered":"<p>Bo\u00eete \u00e0 lunettes avec finition en carbone<\/p>","protected":false},"featured_media":2151,"template":"","meta":[],"product_brand":[],"product_cat":[264,27,29,53],"product_tag":[],"class_list":{"0":"post-2066","1":"product","2":"type-product","3":"status-publish","4":"has-post-thumbnail","6":"product_cat-products","7":"product_cat-eye-protection","8":"product_cat-accessories","9":"product_cat-spare-parts","11":"first","12":"instock","13":"shipping-taxable","14":"purchasable","15":"product-type-simple"},"_links":{"self":[{"href":"https:\/\/www.forward-wip.com\/fr\/wp-json\/wp\/v2\/product\/2066","targetHints":{"allow":["GET"]}}],"collection":[{"href":"https:\/\/www.forward-wip.com\/fr\/wp-json\/wp\/v2\/product"}],"about":[{"href":"https:\/\/www.forward-wip.com\/fr\/wp-json\/wp\/v2\/types\/product"}],"version-history":[{"count":0,"href":"https:\/\/www.forward-wip.com\/fr\/wp-json\/wp\/v2\/product\/2066\/revisions"}],"wp:featuredmedia":[{"embeddable":true,"href":"https:\/\/www.forward-wip.com\/fr\/wp-json\/wp\/v2\/media\/2151"}],"wp:attachment":[{"href":"https:\/\/www.forward-wip.com\/fr\/wp-json\/wp\/v2\/media?parent=2066"}],"wp:term":[{"taxonomy":"product_brand","embeddable":true,"href":"https:\/\/www.forward-wip.com\/fr\/wp-json\/wp\/v2\/product_brand?post=2066"},{"taxonomy":"product_cat","embeddable":true,"href":"https:\/\/www.forward-wip.com\/fr\/wp-json\/wp\/v2\/product_cat?post=2066"},{"taxonomy":"product_tag","embeddable":true,"href":"https:\/\/www.forward-wip.com\/fr\/wp-json\/wp\/v2\/product_tag?post=2066"}],"curies":[{"name":"wp","href":"https:\/\/api.w.org\/{rel}","templated":true}]}}