{"id":14326,"date":"2026-02-02T12:11:18","date_gmt":"2026-02-02T11:11:18","guid":{"rendered":"https:\/\/www.forward-wip.com\/?post_type=product&#038;p=14326"},"modified":"2026-03-10T16:49:26","modified_gmt":"2026-03-10T15:49:26","slug":"wing-neo-vest-50n-2-0","status":"publish","type":"product","link":"https:\/\/www.forward-wip.com\/fr\/produit\/wing-neo-vest-50n-2-0\/","title":{"rendered":"WING NEO VEST 50N 2.0"},"content":{"rendered":"<div data-elementor-type=\"product-post\" data-elementor-id=\"14326\" class=\"elementor elementor-14326\" data-elementor-post-type=\"product\">\n\t\t\t\t\t\t<section class=\"elementor-section elementor-top-section elementor-element elementor-element-1be6adef elementor-section-boxed elementor-section-height-default elementor-section-height-default\" data-id=\"1be6adef\" data-element_type=\"section\">\n\t\t\t\t\t\t<div class=\"elementor-container elementor-column-gap-default\">\n\t\t\t\t\t<div class=\"elementor-column elementor-col-100 elementor-top-column elementor-element elementor-element-1be4b18e\" data-id=\"1be4b18e\" data-element_type=\"column\">\n\t\t\t<div class=\"elementor-widget-wrap elementor-element-populated\">\n\t\t\t\t\t\t<div class=\"elementor-element elementor-element-14a34b37 elementor-widget elementor-widget-text-editor\" data-id=\"14a34b37\" data-element_type=\"widget\" data-widget_type=\"text-editor.default\">\n\t\t\t\t<div class=\"elementor-widget-container\">\n\t\t\t\t\t\t\t\t\t<p><strong><br \/>Gilet d'Impact avec boucle de harnais int\u00e9gr\u00e9e pour une Mobilit\u00e9 Maximale<\/strong><\/p><div class=\"ewa-rteLine\"><div class=\"ewa-rteLine\">\u2022 Ultra-Thin Design \u2013 Super stretch neoprene<\/div><div class=\"ewa-rteLine\">\u2022 Intergated Wing harness hook 40 mm<\/div><div class=\"ewa-rteLine\">\u2022 Higher Hook position<\/div><div class=\"ewa-rteLine\">\u2022 Back Support Pad for more comfort and Power in the harness<\/div><div class=\"ewa-rteLine\">\u2022 Freedom to Move \u2013 Low profile cut and wide openings for total mo bility.<\/div><div class=\"ewa-rteLine\">\u2022 Smart Storage \u2013 2 easy-access pockets: 1 large 3D stretch zipper, 1 shoulder pocket<\/div><div class=\"ewa-rteLine\">\u2022 Stay Put Fit \u2013 Harness loop prevents ride-up found in standard PFDs<\/div><div class=\"ewa-rteLine\"><strong>DO NOT use it to attach your wing leash, this is not made for this purpose<\/strong><\/div><div class=\"ewa-rteLine\"><strong>\u26a0\ufe0f You will find the plastic hook of your vest hooked on this loop for transportation reason only. Please install the Hook on the Webbing strap as per explained in the video bellow<\/strong><\/div><div class=\"ewa-rteLine\">\u2022 Certified Safety \u2013 50N buoyancy, EN ISO 12402-5, impact tested<\/div><div class=\"ewa-rteLine\">\u2022 One color : Grey \/ Red inside<\/div><div class=\"ewa-rteLine\">\u00a0<\/div><div class=\"ewa-rteLine\"><em><strong>Become &#8220;one&#8221; with your body, get the best of impact protection and buoyancy for a maximum freedom of movement during your Wing &amp; Para Wing sessions.<\/strong><\/em><\/div><\/div>\t\t\t\t\t\t\t\t<\/div>\n\t\t\t\t<\/div>\n\t\t\t\t<div class=\"elementor-element elementor-element-39719ab elementor-gallery--filter-align-left elementor-widget elementor-widget-gallery\" data-id=\"39719ab\" data-element_type=\"widget\" data-settings=\"{&quot;aspect_ratio&quot;:&quot;1:1&quot;,&quot;columns&quot;:2,&quot;lazyload&quot;:&quot;yes&quot;,&quot;gallery_layout&quot;:&quot;grid&quot;,&quot;columns_tablet&quot;:2,&quot;columns_mobile&quot;:1,&quot;gap&quot;:{&quot;unit&quot;:&quot;px&quot;,&quot;size&quot;:10,&quot;sizes&quot;:[]},&quot;gap_tablet&quot;:{&quot;unit&quot;:&quot;px&quot;,&quot;size&quot;:10,&quot;sizes&quot;:[]},&quot;gap_mobile&quot;:{&quot;unit&quot;:&quot;px&quot;,&quot;size&quot;:10,&quot;sizes&quot;:[]},&quot;link_to&quot;:&quot;file&quot;,&quot;overlay_background&quot;:&quot;yes&quot;,&quot;content_hover_animation&quot;:&quot;fade-in&quot;}\" data-widget_type=\"gallery.default\">\n\t\t\t\t<div class=\"elementor-widget-container\">\n\t\t\t\t\t\t\t\t<div class=\"elementor-gallery__titles-container e--pointer-underline e--animation-fade\" aria-label=\"Gallery filter\">\n\t\t\t\t\n\t\t\t\t\t\t\t\t\t<a class=\"elementor-item elementor-gallery-title\" role=\"button\" tabindex=\"0\" data-gallery-index=\"0\">\n\t\t\t\t\t\tAll about details\t\t\t\t\t<\/a>\n\t\t\t\t\t\t\t\t<\/div>\n\t\t\t\t\t<div class=\"elementor-gallery__container\">\n\t\t\t\t\t\t\t<a class=\"e-gallery-item elementor-gallery-item elementor-animated-content\" data-e-gallery-tags=\"0\" href=\"https:\/\/www.forward-wip.com\/wp-content\/uploads\/2025\/05\/02.WING-NEO-VEST.jpg\" data-elementor-open-lightbox=\"yes\" data-elementor-lightbox-slideshow=\"39719ab\" data-e-action-hash=\"#elementor-action%3Aaction%3Dlightbox%26settings%3DeyJpZCI6MTI0ODgsInVybCI6Imh0dHBzOlwvXC93d3cuZm9yd2FyZC13aXAuY29tXC93cC1jb250ZW50XC91cGxvYWRzXC8yMDI1XC8wNVwvMDIuV0lORy1ORU8tVkVTVC5qcGciLCJzbGlkZXNob3ciOiIzOTcxOWFiIn0%3D\">\n\t\t\t\t\t<div class=\"e-gallery-image elementor-gallery-item__image\" data-thumbnail=\"https:\/\/www.forward-wip.com\/wp-content\/uploads\/2025\/05\/02.WING-NEO-VEST.jpg\" data-width=\"2500\" data-height=\"2500\" aria-label=\"\" role=\"img\" ><\/div>\n\t\t\t\t\t\t\t\t\t\t\t<div class=\"elementor-gallery-item__overlay\"><\/div>\n\t\t\t\t\t\t\t\t\t\t\t\t\t\t<\/a>\n\t\t\t\t\t\t\t<a class=\"e-gallery-item elementor-gallery-item elementor-animated-content\" data-e-gallery-tags=\"0\" href=\"https:\/\/www.forward-wip.com\/wp-content\/uploads\/2024\/01\/04.WING-NEO-VEST.jpg\" data-elementor-open-lightbox=\"yes\" data-elementor-lightbox-slideshow=\"39719ab\" data-e-action-hash=\"#elementor-action%3Aaction%3Dlightbox%26settings%3DeyJpZCI6OTQ0MywidXJsIjoiaHR0cHM6XC9cL3d3dy5mb3J3YXJkLXdpcC5jb21cL3dwLWNvbnRlbnRcL3VwbG9hZHNcLzIwMjRcLzAxXC8wNC5XSU5HLU5FTy1WRVNULmpwZyIsInNsaWRlc2hvdyI6IjM5NzE5YWIifQ%3D%3D\">\n\t\t\t\t\t<div class=\"e-gallery-image elementor-gallery-item__image\" data-thumbnail=\"https:\/\/www.forward-wip.com\/wp-content\/uploads\/2024\/01\/04.WING-NEO-VEST.jpg\" data-width=\"2500\" data-height=\"2500\" aria-label=\"\" role=\"img\" ><\/div>\n\t\t\t\t\t\t\t\t\t\t\t<div class=\"elementor-gallery-item__overlay\"><\/div>\n\t\t\t\t\t\t\t\t\t\t\t\t\t\t<\/a>\n\t\t\t\t\t\t\t<a class=\"e-gallery-item elementor-gallery-item elementor-animated-content\" data-e-gallery-tags=\"0\" href=\"https:\/\/www.forward-wip.com\/wp-content\/uploads\/2025\/05\/07.WING-NEO-VEST.jpg\" data-elementor-open-lightbox=\"yes\" data-elementor-lightbox-slideshow=\"39719ab\" data-e-action-hash=\"#elementor-action%3Aaction%3Dlightbox%26settings%3DeyJpZCI6MTI0ODYsInVybCI6Imh0dHBzOlwvXC93d3cuZm9yd2FyZC13aXAuY29tXC93cC1jb250ZW50XC91cGxvYWRzXC8yMDI1XC8wNVwvMDcuV0lORy1ORU8tVkVTVC5qcGciLCJzbGlkZXNob3ciOiIzOTcxOWFiIn0%3D\">\n\t\t\t\t\t<div class=\"e-gallery-image elementor-gallery-item__image\" data-thumbnail=\"https:\/\/www.forward-wip.com\/wp-content\/uploads\/2025\/05\/07.WING-NEO-VEST.jpg\" data-width=\"2500\" data-height=\"2500\" aria-label=\"\" role=\"img\" ><\/div>\n\t\t\t\t\t\t\t\t\t\t\t<div class=\"elementor-gallery-item__overlay\"><\/div>\n\t\t\t\t\t\t\t\t\t\t\t\t\t\t<\/a>\n\t\t\t\t\t\t\t<a class=\"e-gallery-item elementor-gallery-item elementor-animated-content\" data-e-gallery-tags=\"0\" href=\"https:\/\/www.forward-wip.com\/wp-content\/uploads\/2026\/02\/06.WING-NEO-VEST.jpg\" data-elementor-open-lightbox=\"yes\" data-elementor-lightbox-slideshow=\"39719ab\" data-e-action-hash=\"#elementor-action%3Aaction%3Dlightbox%26settings%3DeyJpZCI6MTQzMzUsInVybCI6Imh0dHBzOlwvXC93d3cuZm9yd2FyZC13aXAuY29tXC93cC1jb250ZW50XC91cGxvYWRzXC8yMDI2XC8wMlwvMDYuV0lORy1ORU8tVkVTVC5qcGciLCJzbGlkZXNob3ciOiIzOTcxOWFiIn0%3D\">\n\t\t\t\t\t<div class=\"e-gallery-image elementor-gallery-item__image\" data-thumbnail=\"https:\/\/www.forward-wip.com\/wp-content\/uploads\/2026\/02\/06.WING-NEO-VEST.jpg\" data-width=\"2500\" data-height=\"2500\" aria-label=\"\" role=\"img\" ><\/div>\n\t\t\t\t\t\t\t\t\t\t\t<div class=\"elementor-gallery-item__overlay\"><\/div>\n\t\t\t\t\t\t\t\t\t\t\t\t\t\t<\/a>\n\t\t\t\t\t<\/div>\n\t\t\t\t\t<\/div>\n\t\t\t\t<\/div>\n\t\t\t\t\t<\/div>\n\t\t<\/div>\n\t\t\t\t\t<\/div>\n\t\t<\/section>\n\t\t<div class=\"elementor-element elementor-element-0884ccb e-flex e-con-boxed e-con e-parent\" data-id=\"0884ccb\" data-element_type=\"container\">\n\t\t\t\t\t<div class=\"e-con-inner\">\n\t\t\t\t<div class=\"elementor-element elementor-element-178f498 elementor-widget elementor-widget-gallery\" data-id=\"178f498\" data-element_type=\"widget\" data-settings=\"{&quot;columns&quot;:2,&quot;aspect_ratio&quot;:&quot;1:1&quot;,&quot;lazyload&quot;:&quot;yes&quot;,&quot;gallery_layout&quot;:&quot;grid&quot;,&quot;columns_tablet&quot;:2,&quot;columns_mobile&quot;:1,&quot;gap&quot;:{&quot;unit&quot;:&quot;px&quot;,&quot;size&quot;:10,&quot;sizes&quot;:[]},&quot;gap_tablet&quot;:{&quot;unit&quot;:&quot;px&quot;,&quot;size&quot;:10,&quot;sizes&quot;:[]},&quot;gap_mobile&quot;:{&quot;unit&quot;:&quot;px&quot;,&quot;size&quot;:10,&quot;sizes&quot;:[]},&quot;link_to&quot;:&quot;file&quot;,&quot;overlay_background&quot;:&quot;yes&quot;,&quot;content_hover_animation&quot;:&quot;fade-in&quot;}\" data-widget_type=\"gallery.default\">\n\t\t\t\t<div class=\"elementor-widget-container\">\n\t\t\t\t\t\t\t<div class=\"elementor-gallery__container\">\n\t\t\t\t\t\t\t<a class=\"e-gallery-item elementor-gallery-item elementor-animated-content\" href=\"https:\/\/www.forward-wip.com\/wp-content\/uploads\/2021\/02\/neo-no-wing-leash-.png\" data-elementor-open-lightbox=\"yes\" data-elementor-lightbox-slideshow=\"178f498\" data-e-action-hash=\"#elementor-action%3Aaction%3Dlightbox%26settings%3DeyJpZCI6MTQ2MDEsInVybCI6Imh0dHBzOlwvXC93d3cuZm9yd2FyZC13aXAuY29tXC93cC1jb250ZW50XC91cGxvYWRzXC8yMDIxXC8wMlwvbmVvLW5vLXdpbmctbGVhc2gtLnBuZyIsInNsaWRlc2hvdyI6IjE3OGY0OTgifQ%3D%3D\">\n\t\t\t\t\t<div class=\"e-gallery-image elementor-gallery-item__image\" data-thumbnail=\"https:\/\/www.forward-wip.com\/wp-content\/uploads\/2021\/02\/neo-no-wing-leash--300x300.png\" data-width=\"300\" data-height=\"300\" aria-label=\"\" role=\"img\" ><\/div>\n\t\t\t\t\t\t\t\t\t\t\t<div class=\"elementor-gallery-item__overlay\"><\/div>\n\t\t\t\t\t\t\t\t\t\t\t\t\t\t<\/a>\n\t\t\t\t\t\t\t<a class=\"e-gallery-item elementor-gallery-item elementor-animated-content\" href=\"https:\/\/www.forward-wip.com\/wp-content\/uploads\/2026\/03\/wing-neo-hook-.png\" data-elementor-open-lightbox=\"yes\" data-elementor-lightbox-slideshow=\"178f498\" data-e-action-hash=\"#elementor-action%3Aaction%3Dlightbox%26settings%3DeyJpZCI6MTQ2MDUsInVybCI6Imh0dHBzOlwvXC93d3cuZm9yd2FyZC13aXAuY29tXC93cC1jb250ZW50XC91cGxvYWRzXC8yMDI2XC8wM1wvd2luZy1uZW8taG9vay0ucG5nIiwic2xpZGVzaG93IjoiMTc4ZjQ5OCJ9\">\n\t\t\t\t\t<div class=\"e-gallery-image elementor-gallery-item__image\" data-thumbnail=\"https:\/\/www.forward-wip.com\/wp-content\/uploads\/2026\/03\/wing-neo-hook--300x300.png\" data-width=\"300\" data-height=\"300\" aria-label=\"\" role=\"img\" ><\/div>\n\t\t\t\t\t\t\t\t\t\t\t<div class=\"elementor-gallery-item__overlay\"><\/div>\n\t\t\t\t\t\t\t\t\t\t\t\t\t\t<\/a>\n\t\t\t\t\t<\/div>\n\t\t\t\t\t<\/div>\n\t\t\t\t<\/div>\n\t\t\t\t\t<\/div>\n\t\t\t\t<\/div>\n\t\t\t\t<\/div>","protected":false},"excerpt":{"rendered":"<p>Impact Vest with integrated Harness for an Absolute Mobility \u2022 Ultra-Thin Design \u2013 Super stretch neoprene\u2022 Intergated Wing harness hook 40 mm\u2022 Higher Hook position\u2022 Back Support Pad for more comfort and Power in the harness\u2022 Freedom to Move \u2013 Low profile cut and wide openings for total mo bility.\u2022 Smart Storage \u2013 2 easy-access [&hellip;]<\/p>","protected":false},"featured_media":14330,"template":"","meta":[],"product_brand":[],"product_cat":[33,263,253,264,240,25,26],"product_tag":[],"class_list":{"0":"post-14326","1":"product","2":"type-product","3":"status-publish","4":"has-post-thumbnail","6":"product_cat-vest","7":"product_cat-activities","8":"product_cat-wing","9":"product_cat-products","10":"product_cat-new","11":"product_cat-protection","12":"product_cat-harnesses","14":"first","15":"instock","16":"shipping-taxable","17":"purchasable","18":"product-type-variable"},"_links":{"self":[{"href":"https:\/\/www.forward-wip.com\/fr\/wp-json\/wp\/v2\/product\/14326","targetHints":{"allow":["GET"]}}],"collection":[{"href":"https:\/\/www.forward-wip.com\/fr\/wp-json\/wp\/v2\/product"}],"about":[{"href":"https:\/\/www.forward-wip.com\/fr\/wp-json\/wp\/v2\/types\/product"}],"version-history":[{"count":0,"href":"https:\/\/www.forward-wip.com\/fr\/wp-json\/wp\/v2\/product\/14326\/revisions"}],"wp:featuredmedia":[{"embeddable":true,"href":"https:\/\/www.forward-wip.com\/fr\/wp-json\/wp\/v2\/media\/14330"}],"wp:attachment":[{"href":"https:\/\/www.forward-wip.com\/fr\/wp-json\/wp\/v2\/media?parent=14326"}],"wp:term":[{"taxonomy":"product_brand","embeddable":true,"href":"https:\/\/www.forward-wip.com\/fr\/wp-json\/wp\/v2\/product_brand?post=14326"},{"taxonomy":"product_cat","embeddable":true,"href":"https:\/\/www.forward-wip.com\/fr\/wp-json\/wp\/v2\/product_cat?post=14326"},{"taxonomy":"product_tag","embeddable":true,"href":"https:\/\/www.forward-wip.com\/fr\/wp-json\/wp\/v2\/product_tag?post=14326"}],"curies":[{"name":"wp","href":"https:\/\/api.w.org\/{rel}","templated":true}]}}