{"id":14238,"date":"2026-02-02T09:35:46","date_gmt":"2026-02-02T08:35:46","guid":{"rendered":"https:\/\/www.forward-wip.com\/?post_type=product&#038;p=14238"},"modified":"2026-02-17T18:54:49","modified_gmt":"2026-02-17T17:54:49","slug":"wisurf","status":"publish","type":"product","link":"https:\/\/www.forward-wip.com\/fr\/produit\/wisurf\/","title":{"rendered":"WISURF"},"content":{"rendered":"<div data-elementor-type=\"product-post\" data-elementor-id=\"14238\" class=\"elementor elementor-14238\" data-elementor-post-type=\"product\">\n\t\t\t\t<div class=\"elementor-element elementor-element-56a23bae e-flex e-con-boxed e-con e-parent\" data-id=\"56a23bae\" data-element_type=\"container\">\n\t\t\t\t\t<div class=\"e-con-inner\">\n\t\t\t\t<div class=\"elementor-element elementor-element-39fbff5a elementor-widget elementor-widget-text-editor\" data-id=\"39fbff5a\" data-element_type=\"widget\" data-widget_type=\"text-editor.default\">\n\t\t\t\t<div class=\"elementor-widget-container\">\n\t\t\t\t\t\t\t\t\t<div class=\"ewa-rteLine\"><p><strong>Casque de Surf au plus proche de la t\u00eate <\/strong><\/p><div class=\"ewa-rteLine\"><div class=\"ewa-rteLine\"><div class=\"ewa-rteLine\">\u2022 Coque monobloc EVA multi-impact<\/div><div class=\"ewa-rteLine\">\u2022\u00a0Facile \u00e0 laver et a s\u00e9cher<\/div><div class=\"ewa-rteLine\">\u2022\u00a0Id\u00e9al pour les \u00e9coles de surf pour passer d'un groupe \u00e0 un autre<\/div><div class=\"ewa-rteLine\">\u2022 Protections d\u2019oreilles int\u00e9gr\u00e9es<\/div><div class=\"ewa-rteLine\">\u2022 Zone Flex \u00e0 l'arri\u00e8re pour un ajustement parfait<\/div><div class=\"ewa-rteLine\">\u2022 fabriqu\u00e9 en Italie<\/div><div class=\"ewa-rteLine\">\u2022 EN1385 04\/2012 Norm<\/div><div class=\"ewa-rteLine\">\u2022 2 couleurs : Noir et Rouge<\/div><div class=\"ewa-rteLine\">\u00a0<\/div><div class=\"ewa-rteLine\"><em><strong>Ultra compact, le Wisurf a \u00e9t\u00e9 con\u00e7u pour une p\u00e9n\u00e9tration parfaite dans l\u2019eau pour accompagner tous les surfeurs, des d\u00e9butants aux riders les plus audacieux.<\/strong><\/em><\/div><\/div><\/div><\/div>\t\t\t\t\t\t\t\t<\/div>\n\t\t\t\t<\/div>\n\t\t\t\t\t<\/div>\n\t\t\t\t<\/div>\n\t\t\t\t<\/div>","protected":false},"excerpt":{"rendered":"<p>All-round Snug Fit Surf Helmet \u2022 Multi impact EVA MONO SHELL\u200b\u2022\u00a0Easy to wash and ultra quick to dry\u2022\u00a0Perfect for surf schools to pass from a group to an other\u2022 Built in ear protectors\u200b\u2022 Zone Flex Snug fit\u200b\u2022 Made in Italy\u2022 EN1385 04\/2012 Norm\u2022 2 colors : Black &amp; Red\u00a0Compact and designed for a perfect water [&hellip;]<\/p>","protected":false},"featured_media":14243,"template":"","meta":[],"product_brand":[],"product_cat":[258,263,264,240,25,32],"product_tag":[],"class_list":{"0":"post-14238","1":"product","2":"type-product","3":"status-publish","4":"has-post-thumbnail","6":"product_cat-surfing","7":"product_cat-activities","8":"product_cat-products","9":"product_cat-new","10":"product_cat-protection","11":"product_cat-head-protection","13":"first","14":"instock","15":"shipping-taxable","16":"purchasable","17":"product-type-simple"},"_links":{"self":[{"href":"https:\/\/www.forward-wip.com\/fr\/wp-json\/wp\/v2\/product\/14238","targetHints":{"allow":["GET"]}}],"collection":[{"href":"https:\/\/www.forward-wip.com\/fr\/wp-json\/wp\/v2\/product"}],"about":[{"href":"https:\/\/www.forward-wip.com\/fr\/wp-json\/wp\/v2\/types\/product"}],"version-history":[{"count":0,"href":"https:\/\/www.forward-wip.com\/fr\/wp-json\/wp\/v2\/product\/14238\/revisions"}],"wp:featuredmedia":[{"embeddable":true,"href":"https:\/\/www.forward-wip.com\/fr\/wp-json\/wp\/v2\/media\/14243"}],"wp:attachment":[{"href":"https:\/\/www.forward-wip.com\/fr\/wp-json\/wp\/v2\/media?parent=14238"}],"wp:term":[{"taxonomy":"product_brand","embeddable":true,"href":"https:\/\/www.forward-wip.com\/fr\/wp-json\/wp\/v2\/product_brand?post=14238"},{"taxonomy":"product_cat","embeddable":true,"href":"https:\/\/www.forward-wip.com\/fr\/wp-json\/wp\/v2\/product_cat?post=14238"},{"taxonomy":"product_tag","embeddable":true,"href":"https:\/\/www.forward-wip.com\/fr\/wp-json\/wp\/v2\/product_tag?post=14238"}],"curies":[{"name":"wp","href":"https:\/\/api.w.org\/{rel}","templated":true}]}}