{"id":14230,"date":"2026-02-02T09:20:55","date_gmt":"2026-02-02T08:20:55","guid":{"rendered":"https:\/\/www.forward-wip.com\/?post_type=product&#038;p=14230"},"modified":"2026-02-17T18:54:39","modified_gmt":"2026-02-17T17:54:39","slug":"wisurf-slide","status":"publish","type":"product","link":"https:\/\/www.forward-wip.com\/fr\/produit\/wisurf-slide\/","title":{"rendered":"WISURF SLIDE"},"content":{"rendered":"<div data-elementor-type=\"product-post\" data-elementor-id=\"14230\" class=\"elementor elementor-14230\" data-elementor-post-type=\"product\">\n\t\t\t\t<div class=\"elementor-element elementor-element-56a23bae e-flex e-con-boxed e-con e-parent\" data-id=\"56a23bae\" data-element_type=\"container\">\n\t\t\t\t\t<div class=\"e-con-inner\">\n\t\t\t\t<div class=\"elementor-element elementor-element-39fbff5a elementor-widget elementor-widget-text-editor\" data-id=\"39fbff5a\" data-element_type=\"widget\" data-widget_type=\"text-editor.default\">\n\t\t\t\t<div class=\"elementor-widget-container\">\n\t\t\t\t\t\t\t\t\t<div class=\"ewa-rteLine\"><p><strong>Casque de Surf ajustable parfaitement<\/strong><\/p><div class=\"ewa-rteLine\"><div class=\"ewa-rteLine\">\u2022 Ajustement longueur r\u00e9glable : seulement 2 mod\u00e8les pour couvrir toutes les tailles :<\/div><div class=\"ewa-rteLine\">S-M : 51 \u00e0 56 cm &amp; L-XL : 57 \u00e0 61 cm<\/div><div class=\"ewa-rteLine\">\u2022 Coque haute r\u00e9sistance en PP recycl\u00e9<\/div><div class=\"ewa-rteLine\">\u2022 Doublure amortissante multi-impact en EPP<\/div><div class=\"ewa-rteLine\">\u2022 Membrane de protection des oreilles en n\u00e9opr\u00e8ne<\/div><div class=\"ewa-rteLine\">\u2022 Boucle magn\u00e9tique : ouverture rapide et s\u00e9curis\u00e9e<\/div><div class=\"ewa-rteLine\">\u2022 D\u00e9passe la norme NF EN1385 04\/2012<\/div><div class=\"ewa-rteLine\">\u2022 2 couleurs : Noir et Jaune haute visibilit\u00e9<\/div><div class=\"ewa-rteLine\">\u00a0<\/div><div class=\"ewa-rteLine\"><em><strong>Con\u00e7u sp\u00e9cialement pour un confort et une protection id\u00e9ale sous l\u2019eau, des petites aux plus grosses vagues. Son syst\u00e8me de r\u00e9glage avant-arri\u00e8re vous permet de ne faire qu'un avec votre casque.<\/strong><\/em><\/div><\/div><\/div>\t\t\t\t\t\t\t\t<\/div>\n\t\t\t\t<\/div>\n\t\t\t\t\t<\/div>\n\t\t\t\t<\/div>\n\t\t\t\t<\/div>","protected":false},"excerpt":{"rendered":"<p>Perfect Fit Adjustable Surf Helmet \u2022 Length Adjustable fit\u200b &#8211; only 2 models to cover all the sizes :S-M : 51 to 56 cm &amp; L-XL : 57 to 61 cm\u2022 High Impact PP recycled Shell\u200b\u2022 Multi impact EPP dampening liner\u200b\u2022 Neoprene ear protector membrane\u2022 Magnetic Buckle: Quick and safe release\u200b\u2022 Surpassing NF EN1385 04\/2012 [&hellip;]<\/p>","protected":false},"featured_media":14231,"template":"","meta":[],"product_brand":[],"product_cat":[258,263,264,240,25,32],"product_tag":[],"class_list":{"0":"post-14230","1":"product","2":"type-product","3":"status-publish","4":"has-post-thumbnail","6":"product_cat-surfing","7":"product_cat-activities","8":"product_cat-products","9":"product_cat-new","10":"product_cat-protection","11":"product_cat-head-protection","13":"first","14":"instock","15":"shipping-taxable","16":"purchasable","17":"product-type-simple"},"_links":{"self":[{"href":"https:\/\/www.forward-wip.com\/fr\/wp-json\/wp\/v2\/product\/14230","targetHints":{"allow":["GET"]}}],"collection":[{"href":"https:\/\/www.forward-wip.com\/fr\/wp-json\/wp\/v2\/product"}],"about":[{"href":"https:\/\/www.forward-wip.com\/fr\/wp-json\/wp\/v2\/types\/product"}],"version-history":[{"count":0,"href":"https:\/\/www.forward-wip.com\/fr\/wp-json\/wp\/v2\/product\/14230\/revisions"}],"wp:featuredmedia":[{"embeddable":true,"href":"https:\/\/www.forward-wip.com\/fr\/wp-json\/wp\/v2\/media\/14231"}],"wp:attachment":[{"href":"https:\/\/www.forward-wip.com\/fr\/wp-json\/wp\/v2\/media?parent=14230"}],"wp:term":[{"taxonomy":"product_brand","embeddable":true,"href":"https:\/\/www.forward-wip.com\/fr\/wp-json\/wp\/v2\/product_brand?post=14230"},{"taxonomy":"product_cat","embeddable":true,"href":"https:\/\/www.forward-wip.com\/fr\/wp-json\/wp\/v2\/product_cat?post=14230"},{"taxonomy":"product_tag","embeddable":true,"href":"https:\/\/www.forward-wip.com\/fr\/wp-json\/wp\/v2\/product_tag?post=14230"}],"curies":[{"name":"wp","href":"https:\/\/api.w.org\/{rel}","templated":true}]}}