{"id":9890,"date":"2024-05-03T14:21:40","date_gmt":"2024-05-03T12:21:40","guid":{"rendered":"https:\/\/www.forward-wip.com\/?page_id=9890"},"modified":"2025-01-23T10:05:48","modified_gmt":"2025-01-23T09:05:48","slug":"job-wanted","status":"publish","type":"page","link":"https:\/\/www.forward-wip.com\/fr\/job-wanted\/","title":{"rendered":"Job Wanted"},"content":{"rendered":"<div data-elementor-type=\"wp-page\" data-elementor-id=\"9890\" class=\"elementor elementor-9890\" data-elementor-post-type=\"page\">\n\t\t\t\t<div class=\"elementor-element elementor-element-df46171 e-con-full e-flex e-con e-parent\" data-id=\"df46171\" data-element_type=\"container\">\n\t\t<div class=\"elementor-element elementor-element-e25f161 e-con-full e-flex e-con e-child\" data-id=\"e25f161\" data-element_type=\"container\">\n\t\t\t\t<div class=\"elementor-element elementor-element-7513a09 elementor-widget elementor-widget-image\" data-id=\"7513a09\" data-element_type=\"widget\" data-widget_type=\"image.default\">\n\t\t\t\t<div class=\"elementor-widget-container\">\n\t\t\t\t\t\t\t\t\t\t\t\t\t\t\t<img fetchpriority=\"high\" decoding=\"async\" width=\"800\" height=\"345\" src=\"https:\/\/www.forward-wip.com\/wp-content\/uploads\/2024\/01\/Facebook_Cover-01-scaled-e1706284406915-1024x441.jpg\" class=\"attachment-large size-large wp-image-9501\" alt=\"\" srcset=\"https:\/\/www.forward-wip.com\/wp-content\/uploads\/2024\/01\/Facebook_Cover-01-scaled-e1706284406915-1024x441.jpg 1024w, https:\/\/www.forward-wip.com\/wp-content\/uploads\/2024\/01\/Facebook_Cover-01-scaled-e1706284406915-300x129.jpg 300w, https:\/\/www.forward-wip.com\/wp-content\/uploads\/2024\/01\/Facebook_Cover-01-scaled-e1706284406915-768x330.jpg 768w, https:\/\/www.forward-wip.com\/wp-content\/uploads\/2024\/01\/Facebook_Cover-01-scaled-e1706284406915-1536x661.jpg 1536w, https:\/\/www.forward-wip.com\/wp-content\/uploads\/2024\/01\/Facebook_Cover-01-scaled-e1706284406915-18x8.jpg 18w, https:\/\/www.forward-wip.com\/wp-content\/uploads\/2024\/01\/Facebook_Cover-01-scaled-e1706284406915-600x258.jpg 600w, https:\/\/www.forward-wip.com\/wp-content\/uploads\/2024\/01\/Facebook_Cover-01-scaled-e1706284406915.jpg 1873w\" sizes=\"(max-width: 800px) 100vw, 800px\" \/>\t\t\t\t\t\t\t\t\t\t\t\t\t\t\t<\/div>\n\t\t\t\t<\/div>\n\t\t\t\t<\/div>\n\t\t\t\t<\/div>\n\t\t<div class=\"elementor-element elementor-element-4254cba e-flex e-con-boxed e-con e-parent\" data-id=\"4254cba\" data-element_type=\"container\">\n\t\t\t\t\t<div class=\"e-con-inner\">\n\t\t<div class=\"elementor-element elementor-element-34e6c20 e-con-full e-flex e-con e-child\" data-id=\"34e6c20\" data-element_type=\"container\">\n\t\t\t\t<div class=\"elementor-element elementor-element-0e9e90f elementor-widget elementor-widget-text-editor\" data-id=\"0e9e90f\" data-element_type=\"widget\" data-widget_type=\"text-editor.default\">\n\t\t\t\t<div class=\"elementor-widget-container\">\n\t\t\t\t\t\t\t\t\t<h2>E-commerce Manager \u2013 Forward Group<\/h2><div><p><strong>See French version below<\/strong><\/p><h3><strong>Job description\u00a0<\/strong><\/h3><p>Forward Group is a company running active sports goods for both Sailing and Boardsports. We are designing and developing world class products for sailors and riders who go fast on the water.<\/p><p>Learn more at <a href=\"http:\/\/www.forward-wip.com\/fr\/\">www.forward-wip.com<\/a><\/p><p>We\u2019re looking for an experienced E-Comm Manager to optimize our digital commercial strategy through navigation and product discovery on both B2B and D2C websites.<\/p><p>Responsible for all tradable touch points on the sites, Forward-WIP and Forward-Watersports, you will be in charge of ergonomics, visual merchandising of all category pages, to boost cross-sell\/up-sell opportunities through product recommendations.<\/p><p>This position requires a deep knowledge of various traffic acquisition methods and tactics for improving online web traffic, reducing bounce rate and increasing conversions.<\/p><p>You need have a commercial mind, confident with analyzing data, plus a strong understanding of products and brand positioning.<\/p><h3><strong>Duties &amp; Responsibilities<\/strong><\/h3><ul><li>Responsible for online stores management (B2B and D2C), product info accuracy, category management, navigation, filters, product sorting, cross selling and up selling, on-site search management and on-site advertising.<\/li><li>Owner of on-site ergonomics &#8211; ensure all customer experiences and touch points are maximized to best potential.<\/li><li>Set up the annual B2B and D2C sales calendar with sales team.<\/li><li>Work closely with Marketing and Product teams to plan key launches (new collections, phase out products).<\/li><li>Monitor and manage online campaigns and associated Budget.<\/li><li>Work on Traffic management, newsletters and other ad-hoc product focused emails. Optimize landing pages related to paid traffic campaigns and SEO.<\/li><li>Implement best Search Engine Optimization (SEO) practices and techniques.<\/li><li>Active participation in testing new features to continually optimize, driving conversion rate.<\/li><li>Work closely with Customer service and Logistics teams to monitor and analyze returns.<\/li><li>Prepare and present Online Sales reports (B2B &amp; D2C, by category, by country).<\/li><\/ul><h3><strong>Required Skills, Knowledge and Experience:<\/strong><\/h3><ul><li>3-5 years\u2019 experience in e-commerce and website management role or similar<\/li><li>Good knowledge of e-com platforms and solutions.<\/li><li>Good knowledge of web analytic tools, such as Google Analytics<\/li><li>Strongly numerate and comfortable manipulating data sets.<\/li><li>Excellent communication and presentation skills.<\/li><li>Comfortable with showing what data means how we can take action.<\/li><li>Ability to work under pressure and team player commitment.<\/li><li>Proficient user of Excel, Tableau and Google Analytics.<\/li><li>MA in Digital, E-commerce, Marketing, or similar relevant field.<\/li><li>Fluent English and French.<\/li><li>Practicing water sports would be a plus.<\/li><\/ul><p>This is a full-time position and is available immediately.<\/p><p>Send your resume at <a href=\"mailto:rh@fwdconcept.biz\">rh@fwdconcept.biz<\/a><\/p><h2><strong>Responsable E-commerce \u2013 Forward Group<\/strong><\/h2><h3><strong>Description\u00a0du poste<\/strong><\/h3><p>Forward Group est une soci\u00e9t\u00e9 Suisse, leader dans les produits d\u00e9di\u00e9s \u00e0 la voile l\u00e9g\u00e8re et aux sports de glisse. Nous concevons et d\u00e9veloppons des produits avec une notori\u00e9t\u00e9 mondiale pour les marins et les riders qui vont vite sur l&#8217;eau.<\/p><p>Pour en savoir plus, rendez-vous sur <a href=\"http:\/\/www.forward-wip.com\/fr\/\">www.forward-wip.com<\/a><\/p><p>Nous sommes \u00e0 la recherche d&#8217;un(e) E-Comm Manager exp\u00e9riment\u00e9(e) pour optimiser notre strat\u00e9gie commerciale digitale par la navigation et la d\u00e9couverte de produits sur les sites web B2B et D2C.<\/p><p>Responsable de l&#8217;ensemble des points de contact \u00ab\u00a0commerce\u00a0et marketing\u00a0\u00bb sur les sites, Forward-WIP et Forward-Watersports, vous serez en charge de l&#8217;ergonomie, du visual merchandising de toutes les cat\u00e9gories, afin de booster les opportunit\u00e9s de cross-sell\/up-sell gr\u00e2ce \u00e0 des recommandations de produits.<\/p><p>Ce poste n\u00e9cessite une connaissance approfondie des diff\u00e9rentes m\u00e9thodes et tactiques d&#8217;acquisition de trafic pour am\u00e9liorer le trafic Web en ligne, r\u00e9duire le taux de rebond et augmenter les conversions.<\/p><p>Vous devez avoir un esprit commercial, \u00eatre \u00e0 l&#8217;aise avec l&#8217;analyse des donn\u00e9es, ainsi qu&#8217;une solide compr\u00e9hension des produits et du positionnement de la marque.<\/p><h3><strong>T\u00e2ches et responsabilit\u00e9s<\/strong><\/h3><ul><li>Responsable de la gestion des boutiques en ligne (B2B et D2C), de l&#8217;exactitude des informations sur les produits, de la gestion des cat\u00e9gories, de la navigation, des filtres, du tri des produits, de la vente crois\u00e9e et de la vente incitative, de la gestion de la recherche sur le site et de la publicit\u00e9 en ligne.<\/li><li>Responsable de l&#8217;ergonomie sur site \u2013 vous vous assurez que les exp\u00e9riences client et tous les points de contact sont maximis\u00e9s au meilleur potentiel.<\/li><li>Mettre en place le calendrier annuel des ventes B2B et D2C avec l&#8217;\u00e9quipe commerciale.<\/li><li>Travailler en \u00e9troite collaboration avec les \u00e9quipes marketing et produit pour planifier les lancements cl\u00e9s (nouvelles collections, produits en fin de carri\u00e8re).<\/li><li>G\u00e9rez les campagnes en ligne et le budget associ\u00e9.<\/li><li>Travailler sur la gestion du trafic, les newsletters et autres e-mails ad hoc ax\u00e9s sur les produits. Optimisez les landing pages li\u00e9es aux campagnes de trafic payantes et au r\u00e9f\u00e9rencement.<\/li><li>Mettre en \u0153uvre les meilleures pratiques et techniques d&#8217;optimisation des moteurs de recherche (SEO).<\/li><li>Participation active aux tests de nouvelles fonctionnalit\u00e9s afin de les optimiser en permanence et d&#8217;augmenter le taux de conversion.<\/li><li>Travailler en \u00e9troite collaboration avec les \u00e9quipes du customer service et de la logistique pour surveiller et analyser les retours.<\/li><li>Pr\u00e9parer et pr\u00e9senter des rapports de ventes en ligne (B2B et D2C, par cat\u00e9gorie, par pays).<\/li><\/ul><h3><strong>Comp\u00e9tences, connaissances et exp\u00e9rience requises :<\/strong><\/h3><ul><li>3 \u00e0 5 ans d&#8217;exp\u00e9rience dans un r\u00f4le de gestion de sites Web et de commerce \u00e9lectronique ou similaire<\/li><li>Bonne connaissance des plateformes et solutions e-commerce.<\/li><li>Bonne connaissance des outils d&#8217;analyse Web, tels que Google Analytics<\/li><li>Savoir compter et \u00eatre \u00e0 l&#8217;aise avec la manipulation d&#8217;ensembles de donn\u00e9es.<\/li><li>Excellentes comp\u00e9tences en communication et en pr\u00e9sentation.<\/li><li>\u00catre \u00e0 l&#8217;aise avec l&#8217;id\u00e9e de montrer ce que signifient les donn\u00e9es, comment nous pouvons agir.<\/li><li>Capacit\u00e9 \u00e0 travailler sous pression et esprit d&#8217;\u00e9quipe.<\/li><li>Ma\u00eetrise d&#8217;Excel, Tableau et Google Analytics.<\/li><li>MA en digital, commerce \u00e9lectronique, marketing ou dans un domaine pertinent similaire.<\/li><li>Ma\u00eetrise de l&#8217;anglais et du fran\u00e7ais.<\/li><li>La pratique de sports nautiques serait un plus.<\/li><li>Il s&#8217;agit d&#8217;un poste \u00e0 temps plein disponible imm\u00e9diatement.<\/li><\/ul><p>Envoyez votre CV \u00e0 <a href=\"mailto:rh@fwdconcept.biz\">rh@fwdconcept.biz<\/a><\/p><\/div><div>\u00a0<\/div>\t\t\t\t\t\t\t\t<\/div>\n\t\t\t\t<\/div>\n\t\t\t\t<\/div>\n\t\t\t\t\t<\/div>\n\t\t\t\t<\/div>\n\t\t\t\t<\/div>","protected":false},"excerpt":{"rendered":"<p>E-commerce Manager \u2013 Forward Group See French version below Job description\u00a0 Forward Group is a company running active sports goods for both Sailing and Boardsports. We are designing and developing world class products for sailors and riders who go fast on the water. Learn more at www.forward-wip.com We\u2019re looking for an experienced E-Comm Manager to [&hellip;]<\/p>","protected":false},"author":1,"featured_media":0,"parent":0,"menu_order":7,"comment_status":"closed","ping_status":"closed","template":"","meta":{"footnotes":""},"class_list":["post-9890","page","type-page","status-publish","hentry"],"_links":{"self":[{"href":"https:\/\/www.forward-wip.com\/fr\/wp-json\/wp\/v2\/pages\/9890","targetHints":{"allow":["GET"]}}],"collection":[{"href":"https:\/\/www.forward-wip.com\/fr\/wp-json\/wp\/v2\/pages"}],"about":[{"href":"https:\/\/www.forward-wip.com\/fr\/wp-json\/wp\/v2\/types\/page"}],"author":[{"embeddable":true,"href":"https:\/\/www.forward-wip.com\/fr\/wp-json\/wp\/v2\/users\/1"}],"replies":[{"embeddable":true,"href":"https:\/\/www.forward-wip.com\/fr\/wp-json\/wp\/v2\/comments?post=9890"}],"version-history":[{"count":0,"href":"https:\/\/www.forward-wip.com\/fr\/wp-json\/wp\/v2\/pages\/9890\/revisions"}],"wp:attachment":[{"href":"https:\/\/www.forward-wip.com\/fr\/wp-json\/wp\/v2\/media?parent=9890"}],"curies":[{"name":"wp","href":"https:\/\/api.w.org\/{rel}","templated":true}]}}