{"id":13,"date":"2020-12-07T16:02:37","date_gmt":"2020-12-07T15:02:37","guid":{"rendered":"https:\/\/www.forward-wip.com\/?page_id=13"},"modified":"2025-02-19T16:35:46","modified_gmt":"2025-02-19T15:35:46","slug":"wip","status":"publish","type":"page","link":"https:\/\/www.forward-wip.com\/fr\/wip\/","title":{"rendered":"Notre histoire"},"content":{"rendered":"<div data-elementor-type=\"wp-page\" data-elementor-id=\"13\" class=\"elementor elementor-13\" data-elementor-post-type=\"page\">\n\t\t\t\t<div class=\"elementor-element elementor-element-f7ce2f0 e-con-full e-flex e-con e-parent\" data-id=\"f7ce2f0\" data-element_type=\"container\" data-settings=\"{&quot;background_background&quot;:&quot;video&quot;,&quot;background_video_link&quot;:&quot;https:\\\/\\\/youtu.be\\\/tLFVcTAq6g8&quot;}\">\n\t\t<div class=\"elementor-background-video-container elementor-hidden-mobile\">\n\t\t\t\t\t\t\t<div class=\"elementor-background-video-embed\"><\/div>\n\t\t\t\t\t\t<\/div><div class=\"elementor-element elementor-element-c0a74fd e-con-full e-flex e-con e-child\" data-id=\"c0a74fd\" data-element_type=\"container\">\n\t\t\t\t<div class=\"elementor-element elementor-element-9a24955 elementor-widget elementor-widget-spacer\" data-id=\"9a24955\" data-element_type=\"widget\" data-widget_type=\"spacer.default\">\n\t\t\t\t<div class=\"elementor-widget-container\">\n\t\t\t\t\t\t\t<div class=\"elementor-spacer\">\n\t\t\t<div class=\"elementor-spacer-inner\"><\/div>\n\t\t<\/div>\n\t\t\t\t\t\t<\/div>\n\t\t\t\t<\/div>\n\t\t\t\t<div class=\"elementor-element elementor-element-e665237 elementor-widget elementor-widget-heading\" data-id=\"e665237\" data-element_type=\"widget\" data-widget_type=\"heading.default\">\n\t\t\t\t<div class=\"elementor-widget-container\">\n\t\t\t\t\t<h1 class=\"elementor-heading-title elementor-size-default\">WIP <br>Histoire<\/h1>\t\t\t\t<\/div>\n\t\t\t\t<\/div>\n\t\t\t\t<\/div>\n\t\t\t\t<\/div>\n\t\t<div class=\"elementor-element elementor-element-49643cf e-con-full e-flex e-con e-parent\" data-id=\"49643cf\" data-element_type=\"container\" data-settings=\"{&quot;background_background&quot;:&quot;classic&quot;}\">\n\t\t\t\t<div class=\"elementor-element elementor-element-b2a87b7 elementor-widget elementor-widget-image\" data-id=\"b2a87b7\" data-element_type=\"widget\" data-widget_type=\"image.default\">\n\t\t\t\t<div class=\"elementor-widget-container\">\n\t\t\t\t\t\t\t\t\t\t\t\t\t\t\t<img fetchpriority=\"high\" decoding=\"async\" width=\"300\" height=\"300\" src=\"https:\/\/www.forward-wip.com\/wp-content\/uploads\/2025\/02\/WIP-10th-Anniversary-06-300x300.png\" class=\"attachment-medium size-medium wp-image-11071\" alt=\"\" srcset=\"https:\/\/www.forward-wip.com\/wp-content\/uploads\/2025\/02\/WIP-10th-Anniversary-06-300x300.png 300w, https:\/\/www.forward-wip.com\/wp-content\/uploads\/2025\/02\/WIP-10th-Anniversary-06-1024x1024.png 1024w, https:\/\/www.forward-wip.com\/wp-content\/uploads\/2025\/02\/WIP-10th-Anniversary-06-150x150.png 150w, https:\/\/www.forward-wip.com\/wp-content\/uploads\/2025\/02\/WIP-10th-Anniversary-06-768x768.png 768w, https:\/\/www.forward-wip.com\/wp-content\/uploads\/2025\/02\/WIP-10th-Anniversary-06-1536x1536.png 1536w, https:\/\/www.forward-wip.com\/wp-content\/uploads\/2025\/02\/WIP-10th-Anniversary-06.png 2048w, https:\/\/www.forward-wip.com\/wp-content\/uploads\/2025\/02\/WIP-10th-Anniversary-06-12x12.png 12w, https:\/\/www.forward-wip.com\/wp-content\/uploads\/2025\/02\/WIP-10th-Anniversary-06-600x600.png 600w, https:\/\/www.forward-wip.com\/wp-content\/uploads\/2025\/02\/WIP-10th-Anniversary-06-100x100.png 100w, https:\/\/www.forward-wip.com\/wp-content\/uploads\/2025\/02\/WIP-10th-Anniversary-06-50x50.png 50w\" sizes=\"(max-width: 300px) 100vw, 300px\" \/>\t\t\t\t\t\t\t\t\t\t\t\t\t\t\t<\/div>\n\t\t\t\t<\/div>\n\t\t\t\t<\/div>\n\t\t<div class=\"elementor-element elementor-element-5abb584 e-con-full e-flex e-con e-parent\" data-id=\"5abb584\" data-element_type=\"container\" data-settings=\"{&quot;background_background&quot;:&quot;classic&quot;}\">\n\t\t<div class=\"elementor-element elementor-element-5e1ad9c e-con-full e-flex e-con e-child\" data-id=\"5e1ad9c\" data-element_type=\"container\">\n\t\t\t\t<div class=\"elementor-element elementor-element-e7fc07c elementor-widget elementor-widget-text-editor\" data-id=\"e7fc07c\" data-element_type=\"widget\" data-widget_type=\"text-editor.default\">\n\t\t\t\t<div class=\"elementor-widget-container\">\n\t\t\t\t\t\t\t\t\t<p>Depuis 2015, WIP con\u00e7oit des \u00e9quipements de s\u00e9curit\u00e9 pour les sports nautiques, avec un accent particulier sur le foiling, une technologie capable d'atteindre des vitesses sup\u00e9rieures \u00e0 30 km\/h. <br \/>Le corps humain est naturellement con\u00e7u pour supporter des chocs jusqu'\u00e0 20 km\/h, mais ces vitesses plus \u00e9lev\u00e9es introduisent de nouveaux risques, rendant la protection essentielle. <br \/>En relevant ce d\u00e9fi, WIP s'est impos\u00e9 comme un leader en mati\u00e8re d'\u00e9quipement de s\u00e9curit\u00e9 pour les amateurs et les professionnels des sports nautiques. <br \/>Gr\u00e2ce \u00e0 un processus d'am\u00e9lioration continue, notre \u00e9quipe d'ing\u00e9nieurs, d'athl\u00e8tes et de testeurs passionn\u00e9s travaille sans rel\u00e2che pour offrir les meilleures conditions pour profiter de chaque sortie, quel que soit le niveau de comp\u00e9tence. <br \/>Pour les aventuriers les plus audacieux, notre \u00e9quipement vous permet de repousser les limites en toute s\u00e9curit\u00e9 et d'explorer de nouveaux horizons.<\/p>\t\t\t\t\t\t\t\t<\/div>\n\t\t\t\t<\/div>\n\t\t\t\t<\/div>\n\t\t\t\t<\/div>\n\t\t<div class=\"elementor-element elementor-element-d537e18 e-con-full e-flex e-con e-parent\" data-id=\"d537e18\" data-element_type=\"container\" data-settings=\"{&quot;background_background&quot;:&quot;classic&quot;}\">\n\t\t<div class=\"elementor-element elementor-element-77c172e e-con-full e-flex e-con e-child\" data-id=\"77c172e\" data-element_type=\"container\">\n\t\t\t\t<div class=\"elementor-element elementor-element-3f93bf0 elementor-widget elementor-widget-jet-hotspots\" data-id=\"3f93bf0\" data-element_type=\"widget\" data-widget_type=\"jet-hotspots.default\">\n\t\t\t\t<div class=\"elementor-widget-container\">\n\t\t\t\t\t\t\t<div class=\"jet-hotspots jet-hotspots__hotspots-pulse-animation\" data-settings=\"{&quot;tooltipPlacement&quot;:&quot;top&quot;,&quot;tooltipArrow&quot;:true,&quot;tooltipTrigger&quot;:&quot;mouseenter&quot;,&quot;tooltipShowOnInit&quot;:false,&quot;tooltipShowDuration&quot;:{&quot;unit&quot;:&quot;ms&quot;,&quot;size&quot;:500,&quot;sizes&quot;:[]},&quot;tooltipHideDuration&quot;:{&quot;unit&quot;:&quot;ms&quot;,&quot;size&quot;:300,&quot;sizes&quot;:[]},&quot;tooltipDelay&quot;:{&quot;unit&quot;:&quot;ms&quot;,&quot;size&quot;:0,&quot;sizes&quot;:[]},&quot;tooltipDistance&quot;:{&quot;unit&quot;:&quot;px&quot;,&quot;size&quot;:15,&quot;sizes&quot;:[]},&quot;tooltipAnimation&quot;:&quot;fade&quot;,&quot;tooltipInteractive&quot;:false}\">\r\n\t\t\t<div class=\"jet-hotspots__inner\"><img decoding=\"async\" width=\"1517\" height=\"714\" src=\"https:\/\/www.forward-wip.com\/wp-content\/uploads\/2025\/02\/Capture-decran-2025-02-06-114202.png\" class=\"attachment-full size-full wp-image-11070\" alt=\"\" srcset=\"https:\/\/www.forward-wip.com\/wp-content\/uploads\/2025\/02\/Capture-decran-2025-02-06-114202.png 1517w, https:\/\/www.forward-wip.com\/wp-content\/uploads\/2025\/02\/Capture-decran-2025-02-06-114202-300x141.png 300w, https:\/\/www.forward-wip.com\/wp-content\/uploads\/2025\/02\/Capture-decran-2025-02-06-114202-1024x482.png 1024w, https:\/\/www.forward-wip.com\/wp-content\/uploads\/2025\/02\/Capture-decran-2025-02-06-114202-768x361.png 768w, https:\/\/www.forward-wip.com\/wp-content\/uploads\/2025\/02\/Capture-decran-2025-02-06-114202-18x8.png 18w, https:\/\/www.forward-wip.com\/wp-content\/uploads\/2025\/02\/Capture-decran-2025-02-06-114202-600x282.png 600w\" sizes=\"(max-width: 1517px) 100vw, 1517px\" \/>\t\t\t\t<div class=\"jet-hotspots__container\"><div id=\"jet-hotspot-6661\" class=\"jet-hotspots__item\" data-tippy-content=\"First 50N Impact Vest for extreme sailing, developed for the team that won the America\u2019s Cup. With some upgrades, it remains one of WIP&#039;s flagship products.\" data-horizontal-position=\"15\" data-vertical-position=\"85\" data-tooltip-width=\"px\"><div class=\"jet-hotspots__item-inner\"><span class=\"jet-hotspots__item-icon jet-tricks-icon\"><svg aria-hidden=\"true\" class=\"e-font-icon-svg e-far-dot-circle\" viewbox=\"0 0 512 512\" xmlns=\"http:\/\/www.w3.org\/2000\/svg\"><path d=\"M256 56c110.532 0 200 89.451 200 200 0 110.532-89.451 200-200 200-110.532 0-200-89.451-200-200 0-110.532 89.451-200 200-200m0-48C119.033 8 8 119.033 8 256s111.033 248 248 248 248-111.033 248-248S392.967 8 256 8zm0 168c-44.183 0-80 35.817-80 80s35.817 80 80 80 80-35.817 80-80-35.817-80-80-80z\"><\/path><\/svg><\/span><\/div><\/div><div id=\"jet-hotspot-6662\" class=\"jet-hotspots__item\" data-tippy-content=\"The PROWIP, the first sailing helmet, awarded the Dame Design Award.\" data-horizontal-position=\"30\" data-vertical-position=\"85\" data-tooltip-width=\"px\"><div class=\"jet-hotspots__item-inner\"><span class=\"jet-hotspots__item-icon jet-tricks-icon\"><svg aria-hidden=\"true\" class=\"e-font-icon-svg e-far-dot-circle\" viewbox=\"0 0 512 512\" xmlns=\"http:\/\/www.w3.org\/2000\/svg\"><path d=\"M256 56c110.532 0 200 89.451 200 200 0 110.532-89.451 200-200 200-110.532 0-200-89.451-200-200 0-110.532 89.451-200 200-200m0-48C119.033 8 8 119.033 8 256s111.033 248 248 248 248-111.033 248-248S392.967 8 256 8zm0 168c-44.183 0-80 35.817-80 80s35.817 80 80 80 80-35.817 80-80-35.817-80-80-80z\"><\/path><\/svg><\/span><\/div><\/div><div id=\"jet-hotspot-6663\" class=\"jet-hotspots__item\" data-tippy-content=\"First production of neoprene wetsuits also designed as protective equipment.\" data-horizontal-position=\"46\" data-vertical-position=\"85\" data-tooltip-width=\"px\"><div class=\"jet-hotspots__item-inner\"><span class=\"jet-hotspots__item-icon jet-tricks-icon\"><svg aria-hidden=\"true\" class=\"e-font-icon-svg e-far-dot-circle\" viewbox=\"0 0 512 512\" xmlns=\"http:\/\/www.w3.org\/2000\/svg\"><path d=\"M256 56c110.532 0 200 89.451 200 200 0 110.532-89.451 200-200 200-110.532 0-200-89.451-200-200 0-110.532 89.451-200 200-200m0-48C119.033 8 8 119.033 8 256s111.033 248 248 248 248-111.033 248-248S392.967 8 256 8zm0 168c-44.183 0-80 35.817-80 80s35.817 80 80 80 80-35.817 80-80-35.817-80-80-80z\"><\/path><\/svg><\/span><\/div><\/div><div id=\"jet-hotspot-6664\" class=\"jet-hotspots__item\" data-tippy-content=\"The WIPEE revolutionizes life for women on boats and is awarded the Dame Design Award.\" data-horizontal-position=\"62\" data-vertical-position=\"85\" data-tooltip-width=\"px\"><div class=\"jet-hotspots__item-inner\"><span class=\"jet-hotspots__item-icon jet-tricks-icon\"><svg aria-hidden=\"true\" class=\"e-font-icon-svg e-far-dot-circle\" viewbox=\"0 0 512 512\" xmlns=\"http:\/\/www.w3.org\/2000\/svg\"><path d=\"M256 56c110.532 0 200 89.451 200 200 0 110.532-89.451 200-200 200-110.532 0-200-89.451-200-200 0-110.532 89.451-200 200-200m0-48C119.033 8 8 119.033 8 256s111.033 248 248 248 248-111.033 248-248S392.967 8 256 8zm0 168c-44.183 0-80 35.817-80 80s35.817 80 80 80 80-35.817 80-80-35.817-80-80-80z\"><\/path><\/svg><\/span><\/div><\/div><div id=\"jet-hotspot-6665\" class=\"jet-hotspots__item\" data-tippy-content=\"In 2022, the Wing Belt was created, allowing athletes to enjoy longer sessions with less fatigue than before.\" data-horizontal-position=\"78\" data-vertical-position=\"85\" data-tooltip-width=\"px\"><div class=\"jet-hotspots__item-inner\"><span class=\"jet-hotspots__item-icon jet-tricks-icon\"><svg aria-hidden=\"true\" class=\"e-font-icon-svg e-far-dot-circle\" viewbox=\"0 0 512 512\" xmlns=\"http:\/\/www.w3.org\/2000\/svg\"><path d=\"M256 56c110.532 0 200 89.451 200 200 0 110.532-89.451 200-200 200-110.532 0-200-89.451-200-200 0-110.532 89.451-200 200-200m0-48C119.033 8 8 119.033 8 256s111.033 248 248 248 248-111.033 248-248S392.967 8 256 8zm0 168c-44.183 0-80 35.817-80 80s35.817 80 80 80 80-35.817 80-80-35.817-80-80-80z\"><\/path><\/svg><\/span><\/div><\/div><div id=\"jet-hotspot-6666\" class=\"jet-hotspots__item\" data-tippy-content=\"Creation of the WIP brand.\" data-horizontal-position=\"22\" data-vertical-position=\"15\" data-tooltip-width=\"px\"><div class=\"jet-hotspots__item-inner\"><span class=\"jet-hotspots__item-icon jet-tricks-icon\"><svg aria-hidden=\"true\" class=\"e-font-icon-svg e-far-dot-circle\" viewbox=\"0 0 512 512\" xmlns=\"http:\/\/www.w3.org\/2000\/svg\"><path d=\"M256 56c110.532 0 200 89.451 200 200 0 110.532-89.451 200-200 200-110.532 0-200-89.451-200-200 0-110.532 89.451-200 200-200m0-48C119.033 8 8 119.033 8 256s111.033 248 248 248 248-111.033 248-248S392.967 8 256 8zm0 168c-44.183 0-80 35.817-80 80s35.817 80 80 80 80-35.817 80-80-35.817-80-80-80z\"><\/path><\/svg><\/span><\/div><\/div><div id=\"jet-hotspot-6667\" class=\"jet-hotspots__item\" data-tippy-content=\"In 2017, WIP became international and was distributed in the United States, Japan, Europe, and Australia.\" data-horizontal-position=\"37\" data-vertical-position=\"15\" data-tooltip-width=\"px\"><div class=\"jet-hotspots__item-inner\"><span class=\"jet-hotspots__item-icon jet-tricks-icon\"><svg aria-hidden=\"true\" class=\"e-font-icon-svg e-far-dot-circle\" viewbox=\"0 0 512 512\" xmlns=\"http:\/\/www.w3.org\/2000\/svg\"><path d=\"M256 56c110.532 0 200 89.451 200 200 0 110.532-89.451 200-200 200-110.532 0-200-89.451-200-200 0-110.532 89.451-200 200-200m0-48C119.033 8 8 119.033 8 256s111.033 248 248 248 248-111.033 248-248S392.967 8 256 8zm0 168c-44.183 0-80 35.817-80 80s35.817 80 80 80 80-35.817 80-80-35.817-80-80-80z\"><\/path><\/svg><\/span><\/div><\/div><div id=\"jet-hotspot-6668\" class=\"jet-hotspots__item\" data-tippy-content=\"In 2018, WIP diversified and created a division for board sports.\" data-horizontal-position=\"52\" data-vertical-position=\"15\" data-tooltip-width=\"px\"><div class=\"jet-hotspots__item-inner\"><span class=\"jet-hotspots__item-icon jet-tricks-icon\"><svg aria-hidden=\"true\" class=\"e-font-icon-svg e-far-dot-circle\" viewbox=\"0 0 512 512\" xmlns=\"http:\/\/www.w3.org\/2000\/svg\"><path d=\"M256 56c110.532 0 200 89.451 200 200 0 110.532-89.451 200-200 200-110.532 0-200-89.451-200-200 0-110.532 89.451-200 200-200m0-48C119.033 8 8 119.033 8 256s111.033 248 248 248 248-111.033 248-248S392.967 8 256 8zm0 168c-44.183 0-80 35.817-80 80s35.817 80 80 80 80-35.817 80-80-35.817-80-80-80z\"><\/path><\/svg><\/span><\/div><\/div><div id=\"jet-hotspot-6669\" class=\"jet-hotspots__item\" data-tippy-content=\"In 2021, the Wiflex was developed, the first flexible and self-adjusting helmet in water sports.\" data-horizontal-position=\"69\" data-vertical-position=\"15\" data-tooltip-width=\"px\"><div class=\"jet-hotspots__item-inner\"><span class=\"jet-hotspots__item-icon jet-tricks-icon\"><svg aria-hidden=\"true\" class=\"e-font-icon-svg e-far-dot-circle\" viewbox=\"0 0 512 512\" xmlns=\"http:\/\/www.w3.org\/2000\/svg\"><path d=\"M256 56c110.532 0 200 89.451 200 200 0 110.532-89.451 200-200 200-110.532 0-200-89.451-200-200 0-110.532 89.451-200 200-200m0-48C119.033 8 8 119.033 8 256s111.033 248 248 248 248-111.033 248-248S392.967 8 256 8zm0 168c-44.183 0-80 35.817-80 80s35.817 80 80 80 80-35.817 80-80-35.817-80-80-80z\"><\/path><\/svg><\/span><\/div><\/div><div id=\"jet-hotspot-66610\" class=\"jet-hotspots__item\" data-tippy-content=\"Eco Cork Tech: WIP innovates with the first sports helmet made from recycled cork, incorporating up to 20% cork from industrial waste. This helmet is 100% recyclable and bio-sourced, with padding made from recycled plastic (PET), demonstrating WIP&#039;s commitment to advanced sustainability.\" data-horizontal-position=\"85\" data-vertical-position=\"15\" data-tooltip-width=\"px\"><div class=\"jet-hotspots__item-inner\"><span class=\"jet-hotspots__item-icon jet-tricks-icon\"><svg aria-hidden=\"true\" class=\"e-font-icon-svg e-far-dot-circle\" viewbox=\"0 0 512 512\" xmlns=\"http:\/\/www.w3.org\/2000\/svg\"><path d=\"M256 56c110.532 0 200 89.451 200 200 0 110.532-89.451 200-200 200-110.532 0-200-89.451-200-200 0-110.532 89.451-200 200-200m0-48C119.033 8 8 119.033 8 256s111.033 248 248 248 248-111.033 248-248S392.967 8 256 8zm0 168c-44.183 0-80 35.817-80 80s35.817 80 80 80 80-35.817 80-80-35.817-80-80-80z\"><\/path><\/svg><\/span><\/div><\/div>\t\t\t\t<\/div>\r\n\t\t\t<\/div>\r\n\t\t<\/div>\r\n\t\t\t\t\t\t<\/div>\n\t\t\t\t<\/div>\n\t\t\t\t<\/div>\n\t\t\t\t<\/div>\n\t\t<div class=\"elementor-element elementor-element-9caab26 e-con-full e-flex e-con e-parent\" data-id=\"9caab26\" data-element_type=\"container\" data-settings=\"{&quot;background_background&quot;:&quot;classic&quot;}\">\n\t\t<div class=\"elementor-element elementor-element-f60e065 e-con-full e-flex e-con e-child\" data-id=\"f60e065\" data-element_type=\"container\">\n\t\t\t\t<div class=\"elementor-element elementor-element-febfa12 elementor-widget elementor-widget-text-editor\" data-id=\"febfa12\" data-element_type=\"widget\" data-widget_type=\"text-editor.default\">\n\t\t\t\t<div class=\"elementor-widget-container\">\n\t\t\t\t\t\t\t\t\t<p>La marque WIP \u00e9voluera avec ses consommateurs, c'est pourquoi elle a d\u00e9cid\u00e9 de changer de nom. Parce que nous ne prot\u00e9geons plus seulement nos consommateurs des impacts mais aussi du froid, de l'eau, du soleil, et plus g\u00e9n\u00e9ralement sur les bateaux ou les planches, \u00ab Water Impact Protection \u00bb ne nous repr\u00e9sente plus tout \u00e0 fait.<\/p>\t\t\t\t\t\t\t\t<\/div>\n\t\t\t\t<\/div>\n\t\t\t\t<\/div>\n\t\t\t\t<\/div>\n\t\t<div class=\"elementor-element elementor-element-59391f2 e-flex e-con-boxed e-con e-parent\" data-id=\"59391f2\" data-element_type=\"container\" data-settings=\"{&quot;background_background&quot;:&quot;classic&quot;}\">\n\t\t\t\t\t<div class=\"e-con-inner\">\n\t\t\t\t<div class=\"elementor-element elementor-element-877f389 elementor-widget elementor-widget-image\" data-id=\"877f389\" data-element_type=\"widget\" data-widget_type=\"image.default\">\n\t\t\t\t<div class=\"elementor-widget-container\">\n\t\t\t\t\t\t\t\t\t\t\t\t\t\t\t<img decoding=\"async\" width=\"800\" height=\"257\" src=\"https:\/\/www.forward-wip.com\/wp-content\/uploads\/2025\/02\/Capture-decran-2025-02-06-120232-1024x329.png\" class=\"attachment-large size-large wp-image-11072\" alt=\"\" srcset=\"https:\/\/www.forward-wip.com\/wp-content\/uploads\/2025\/02\/Capture-decran-2025-02-06-120232-1024x329.png 1024w, https:\/\/www.forward-wip.com\/wp-content\/uploads\/2025\/02\/Capture-decran-2025-02-06-120232-300x96.png 300w, https:\/\/www.forward-wip.com\/wp-content\/uploads\/2025\/02\/Capture-decran-2025-02-06-120232-768x247.png 768w, https:\/\/www.forward-wip.com\/wp-content\/uploads\/2025\/02\/Capture-decran-2025-02-06-120232-18x6.png 18w, https:\/\/www.forward-wip.com\/wp-content\/uploads\/2025\/02\/Capture-decran-2025-02-06-120232-600x193.png 600w, https:\/\/www.forward-wip.com\/wp-content\/uploads\/2025\/02\/Capture-decran-2025-02-06-120232.png 1430w\" sizes=\"(max-width: 800px) 100vw, 800px\" \/>\t\t\t\t\t\t\t\t\t\t\t\t\t\t\t<\/div>\n\t\t\t\t<\/div>\n\t\t\t\t\t<\/div>\n\t\t\t\t<\/div>\n\t\t\t\t<\/div>","protected":false},"excerpt":{"rendered":"<p>WIP story Since 2015, WIP has been designing safety equipment for water sports, with a particular focus on foiling, a technology capable of reaching speeds exceeding 30 km\/h. As the human body is naturally designed to handle impacts of up to 20 km\/h, these higher speeds introduce new risks, making protection essential. By addressing this [&hellip;]<\/p>","protected":false},"author":1,"featured_media":0,"parent":0,"menu_order":18,"comment_status":"closed","ping_status":"closed","template":"elementor_header_footer","meta":{"footnotes":""},"class_list":["post-13","page","type-page","status-publish","hentry"],"_links":{"self":[{"href":"https:\/\/www.forward-wip.com\/fr\/wp-json\/wp\/v2\/pages\/13","targetHints":{"allow":["GET"]}}],"collection":[{"href":"https:\/\/www.forward-wip.com\/fr\/wp-json\/wp\/v2\/pages"}],"about":[{"href":"https:\/\/www.forward-wip.com\/fr\/wp-json\/wp\/v2\/types\/page"}],"author":[{"embeddable":true,"href":"https:\/\/www.forward-wip.com\/fr\/wp-json\/wp\/v2\/users\/1"}],"replies":[{"embeddable":true,"href":"https:\/\/www.forward-wip.com\/fr\/wp-json\/wp\/v2\/comments?post=13"}],"version-history":[{"count":0,"href":"https:\/\/www.forward-wip.com\/fr\/wp-json\/wp\/v2\/pages\/13\/revisions"}],"wp:attachment":[{"href":"https:\/\/www.forward-wip.com\/fr\/wp-json\/wp\/v2\/media?parent=13"}],"curies":[{"name":"wp","href":"https:\/\/api.w.org\/{rel}","templated":true}]}}