{"id":10457,"date":"2025-01-17T09:54:54","date_gmt":"2025-01-17T08:54:54","guid":{"rendered":"https:\/\/www.forward-wip.com\/?page_id=10457"},"modified":"2025-02-20T10:38:44","modified_gmt":"2025-02-20T09:38:44","slug":"missions-values","status":"publish","type":"page","link":"https:\/\/www.forward-wip.com\/fr\/missions-values\/","title":{"rendered":"Missions &#038; Values"},"content":{"rendered":"<div data-elementor-type=\"wp-page\" data-elementor-id=\"10457\" class=\"elementor elementor-10457\" data-elementor-post-type=\"page\">\n\t\t\t\t<div class=\"elementor-element elementor-element-30c7ba2d e-con-full e-flex e-con e-parent\" data-id=\"30c7ba2d\" data-element_type=\"container\" data-settings=\"{&quot;background_background&quot;:&quot;classic&quot;}\">\n\t\t<div class=\"elementor-element elementor-element-2e22357d e-con-full e-flex e-con e-child\" data-id=\"2e22357d\" data-element_type=\"container\">\n\t\t\t\t<div class=\"elementor-element elementor-element-3a7c2b0a elementor-widget elementor-widget-spacer\" data-id=\"3a7c2b0a\" data-element_type=\"widget\" data-widget_type=\"spacer.default\">\n\t\t\t\t<div class=\"elementor-widget-container\">\n\t\t\t\t\t\t\t<div class=\"elementor-spacer\">\n\t\t\t<div class=\"elementor-spacer-inner\"><\/div>\n\t\t<\/div>\n\t\t\t\t\t\t<\/div>\n\t\t\t\t<\/div>\n\t\t\t\t<div class=\"elementor-element elementor-element-4496c68f elementor-widget elementor-widget-heading\" data-id=\"4496c68f\" data-element_type=\"widget\" data-widget_type=\"heading.default\">\n\t\t\t\t<div class=\"elementor-widget-container\">\n\t\t\t\t\t<h1 class=\"elementor-heading-title elementor-size-default\">Missions &amp; Values<\/h1>\t\t\t\t<\/div>\n\t\t\t\t<\/div>\n\t\t\t\t<\/div>\n\t\t\t\t<\/div>\n\t\t<div class=\"elementor-element elementor-element-795d663c e-con-full e-flex e-con e-parent\" data-id=\"795d663c\" data-element_type=\"container\" data-settings=\"{&quot;background_background&quot;:&quot;classic&quot;}\">\n\t\t<div class=\"elementor-element elementor-element-35184b92 e-con-full e-flex e-con e-child\" data-id=\"35184b92\" data-element_type=\"container\">\n\t\t\t\t<div class=\"elementor-element elementor-element-25bc2445 elementor-widget elementor-widget-text-editor\" data-id=\"25bc2445\" data-element_type=\"widget\" data-widget_type=\"text-editor.default\">\n\t\t\t\t<div class=\"elementor-widget-container\">\n\t\t\t\t\t\t\t\t\t<p><strong>Notre vision<\/strong><br \/>Devenir un leader mondial de la protection des sports nautiques, reconnu pour son innovation et la qualit\u00e9 de ses \u00e9quipements de s\u00e9curit\u00e9.<\/p><p><strong>Notre mission<\/strong><br \/>\u00catre l'\u00ab ange protecteur \u00bb des riders nautiques, en favorisant leur progression et leurs performances, alors qu'ils repoussent leurs limites en toute confiance et en toute libert\u00e9.<\/p><p><strong>Nos valeurs<br \/><\/strong>Innovation, qualit\u00e9, technologie et communaut\u00e9. Nous embrassons le changement pour faire avancer l'avenir des sports nautiques.<\/p>\t\t\t\t\t\t\t\t<\/div>\n\t\t\t\t<\/div>\n\t\t\t\t<\/div>\n\t\t\t\t<\/div>\n\t\t<div class=\"elementor-element elementor-element-52028786 e-con-full e-flex e-con e-parent\" data-id=\"52028786\" data-element_type=\"container\" data-settings=\"{&quot;background_background&quot;:&quot;classic&quot;}\">\n\t\t<div class=\"elementor-element elementor-element-281fe0e0 e-con-full e-flex e-con e-child\" data-id=\"281fe0e0\" data-element_type=\"container\">\n\t\t\t\t<div class=\"elementor-element elementor-element-4f3251df elementor-widget elementor-widget-text-editor\" data-id=\"4f3251df\" data-element_type=\"widget\" data-widget_type=\"text-editor.default\">\n\t\t\t\t<div class=\"elementor-widget-container\">\n\t\t\t\t\t\t\t\t\t<h2 class=\"MsoNormal\"><b>WIP : Pionnier de la protection des sports nautiques depuis 2015<\/b><\/h2><p class=\"MsoNormal\"><span lang=\"EN-US\">Fond\u00e9e en 2015, Forward WIP, marque franco-suisse, s'est impos\u00e9e comme un acteur incontournable dans l'univers des sports nautiques.<\/span><\/p><p class=\"MsoNormal\"><span lang=\"EN-US\">Sp\u00e9cialis\u00e9 dans les \u00e9quipements de protection de pointe, WIP soutient les navigateurs et les riders dans leur qu\u00eate de vitesse, de hauteur et de plaisir ultime, tout en restant en s\u00e9curit\u00e9 sur l'eau.<\/span><\/p><p class=\"MsoNormal\"><span lang=\"EN-US\">D\u00e8s le d\u00e9but, WIP s'est distingu\u00e9 en fournissant des \u00e9quipements de protection performants (casques et gilets impact) aux \u00e9quipes de la Coupe de l'America.<\/span><\/p><p class=\"MsoNormal\"><span lang=\"EN-US\">Aujourd'hui, WIP est le <b>partenaire officiel en mati\u00e8re de s\u00e9curit\u00e9<\/b> de plusieurs \u00e9quipes sur le <b>circuit SailGP<\/b>, la \u00ab Formule 1 de la voile \u00bb. Nos produits sont port\u00e9s, test\u00e9s et approuv\u00e9s par des champions olympiques et des champions du monde.<\/span><\/p>\t\t\t\t\t\t\t\t<\/div>\n\t\t\t\t<\/div>\n\t\t\t\t<\/div>\n\t\t\t\t<\/div>\n\t\t<div class=\"elementor-element elementor-element-152431b e-con-full e-flex e-con e-parent\" data-id=\"152431b\" data-element_type=\"container\" data-settings=\"{&quot;background_background&quot;:&quot;classic&quot;}\">\n\t\t<div class=\"elementor-element elementor-element-40a9d30 e-con-full e-flex e-con e-child\" data-id=\"40a9d30\" data-element_type=\"container\">\n\t\t\t\t<div class=\"elementor-element elementor-element-68a3787 elementor-widget elementor-widget-text-editor\" data-id=\"68a3787\" data-element_type=\"widget\" data-widget_type=\"text-editor.default\">\n\t\t\t\t<div class=\"elementor-widget-container\">\n\t\t\t\t\t\t\t\t\t<h2><strong>L'innovation au c\u0153ur de nos pr\u00e9occupations<\/strong><\/h2><p>L'innovation est l'ADN de WIP, port\u00e9e par une \u00e9quipe passionn\u00e9e de riders, kitesurfers, wingfoilers et surfeurs.<\/p><p>Apr\u00e8s avoir prot\u00e9g\u00e9 des marins et des planchistes pendant des ann\u00e9es, il \u00e9tait naturel pour WIP d'orienter son expertise vers <strong>la protection des surfeurs.<\/strong>.<\/p><p>En <strong>2025, nous lan\u00e7ons une gamme d\u00e9di\u00e9e, con\u00e7ue pour am\u00e9liorer la s\u00e9curit\u00e9 des surfeurs<\/strong>et r\u00e9pondre aux d\u00e9fis d'un sport en pleine \u00e9volution, de vagues plus fortes, de conditions plus difficiles et de spots de surf de plus en plus fr\u00e9quent\u00e9s. Cette nouvelle collection comprend <strong>une protection contre les chocs, une protection solaire et des protections contre les risques uniques du surf moderne.<\/strong><\/p>\t\t\t\t\t\t\t\t<\/div>\n\t\t\t\t<\/div>\n\t\t\t\t<\/div>\n\t\t\t\t<\/div>\n\t\t<div class=\"elementor-element elementor-element-1610b2e8 e-con-full e-flex e-con e-parent\" data-id=\"1610b2e8\" data-element_type=\"container\" data-settings=\"{&quot;background_background&quot;:&quot;classic&quot;}\">\n\t\t\t\t<div class=\"elementor-element elementor-element-222ee938 elementor-widget elementor-widget-image\" data-id=\"222ee938\" data-element_type=\"widget\" data-widget_type=\"image.default\">\n\t\t\t\t<div class=\"elementor-widget-container\">\n\t\t\t\t\t\t\t\t\t\t\t\t\t\t\t<img fetchpriority=\"high\" decoding=\"async\" width=\"300\" height=\"300\" src=\"https:\/\/www.forward-wip.com\/wp-content\/uploads\/2025\/01\/WIP_SUSTAIN_LOGO-300x300.png\" class=\"attachment-medium size-medium wp-image-10880\" alt=\"\" srcset=\"https:\/\/www.forward-wip.com\/wp-content\/uploads\/2025\/01\/WIP_SUSTAIN_LOGO-300x300.png 300w, https:\/\/www.forward-wip.com\/wp-content\/uploads\/2025\/01\/WIP_SUSTAIN_LOGO-150x150.png 150w, https:\/\/www.forward-wip.com\/wp-content\/uploads\/2025\/01\/WIP_SUSTAIN_LOGO-768x768.png 768w, https:\/\/www.forward-wip.com\/wp-content\/uploads\/2025\/01\/WIP_SUSTAIN_LOGO-12x12.png 12w, https:\/\/www.forward-wip.com\/wp-content\/uploads\/2025\/01\/WIP_SUSTAIN_LOGO-600x600.png 600w, https:\/\/www.forward-wip.com\/wp-content\/uploads\/2025\/01\/WIP_SUSTAIN_LOGO-100x100.png 100w, https:\/\/www.forward-wip.com\/wp-content\/uploads\/2025\/01\/WIP_SUSTAIN_LOGO-50x50.png 50w, https:\/\/www.forward-wip.com\/wp-content\/uploads\/2025\/01\/WIP_SUSTAIN_LOGO.png 1000w\" sizes=\"(max-width: 300px) 100vw, 300px\" \/>\t\t\t\t\t\t\t\t\t\t\t\t\t\t\t<\/div>\n\t\t\t\t<\/div>\n\t\t\t\t<\/div>\n\t\t<div class=\"elementor-element elementor-element-96b7b2a e-con-full e-flex e-con e-parent\" data-id=\"96b7b2a\" data-element_type=\"container\" data-settings=\"{&quot;background_background&quot;:&quot;classic&quot;}\">\n\t\t<div class=\"elementor-element elementor-element-146bb52 e-con-full e-flex e-con e-child\" data-id=\"146bb52\" data-element_type=\"container\">\n\t\t\t\t<div class=\"elementor-element elementor-element-1681f32 elementor-widget elementor-widget-text-editor\" data-id=\"1681f32\" data-element_type=\"widget\" data-widget_type=\"text-editor.default\">\n\t\t\t\t<div class=\"elementor-widget-container\">\n\t\t\t\t\t\t\t\t\t<h2><strong>Un engagement en faveur du d\u00e9veloppement durable<\/strong><\/h2><p>WIP s'engage \u00e0 d\u00e9velopper des produits <strong>en mettant l'accent sur le d\u00e9veloppement durable.<\/strong>Chaque \u00e9tape de notre processus de conception et de production est soigneusement \u00e9tudi\u00e9e pour <strong>pour minimiser l'impact sur l'environnement tout en garantissant une qualit\u00e9 et une durabilit\u00e9 exceptionnelles.<\/strong><\/p><p>Prot\u00e9ger les riders, c'est prot\u00e9ger les oc\u00e9ans. C'est pourquoi le WIP est fier d'\u00eatre membre de <strong>1% for the Planet<\/strong>En outre, l'entreprise fait don <strong>de 1 % de son chiffre d'affaires \u00e0 des initiatives environnementales ayant un impact sur l'environnement.<\/strong><\/p><p>Plus qu'une simple marque de protection, <strong>WIP est un partenaire de confiance pour ceux qui repoussent leurs limites sur l'eau, en toute s\u00e9curit\u00e9.<\/strong><\/p>\t\t\t\t\t\t\t\t<\/div>\n\t\t\t\t<\/div>\n\t\t\t\t<\/div>\n\t\t\t\t<\/div>\n\t\t<div class=\"elementor-element elementor-element-df77754 e-con-full e-flex e-con e-parent\" data-id=\"df77754\" data-element_type=\"container\" data-settings=\"{&quot;background_background&quot;:&quot;classic&quot;}\">\n\t\t\t\t<div class=\"elementor-element elementor-element-dd10022 elementor-widget elementor-widget-spacer\" data-id=\"dd10022\" data-element_type=\"widget\" data-widget_type=\"spacer.default\">\n\t\t\t\t<div class=\"elementor-widget-container\">\n\t\t\t\t\t\t\t<div class=\"elementor-spacer\">\n\t\t\t<div class=\"elementor-spacer-inner\"><\/div>\n\t\t<\/div>\n\t\t\t\t\t\t<\/div>\n\t\t\t\t<\/div>\n\t\t\t\t<\/div>\n\t\t\t\t<\/div>","protected":false},"excerpt":{"rendered":"<p>Missions &amp; Values Our VisionTo become a global leader in watersports protection, renowned for innovation and the quality of our safety equipment. Our MissionTo be the &#8220;protection angel&#8221; for water riders, empowering their progression and performance as they push their limits with confidence and freedom. Our ValuesInnovation, Quality, Technology, and Community. We embrace change to [&hellip;]<\/p>","protected":false},"author":1,"featured_media":0,"parent":0,"menu_order":3,"comment_status":"closed","ping_status":"closed","template":"elementor_header_footer","meta":{"footnotes":""},"class_list":["post-10457","page","type-page","status-publish","hentry"],"_links":{"self":[{"href":"https:\/\/www.forward-wip.com\/fr\/wp-json\/wp\/v2\/pages\/10457","targetHints":{"allow":["GET"]}}],"collection":[{"href":"https:\/\/www.forward-wip.com\/fr\/wp-json\/wp\/v2\/pages"}],"about":[{"href":"https:\/\/www.forward-wip.com\/fr\/wp-json\/wp\/v2\/types\/page"}],"author":[{"embeddable":true,"href":"https:\/\/www.forward-wip.com\/fr\/wp-json\/wp\/v2\/users\/1"}],"replies":[{"embeddable":true,"href":"https:\/\/www.forward-wip.com\/fr\/wp-json\/wp\/v2\/comments?post=10457"}],"version-history":[{"count":0,"href":"https:\/\/www.forward-wip.com\/fr\/wp-json\/wp\/v2\/pages\/10457\/revisions"}],"wp:attachment":[{"href":"https:\/\/www.forward-wip.com\/fr\/wp-json\/wp\/v2\/media?parent=10457"}],"curies":[{"name":"wp","href":"https:\/\/api.w.org\/{rel}","templated":true}]}}