{"id":9409,"date":"2024-01-23T09:58:16","date_gmt":"2024-01-23T08:58:16","guid":{"rendered":"https:\/\/www.forward-wip.com\/?post_type=product&#038;p=9409"},"modified":"2026-03-10T16:47:58","modified_gmt":"2026-03-10T15:47:58","slug":"wing-impact-vest-50n","status":"publish","type":"product","link":"http:\/\/www.forward-wip.com\/fr\/produit\/wing-impact-vest-50n\/","title":{"rendered":"WING IMPACT VEST 50N"},"content":{"rendered":"<div data-elementor-type=\"product-post\" data-elementor-id=\"9409\" class=\"elementor elementor-9409\" data-elementor-post-type=\"product\">\n\t\t\t\t\t\t<section class=\"elementor-section elementor-top-section elementor-element elementor-element-1bf4f499 elementor-section-boxed elementor-section-height-default elementor-section-height-default\" data-id=\"1bf4f499\" data-element_type=\"section\">\n\t\t\t\t\t\t<div class=\"elementor-container elementor-column-gap-default\">\n\t\t\t\t\t<div class=\"elementor-column elementor-col-100 elementor-top-column elementor-element elementor-element-685fa3f7\" data-id=\"685fa3f7\" data-element_type=\"column\">\n\t\t\t<div class=\"elementor-widget-wrap elementor-element-populated\">\n\t\t\t\t\t\t<div class=\"elementor-element elementor-element-7eb477c8 elementor-widget elementor-widget-text-editor\" data-id=\"7eb477c8\" data-element_type=\"widget\" data-widget_type=\"text-editor.default\">\n\t\t\t\t<div class=\"elementor-widget-container\">\n\t\t\t\t\t\t\t\t\t<table width=\"219\"><tbody><tr><td width=\"219\"><strong>Gilet d'Impact avec Boucle de harnais int\u00e9g\u00e9r\u00e9e<\/strong><\/td><\/tr><\/tbody><\/table><p>\u2022 Ultra-Thin Design \u2013 Super stretch neoprene <br \/>\u2022 Intergated Wing harness hook 40 mm<br \/>\u2022 Back Support Pad for more comfort and Power in the harness<br \/>\u2022 Freedom to Move \u2013 Low profile cut and wide openings for total mo bility.<br \/>\u2022 Smart Storage \u2013 2 easy-access pockets: 1 large 3D stretch zipper, 1 shoulder pocket<br \/>\u2022 Stay Put Fit \u2013 Harness loop prevents ride-up found in standard PFDs<br \/>DO NOT use it to attach your wing leash, this is not made for this purpose<br \/>\u2022 Certified Safety \u2013 50N buoyancy, EN ISO 12402-5, impact tested<br \/>\u2022 2 colors : Grey \/ Red &amp; Grey \/ Lime<\/p><p>Become &#8220;one&#8221; with your body, get the best of impact protection and buoyancy for a maximum freedom of movement during your Wing &amp; Para Wing sessions.<\/p>\t\t\t\t\t\t\t\t<\/div>\n\t\t\t\t<\/div>\n\t\t\t\t\t<\/div>\n\t\t<\/div>\n\t\t\t\t\t<\/div>\n\t\t<\/section>\n\t\t\t\t<\/div>","protected":false},"excerpt":{"rendered":"<p>Integrated Harness Impact Vest for Wing Foil \u2022 Ultra-Thin Design \u2013 Super stretch neoprene \u2022 Intergated Wing harness hook 40 mm \u2022 Back Support Pad for more comfort and Power in the harness \u2022 Freedom to Move \u2013 Low profile cut and wide openings for total mo bility. \u2022 Smart Storage \u2013 2 easy-access pockets: [&hellip;]<\/p>","protected":false},"featured_media":9410,"template":"","meta":[],"product_brand":[],"product_cat":[263,253,264,25,33,26],"product_tag":[],"class_list":{"0":"post-9409","1":"product","2":"type-product","3":"status-publish","4":"has-post-thumbnail","6":"product_cat-activities","7":"product_cat-wing","8":"product_cat-products","9":"product_cat-protection","10":"product_cat-vest","11":"product_cat-harnesses","13":"first","14":"instock","15":"shipping-taxable","16":"purchasable","17":"product-type-simple"},"_links":{"self":[{"href":"http:\/\/www.forward-wip.com\/fr\/wp-json\/wp\/v2\/product\/9409","targetHints":{"allow":["GET"]}}],"collection":[{"href":"http:\/\/www.forward-wip.com\/fr\/wp-json\/wp\/v2\/product"}],"about":[{"href":"http:\/\/www.forward-wip.com\/fr\/wp-json\/wp\/v2\/types\/product"}],"version-history":[{"count":0,"href":"http:\/\/www.forward-wip.com\/fr\/wp-json\/wp\/v2\/product\/9409\/revisions"}],"wp:featuredmedia":[{"embeddable":true,"href":"http:\/\/www.forward-wip.com\/fr\/wp-json\/wp\/v2\/media\/9410"}],"wp:attachment":[{"href":"http:\/\/www.forward-wip.com\/fr\/wp-json\/wp\/v2\/media?parent=9409"}],"wp:term":[{"taxonomy":"product_brand","embeddable":true,"href":"http:\/\/www.forward-wip.com\/fr\/wp-json\/wp\/v2\/product_brand?post=9409"},{"taxonomy":"product_cat","embeddable":true,"href":"http:\/\/www.forward-wip.com\/fr\/wp-json\/wp\/v2\/product_cat?post=9409"},{"taxonomy":"product_tag","embeddable":true,"href":"http:\/\/www.forward-wip.com\/fr\/wp-json\/wp\/v2\/product_tag?post=9409"}],"curies":[{"name":"wp","href":"https:\/\/api.w.org\/{rel}","templated":true}]}}