{"id":503,"date":"2021-02-09T17:25:30","date_gmt":"2021-02-09T16:25:30","guid":{"rendered":"https:\/\/www.forward-wip.com\/produit\/neo-beanie\/"},"modified":"2025-02-04T10:45:33","modified_gmt":"2025-02-04T09:45:33","slug":"neo-beanie","status":"publish","type":"product","link":"http:\/\/www.forward-wip.com\/fr\/produit\/neo-beanie\/","title":{"rendered":"BONNET NEOPRENE"},"content":{"rendered":"<div data-elementor-type=\"product-post\" data-elementor-id=\"503\" class=\"elementor elementor-503\" data-elementor-post-type=\"product\">\n\t\t\t\t\t\t<section class=\"elementor-section elementor-top-section elementor-element elementor-element-67c2cff elementor-section-boxed elementor-section-height-default elementor-section-height-default\" data-id=\"67c2cff\" data-element_type=\"section\">\n\t\t\t\t\t\t<div class=\"elementor-container elementor-column-gap-default\">\n\t\t\t\t\t<div class=\"elementor-column elementor-col-100 elementor-top-column elementor-element elementor-element-68f6e25\" data-id=\"68f6e25\" data-element_type=\"column\">\n\t\t\t<div class=\"elementor-widget-wrap elementor-element-populated\">\n\t\t\t\t\t\t<div class=\"elementor-element elementor-element-b6a11d1 elementor-widget elementor-widget-gallery\" data-id=\"b6a11d1\" data-element_type=\"widget\" data-settings=\"{&quot;columns&quot;:2,&quot;aspect_ratio&quot;:&quot;1:1&quot;,&quot;lazyload&quot;:&quot;yes&quot;,&quot;gallery_layout&quot;:&quot;grid&quot;,&quot;columns_tablet&quot;:2,&quot;columns_mobile&quot;:1,&quot;gap&quot;:{&quot;unit&quot;:&quot;px&quot;,&quot;size&quot;:10,&quot;sizes&quot;:[]},&quot;gap_tablet&quot;:{&quot;unit&quot;:&quot;px&quot;,&quot;size&quot;:10,&quot;sizes&quot;:[]},&quot;gap_mobile&quot;:{&quot;unit&quot;:&quot;px&quot;,&quot;size&quot;:10,&quot;sizes&quot;:[]},&quot;link_to&quot;:&quot;file&quot;,&quot;overlay_background&quot;:&quot;yes&quot;,&quot;content_hover_animation&quot;:&quot;fade-in&quot;}\" data-widget_type=\"gallery.default\">\n\t\t\t\t<div class=\"elementor-widget-container\">\n\t\t\t\t\t\t\t<div class=\"elementor-gallery__container\">\n\t\t\t\t\t\t\t<a class=\"e-gallery-item elementor-gallery-item elementor-animated-content\" href=\"https:\/\/www.forward-wip.com\/wp-content\/uploads\/2021\/02\/2.-NEO-BEANIE-BLACK-GREY.jpg\" data-elementor-open-lightbox=\"yes\" data-elementor-lightbox-slideshow=\"b6a11d1\" data-e-action-hash=\"#elementor-action%3Aaction%3Dlightbox%26settings%3DeyJpZCI6NzQ5NiwidXJsIjoiaHR0cHM6XC9cL3d3dy5mb3J3YXJkLXdpcC5jb21cL3dwLWNvbnRlbnRcL3VwbG9hZHNcLzIwMjFcLzAyXC8yLi1ORU8tQkVBTklFLUJMQUNLLUdSRVkuanBnIiwic2xpZGVzaG93IjoiYjZhMTFkMSJ9\">\n\t\t\t\t\t<div class=\"e-gallery-image elementor-gallery-item__image\" data-thumbnail=\"https:\/\/www.forward-wip.com\/wp-content\/uploads\/2021\/02\/2.-NEO-BEANIE-BLACK-GREY.jpg\" data-width=\"1127\" data-height=\"1127\" aria-label=\"\" role=\"img\" ><\/div>\n\t\t\t\t\t\t\t\t\t\t\t<div class=\"elementor-gallery-item__overlay\"><\/div>\n\t\t\t\t\t\t\t\t\t\t\t\t\t\t<\/a>\n\t\t\t\t\t\t\t<a class=\"e-gallery-item elementor-gallery-item elementor-animated-content\" href=\"https:\/\/www.forward-wip.com\/wp-content\/uploads\/2021\/02\/1.-NEO-BEANIE-ORANGE-BLACK.jpg\" data-elementor-open-lightbox=\"yes\" data-elementor-lightbox-slideshow=\"b6a11d1\" data-e-action-hash=\"#elementor-action%3Aaction%3Dlightbox%26settings%3DeyJpZCI6NzQ5MywidXJsIjoiaHR0cHM6XC9cL3d3dy5mb3J3YXJkLXdpcC5jb21cL3dwLWNvbnRlbnRcL3VwbG9hZHNcLzIwMjFcLzAyXC8xLi1ORU8tQkVBTklFLU9SQU5HRS1CTEFDSy5qcGciLCJzbGlkZXNob3ciOiJiNmExMWQxIn0%3D\">\n\t\t\t\t\t<div class=\"e-gallery-image elementor-gallery-item__image\" data-thumbnail=\"https:\/\/www.forward-wip.com\/wp-content\/uploads\/2021\/02\/1.-NEO-BEANIE-ORANGE-BLACK.jpg\" data-width=\"1127\" data-height=\"1127\" aria-label=\"\" role=\"img\" ><\/div>\n\t\t\t\t\t\t\t\t\t\t\t<div class=\"elementor-gallery-item__overlay\"><\/div>\n\t\t\t\t\t\t\t\t\t\t\t\t\t\t<\/a>\n\t\t\t\t\t<\/div>\n\t\t\t\t\t<\/div>\n\t\t\t\t<\/div>\n\t\t\t\t\t<\/div>\n\t\t<\/div>\n\t\t\t\t\t<\/div>\n\t\t<\/section>\n\t\t\t\t<section class=\"elementor-section elementor-top-section elementor-element elementor-element-7bffe8c2 elementor-section-boxed elementor-section-height-default elementor-section-height-default\" data-id=\"7bffe8c2\" data-element_type=\"section\">\n\t\t\t\t\t\t<div class=\"elementor-container elementor-column-gap-default\">\n\t\t\t\t\t<div class=\"elementor-column elementor-col-100 elementor-top-column elementor-element elementor-element-28ea2ba7\" data-id=\"28ea2ba7\" data-element_type=\"column\">\n\t\t\t<div class=\"elementor-widget-wrap elementor-element-populated\">\n\t\t\t\t\t\t<div class=\"elementor-element elementor-element-18430ff5 elementor-widget elementor-widget-text-editor\" data-id=\"18430ff5\" data-element_type=\"widget\" data-widget_type=\"text-editor.default\">\n\t\t\t\t<div class=\"elementor-widget-container\">\n\t\t\t\t\t\t\t\t\t<p><span style=\"color: #000000;\"><strong>Integrated chin-strap<\/strong><\/span><\/p><p><span style=\"color: #000000;\"><strong>Insulating smart cool looking beanies<\/strong><\/span><\/p><p><span style=\"color: #000000;\"><strong>Ces bonnets n\u00e9opr\u00e8ne color\u00e9s gardent votre t\u00eate au chaud m\u00eame mouill\u00e9s. Ils disposent d'une mentonni\u00e8re qui peut \u00eatre utilis\u00e9e ou non pour garder vos oreilles au chaud par mauvais temps, et surtout \u00e9viter de le perdre.\nIls sont surmont\u00e9s d'un pompon pour rappeler nos racines suisses !<\/strong><strong><br \/>They are topped with a pompom to remind you of our swiss roots !<\/strong><\/span><\/p><p><span style=\"color: #000000;\"><strong>&gt; neoprene 2mm<\/strong><strong><br \/>&gt; 90% neoprene \/ 10%\u00a0nylon<\/strong><\/span><\/p>\t\t\t\t\t\t\t\t<\/div>\n\t\t\t\t<\/div>\n\t\t\t\t\t<\/div>\n\t\t<\/div>\n\t\t\t\t\t<\/div>\n\t\t<\/section>\n\t\t\t\t<\/div>","protected":false},"excerpt":{"rendered":"<p>Integrated chin-strap Insulating smart cool looking beanies These colourful neoprene beanies keep your head warm even wet. They have a chin strap that can be used or not to keep your ears warm in bad weather, and especially avoid losing it. They are topped with a pompom to remind you of our swiss roots ! [&hellip;]<\/p>","protected":false},"featured_media":7493,"template":"","meta":[],"product_brand":[],"product_cat":[264,29,40],"product_tag":[],"class_list":{"0":"post-503","1":"product","2":"type-product","3":"status-publish","4":"has-post-thumbnail","6":"product_cat-products","7":"product_cat-accessories","8":"product_cat-headwear","10":"first","11":"instock","12":"shipping-taxable","13":"purchasable","14":"product-type-variable"},"_links":{"self":[{"href":"http:\/\/www.forward-wip.com\/fr\/wp-json\/wp\/v2\/product\/503","targetHints":{"allow":["GET"]}}],"collection":[{"href":"http:\/\/www.forward-wip.com\/fr\/wp-json\/wp\/v2\/product"}],"about":[{"href":"http:\/\/www.forward-wip.com\/fr\/wp-json\/wp\/v2\/types\/product"}],"version-history":[{"count":0,"href":"http:\/\/www.forward-wip.com\/fr\/wp-json\/wp\/v2\/product\/503\/revisions"}],"wp:featuredmedia":[{"embeddable":true,"href":"http:\/\/www.forward-wip.com\/fr\/wp-json\/wp\/v2\/media\/7493"}],"wp:attachment":[{"href":"http:\/\/www.forward-wip.com\/fr\/wp-json\/wp\/v2\/media?parent=503"}],"wp:term":[{"taxonomy":"product_brand","embeddable":true,"href":"http:\/\/www.forward-wip.com\/fr\/wp-json\/wp\/v2\/product_brand?post=503"},{"taxonomy":"product_cat","embeddable":true,"href":"http:\/\/www.forward-wip.com\/fr\/wp-json\/wp\/v2\/product_cat?post=503"},{"taxonomy":"product_tag","embeddable":true,"href":"http:\/\/www.forward-wip.com\/fr\/wp-json\/wp\/v2\/product_tag?post=503"}],"curies":[{"name":"wp","href":"https:\/\/api.w.org\/{rel}","templated":true}]}}