{"id":458,"date":"2021-02-09T17:21:24","date_gmt":"2021-02-09T16:21:24","guid":{"rendered":"https:\/\/www.forward-wip.com\/produit\/3ds-neo-top-3mm\/"},"modified":"2025-03-12T12:34:09","modified_gmt":"2025-03-12T11:34:09","slug":"3ds-neo-top-3mm","status":"publish","type":"product","link":"http:\/\/www.forward-wip.com\/fr\/produit\/3ds-neo-top-3mm\/","title":{"rendered":"3DS NEO TOP"},"content":{"rendered":"<div data-elementor-type=\"product-post\" data-elementor-id=\"458\" class=\"elementor elementor-458\" data-elementor-post-type=\"product\">\n\t\t\t\t\t\t<section class=\"elementor-section elementor-top-section elementor-element elementor-element-f9354ef elementor-section-boxed elementor-section-height-default elementor-section-height-default\" data-id=\"f9354ef\" data-element_type=\"section\">\n\t\t\t\t\t\t<div class=\"elementor-container elementor-column-gap-default\">\n\t\t\t\t\t<div class=\"elementor-column elementor-col-100 elementor-top-column elementor-element elementor-element-158e1f7\" data-id=\"158e1f7\" data-element_type=\"column\">\n\t\t\t<div class=\"elementor-widget-wrap elementor-element-populated\">\n\t\t\t\t\t\t<div class=\"elementor-element elementor-element-9c4c999 elementor-widget elementor-widget-gallery\" data-id=\"9c4c999\" data-element_type=\"widget\" data-settings=\"{&quot;columns&quot;:2,&quot;aspect_ratio&quot;:&quot;1:1&quot;,&quot;lazyload&quot;:&quot;yes&quot;,&quot;gallery_layout&quot;:&quot;grid&quot;,&quot;columns_tablet&quot;:2,&quot;columns_mobile&quot;:1,&quot;gap&quot;:{&quot;unit&quot;:&quot;px&quot;,&quot;size&quot;:10,&quot;sizes&quot;:[]},&quot;gap_tablet&quot;:{&quot;unit&quot;:&quot;px&quot;,&quot;size&quot;:10,&quot;sizes&quot;:[]},&quot;gap_mobile&quot;:{&quot;unit&quot;:&quot;px&quot;,&quot;size&quot;:10,&quot;sizes&quot;:[]},&quot;link_to&quot;:&quot;file&quot;,&quot;overlay_background&quot;:&quot;yes&quot;,&quot;content_hover_animation&quot;:&quot;fade-in&quot;}\" data-widget_type=\"gallery.default\">\n\t\t\t\t<div class=\"elementor-widget-container\">\n\t\t\t\t\t\t\t<div class=\"elementor-gallery__container\">\n\t\t\t\t\t\t\t<a class=\"e-gallery-item elementor-gallery-item elementor-animated-content\" href=\"https:\/\/www.forward-wip.com\/wp-content\/uploads\/2021\/02\/2.-3DS-NEO-TOP-3MM.jpg\" data-elementor-open-lightbox=\"yes\" data-elementor-lightbox-slideshow=\"9c4c999\" data-e-action-hash=\"#elementor-action%3Aaction%3Dlightbox%26settings%3DeyJpZCI6MTExMSwidXJsIjoiaHR0cHM6XC9cL3d3dy5mb3J3YXJkLXdpcC5jb21cL3dwLWNvbnRlbnRcL3VwbG9hZHNcLzIwMjFcLzAyXC8yLi0zRFMtTkVPLVRPUC0zTU0uanBnIiwic2xpZGVzaG93IjoiOWM0Yzk5OSJ9\">\n\t\t\t\t\t<div class=\"e-gallery-image elementor-gallery-item__image\" data-thumbnail=\"https:\/\/www.forward-wip.com\/wp-content\/uploads\/2021\/02\/2.-3DS-NEO-TOP-3MM.jpg\" data-width=\"800\" data-height=\"800\" aria-label=\"\" role=\"img\" ><\/div>\n\t\t\t\t\t\t\t\t\t\t\t<div class=\"elementor-gallery-item__overlay\"><\/div>\n\t\t\t\t\t\t\t\t\t\t\t\t\t\t<\/a>\n\t\t\t\t\t\t\t<a class=\"e-gallery-item elementor-gallery-item elementor-animated-content\" href=\"https:\/\/www.forward-wip.com\/wp-content\/uploads\/2021\/02\/3.-3DS-NEO-TOP-3MM.jpg\" data-elementor-open-lightbox=\"yes\" data-elementor-lightbox-slideshow=\"9c4c999\" data-e-action-hash=\"#elementor-action%3Aaction%3Dlightbox%26settings%3DeyJpZCI6MTExMiwidXJsIjoiaHR0cHM6XC9cL3d3dy5mb3J3YXJkLXdpcC5jb21cL3dwLWNvbnRlbnRcL3VwbG9hZHNcLzIwMjFcLzAyXC8zLi0zRFMtTkVPLVRPUC0zTU0uanBnIiwic2xpZGVzaG93IjoiOWM0Yzk5OSJ9\">\n\t\t\t\t\t<div class=\"e-gallery-image elementor-gallery-item__image\" data-thumbnail=\"https:\/\/www.forward-wip.com\/wp-content\/uploads\/2021\/02\/3.-3DS-NEO-TOP-3MM.jpg\" data-width=\"800\" data-height=\"800\" aria-label=\"\" role=\"img\" ><\/div>\n\t\t\t\t\t\t\t\t\t\t\t<div class=\"elementor-gallery-item__overlay\"><\/div>\n\t\t\t\t\t\t\t\t\t\t\t\t\t\t<\/a>\n\t\t\t\t\t<\/div>\n\t\t\t\t\t<\/div>\n\t\t\t\t<\/div>\n\t\t\t\t\t<\/div>\n\t\t<\/div>\n\t\t\t\t\t<\/div>\n\t\t<\/section>\n\t\t\t\t<section class=\"elementor-section elementor-top-section elementor-element elementor-element-4e5a60ea elementor-section-boxed elementor-section-height-default elementor-section-height-default\" data-id=\"4e5a60ea\" data-element_type=\"section\">\n\t\t\t\t\t\t<div class=\"elementor-container elementor-column-gap-default\">\n\t\t\t\t\t<div class=\"elementor-column elementor-col-100 elementor-top-column elementor-element elementor-element-4c171917\" data-id=\"4c171917\" data-element_type=\"column\">\n\t\t\t<div class=\"elementor-widget-wrap elementor-element-populated\">\n\t\t\t\t\t\t<div class=\"elementor-element elementor-element-5ab3f84e elementor-widget elementor-widget-text-editor\" data-id=\"5ab3f84e\" data-element_type=\"widget\" data-widget_type=\"text-editor.default\">\n\t\t\t\t<div class=\"elementor-widget-container\">\n\t\t\t\t\t\t\t\t\t<p><span style=\"color: #000000;\">N\u00e9opr\u00e8ne super stretch 2.5mm<\/span><br \/><span style=\"color: #000000;\">&gt;pour une libert\u00e9 maximale. Souplesse et confort<\/span><\/p><p><span style=\"color: #000000;\">Mati\u00e8re interne en thermo-lining<\/span><br \/><span style=\"color: #000000;\">&gt;chaude et s\u00e9chage tr\u00e8s rapide - tissu confortable qui \u00e9vacue l'humidit\u00e9<\/span><\/p><p><span style=\"color: #000000;\">WIP 3DS fit<\/span><br \/><span style=\"color: #000000;\">&gt;corps cartographi\u00e9 et coupe ajust\u00e9e, ce qui veut dire que vous obtiendrez le meilleur confort possible<\/span><\/p><p><span style=\"color: #000000;\">WIP LINK technologie<\/span><br \/><span style=\"color: #000000;\">&gt;bandes silicones internes qui correspondent avec les protections cot\u00e9s du Long John. Ce WIP Link permet au top de ne pas remonter<\/span><\/p><p><span style=\"color: #000000;\"><img decoding=\"async\" class=\"alignnone wp-image-1801\" src=\"https:\/\/www.forward-wip.com\/wp-content\/uploads\/2021\/02\/WIPtech-03-300x80.png\" alt=\"\" width=\"131\" height=\"35\" srcset=\"https:\/\/www.forward-wip.com\/wp-content\/uploads\/2021\/02\/WIPtech-03-300x80.png 300w, https:\/\/www.forward-wip.com\/wp-content\/uploads\/2021\/02\/WIPtech-03-1024x273.png 1024w, https:\/\/www.forward-wip.com\/wp-content\/uploads\/2021\/02\/WIPtech-03-768x205.png 768w, https:\/\/www.forward-wip.com\/wp-content\/uploads\/2021\/02\/WIPtech-03-16x4.png 16w, https:\/\/www.forward-wip.com\/wp-content\/uploads\/2021\/02\/WIPtech-03-600x160.png 600w, https:\/\/www.forward-wip.com\/wp-content\/uploads\/2021\/02\/WIPtech-03.png 1251w\" sizes=\"(max-width: 131px) 100vw, 131px\" \/> <img decoding=\"async\" class=\"alignnone wp-image-1808\" src=\"https:\/\/www.forward-wip.com\/wp-content\/uploads\/2021\/02\/WIPtech-06-1-e1615801348640-300x118.png\" alt=\"\" width=\"89\" height=\"35\" srcset=\"https:\/\/www.forward-wip.com\/wp-content\/uploads\/2021\/02\/WIPtech-06-1-e1615801348640-300x118.png 300w, https:\/\/www.forward-wip.com\/wp-content\/uploads\/2021\/02\/WIPtech-06-1-e1615801348640-768x302.png 768w, https:\/\/www.forward-wip.com\/wp-content\/uploads\/2021\/02\/WIPtech-06-1-e1615801348640-16x6.png 16w, https:\/\/www.forward-wip.com\/wp-content\/uploads\/2021\/02\/WIPtech-06-1-e1615801348640-600x236.png 600w, https:\/\/www.forward-wip.com\/wp-content\/uploads\/2021\/02\/WIPtech-06-1-e1615801348640.png 915w\" sizes=\"(max-width: 89px) 100vw, 89px\" \/><\/span><\/p>\t\t\t\t\t\t\t\t<\/div>\n\t\t\t\t<\/div>\n\t\t\t\t\t<\/div>\n\t\t<\/div>\n\t\t\t\t\t<\/div>\n\t\t<\/section>\n\t\t\t\t<\/div>","protected":false},"excerpt":{"rendered":"<p>Super stretch neoprene 2.5mm &gt;for maximum freedom. Flexibility and comfort Thermo-lining inner material &gt;warm and quick drying &#8211; comfortable moisture wicking fabric WIP 3DS fit &gt;mapped body and tight fit, which means you get the best possible comfort WIP LINK technology &gt;internal silicone strips that match the Long John&#8217;s side protectors. This WIP Link allows [&hellip;]<\/p>","protected":false},"featured_media":1110,"template":"","meta":[],"product_brand":[],"product_cat":[256,264,28,36,265,244,245],"product_tag":[],"class_list":{"0":"post-458","1":"product","2":"type-product","3":"status-publish","4":"has-post-thumbnail","6":"product_cat-inshore","7":"product_cat-products","8":"product_cat-first-skin","9":"product_cat-tech-tops","10":"product_cat-technologies","11":"product_cat-wip-3ds","12":"product_cat-wip-link","14":"first","15":"instock","16":"shipping-taxable","17":"purchasable","18":"product-type-simple"},"_links":{"self":[{"href":"http:\/\/www.forward-wip.com\/fr\/wp-json\/wp\/v2\/product\/458","targetHints":{"allow":["GET"]}}],"collection":[{"href":"http:\/\/www.forward-wip.com\/fr\/wp-json\/wp\/v2\/product"}],"about":[{"href":"http:\/\/www.forward-wip.com\/fr\/wp-json\/wp\/v2\/types\/product"}],"version-history":[{"count":0,"href":"http:\/\/www.forward-wip.com\/fr\/wp-json\/wp\/v2\/product\/458\/revisions"}],"wp:featuredmedia":[{"embeddable":true,"href":"http:\/\/www.forward-wip.com\/fr\/wp-json\/wp\/v2\/media\/1110"}],"wp:attachment":[{"href":"http:\/\/www.forward-wip.com\/fr\/wp-json\/wp\/v2\/media?parent=458"}],"wp:term":[{"taxonomy":"product_brand","embeddable":true,"href":"http:\/\/www.forward-wip.com\/fr\/wp-json\/wp\/v2\/product_brand?post=458"},{"taxonomy":"product_cat","embeddable":true,"href":"http:\/\/www.forward-wip.com\/fr\/wp-json\/wp\/v2\/product_cat?post=458"},{"taxonomy":"product_tag","embeddable":true,"href":"http:\/\/www.forward-wip.com\/fr\/wp-json\/wp\/v2\/product_tag?post=458"}],"curies":[{"name":"wp","href":"https:\/\/api.w.org\/{rel}","templated":true}]}}