{"id":446,"date":"2021-02-09T17:20:22","date_gmt":"2021-02-09T16:20:22","guid":{"rendered":"https:\/\/www.forward-wip.com\/produit\/neo-long-john-3mm-junior\/"},"modified":"2025-03-06T12:03:36","modified_gmt":"2025-03-06T11:03:36","slug":"neo-long-john-jr","status":"publish","type":"product","link":"http:\/\/www.forward-wip.com\/fr\/produit\/neo-long-john-jr\/","title":{"rendered":"NEO LONG JOHN JR MK2"},"content":{"rendered":"<div data-elementor-type=\"product-post\" data-elementor-id=\"446\" class=\"elementor elementor-446\" data-elementor-post-type=\"product\">\n\t\t\t\t\t\t<section class=\"elementor-section elementor-top-section elementor-element elementor-element-a9858c3 elementor-section-boxed elementor-section-height-default elementor-section-height-default\" data-id=\"a9858c3\" data-element_type=\"section\">\n\t\t\t\t\t\t<div class=\"elementor-container elementor-column-gap-default\">\n\t\t\t\t\t<div class=\"elementor-column elementor-col-100 elementor-top-column elementor-element elementor-element-0c4e7a0\" data-id=\"0c4e7a0\" data-element_type=\"column\">\n\t\t\t<div class=\"elementor-widget-wrap elementor-element-populated\">\n\t\t\t\t\t\t<div class=\"elementor-element elementor-element-ba9efcc elementor-widget elementor-widget-gallery\" data-id=\"ba9efcc\" data-element_type=\"widget\" data-settings=\"{&quot;columns&quot;:3,&quot;aspect_ratio&quot;:&quot;1:1&quot;,&quot;lazyload&quot;:&quot;yes&quot;,&quot;gallery_layout&quot;:&quot;grid&quot;,&quot;columns_tablet&quot;:2,&quot;columns_mobile&quot;:1,&quot;gap&quot;:{&quot;unit&quot;:&quot;px&quot;,&quot;size&quot;:10,&quot;sizes&quot;:[]},&quot;gap_tablet&quot;:{&quot;unit&quot;:&quot;px&quot;,&quot;size&quot;:10,&quot;sizes&quot;:[]},&quot;gap_mobile&quot;:{&quot;unit&quot;:&quot;px&quot;,&quot;size&quot;:10,&quot;sizes&quot;:[]},&quot;link_to&quot;:&quot;file&quot;,&quot;overlay_background&quot;:&quot;yes&quot;,&quot;content_hover_animation&quot;:&quot;fade-in&quot;}\" data-widget_type=\"gallery.default\">\n\t\t\t\t<div class=\"elementor-widget-container\">\n\t\t\t\t\t\t\t<div class=\"elementor-gallery__container\">\n\t\t\t\t\t\t\t<a class=\"e-gallery-item elementor-gallery-item elementor-animated-content\" href=\"https:\/\/www.forward-wip.com\/wp-content\/uploads\/2024\/01\/Image8.png\" data-elementor-open-lightbox=\"yes\" data-elementor-lightbox-slideshow=\"ba9efcc\" data-e-action-hash=\"#elementor-action%3Aaction%3Dlightbox%26settings%3DeyJpZCI6OTU4MCwidXJsIjoiaHR0cHM6XC9cL3d3dy5mb3J3YXJkLXdpcC5jb21cL3dwLWNvbnRlbnRcL3VwbG9hZHNcLzIwMjRcLzAxXC9JbWFnZTgucG5nIiwic2xpZGVzaG93IjoiYmE5ZWZjYyJ9\">\n\t\t\t\t\t<div class=\"e-gallery-image elementor-gallery-item__image\" data-thumbnail=\"https:\/\/www.forward-wip.com\/wp-content\/uploads\/2024\/01\/Image8.png\" data-width=\"2475\" data-height=\"2475\" aria-label=\"\" role=\"img\" ><\/div>\n\t\t\t\t\t\t\t\t\t\t\t<div class=\"elementor-gallery-item__overlay\"><\/div>\n\t\t\t\t\t\t\t\t\t\t\t\t\t\t<\/a>\n\t\t\t\t\t\t\t<a class=\"e-gallery-item elementor-gallery-item elementor-animated-content\" href=\"https:\/\/www.forward-wip.com\/wp-content\/uploads\/2024\/01\/Image10.png\" data-elementor-open-lightbox=\"yes\" data-elementor-lightbox-slideshow=\"ba9efcc\" data-e-action-hash=\"#elementor-action%3Aaction%3Dlightbox%26settings%3DeyJpZCI6OTU4MiwidXJsIjoiaHR0cHM6XC9cL3d3dy5mb3J3YXJkLXdpcC5jb21cL3dwLWNvbnRlbnRcL3VwbG9hZHNcLzIwMjRcLzAxXC9JbWFnZTEwLnBuZyIsInNsaWRlc2hvdyI6ImJhOWVmY2MifQ%3D%3D\">\n\t\t\t\t\t<div class=\"e-gallery-image elementor-gallery-item__image\" data-thumbnail=\"https:\/\/www.forward-wip.com\/wp-content\/uploads\/2024\/01\/Image10.png\" data-width=\"2475\" data-height=\"2475\" aria-label=\"\" role=\"img\" ><\/div>\n\t\t\t\t\t\t\t\t\t\t\t<div class=\"elementor-gallery-item__overlay\"><\/div>\n\t\t\t\t\t\t\t\t\t\t\t\t\t\t<\/a>\n\t\t\t\t\t\t\t<a class=\"e-gallery-item elementor-gallery-item elementor-animated-content\" href=\"https:\/\/www.forward-wip.com\/wp-content\/uploads\/2024\/01\/Image9.png\" data-elementor-open-lightbox=\"yes\" data-elementor-lightbox-slideshow=\"ba9efcc\" data-e-action-hash=\"#elementor-action%3Aaction%3Dlightbox%26settings%3DeyJpZCI6OTU4MSwidXJsIjoiaHR0cHM6XC9cL3d3dy5mb3J3YXJkLXdpcC5jb21cL3dwLWNvbnRlbnRcL3VwbG9hZHNcLzIwMjRcLzAxXC9JbWFnZTkucG5nIiwic2xpZGVzaG93IjoiYmE5ZWZjYyJ9\">\n\t\t\t\t\t<div class=\"e-gallery-image elementor-gallery-item__image\" data-thumbnail=\"https:\/\/www.forward-wip.com\/wp-content\/uploads\/2024\/01\/Image9.png\" data-width=\"2475\" data-height=\"2475\" aria-label=\"\" role=\"img\" ><\/div>\n\t\t\t\t\t\t\t\t\t\t\t<div class=\"elementor-gallery-item__overlay\"><\/div>\n\t\t\t\t\t\t\t\t\t\t\t\t\t\t<\/a>\n\t\t\t\t\t<\/div>\n\t\t\t\t\t<\/div>\n\t\t\t\t<\/div>\n\t\t\t\t\t<\/div>\n\t\t<\/div>\n\t\t\t\t\t<\/div>\n\t\t<\/section>\n\t\t\t\t<section class=\"elementor-section elementor-top-section elementor-element elementor-element-155320e5 elementor-section-boxed elementor-section-height-default elementor-section-height-default\" data-id=\"155320e5\" data-element_type=\"section\">\n\t\t\t\t\t\t<div class=\"elementor-container elementor-column-gap-default\">\n\t\t\t\t\t<div class=\"elementor-column elementor-col-100 elementor-top-column elementor-element elementor-element-196c03ac\" data-id=\"196c03ac\" data-element_type=\"column\">\n\t\t\t<div class=\"elementor-widget-wrap elementor-element-populated\">\n\t\t\t\t\t\t<div class=\"elementor-element elementor-element-2deeb421 elementor-widget elementor-widget-text-editor\" data-id=\"2deeb421\" data-element_type=\"widget\" data-widget_type=\"text-editor.default\">\n\t\t\t\t<div class=\"elementor-widget-container\">\n\t\t\t\t\t\t\t\t\t<p><span style=\"color: #000000;\">Airprene inter-season flex neoprene 3 mm<\/span><br \/><span style=\"color: #000000;\">&gt;n\u00e9opr\u00e8ne perfor\u00e9 pour plus de souplesse et respirabilit\u00e9<\/span><\/p><p><span style=\"color: #000000;\">WIP INSIDE technologie int\u00e9gr\u00e9e aux endroits cl\u00e9s<\/span><br \/><span style=\"color: #000000;\">&gt;divers panneaux avec plaques thermoplastiques et mousses haute densit\u00e9 pour am\u00e9liorer le confort lors des chutes dans l'eau<\/span><\/p><p><span style=\"color: #000000;\">Pads genoux avec rev\u00eatement caoutchouc<\/span><br \/><span style=\"color: #000000;\">&gt;pour un excellent grip<\/span><\/p><p><span style=\"color: #000000;\">Tissu anti-abrasion<\/span><br \/><span style=\"color: #000000;\">&gt;panneaux renforc\u00e9s sur l'assise et les genoux pour une meilleure durabilit\u00e9<\/span><\/p><p><span style=\"color: #000000;\">Un n\u00e9opr\u00e8ne particuli\u00e8rement flexible<\/span><br \/><span style=\"color: #000000;\">&gt;pour une mobilit\u00e9 maximum sur l'eau augment\u00e9e de 40%<\/span><\/p><p><span style=\"color: #000000;\">Ouverture braguette<\/span><br \/><span style=\"color: #000000;\">&gt;discr\u00e8te, fonctionnelle, facile d'acc\u00e8s et prot\u00e9g\u00e9e de l'eau<\/span><\/p><p><span style=\"color: #000000;\"><img decoding=\"async\" class=\"alignnone wp-image-1808\" src=\"https:\/\/www.forward-wip.com\/wp-content\/uploads\/2021\/02\/WIPtech-06-1-e1615801348640-300x118.png\" alt=\"\" width=\"127\" height=\"50\" srcset=\"https:\/\/www.forward-wip.com\/wp-content\/uploads\/2021\/02\/WIPtech-06-1-e1615801348640-300x118.png 300w, https:\/\/www.forward-wip.com\/wp-content\/uploads\/2021\/02\/WIPtech-06-1-e1615801348640-768x302.png 768w, https:\/\/www.forward-wip.com\/wp-content\/uploads\/2021\/02\/WIPtech-06-1-e1615801348640-16x6.png 16w, https:\/\/www.forward-wip.com\/wp-content\/uploads\/2021\/02\/WIPtech-06-1-e1615801348640-600x236.png 600w, https:\/\/www.forward-wip.com\/wp-content\/uploads\/2021\/02\/WIPtech-06-1-e1615801348640.png 915w\" sizes=\"(max-width: 127px) 100vw, 127px\" \/> <img decoding=\"async\" class=\"alignnone wp-image-1802\" src=\"https:\/\/www.forward-wip.com\/wp-content\/uploads\/2021\/02\/WIPtech-04-300x173.png\" alt=\"\" width=\"84\" height=\"48\" srcset=\"https:\/\/www.forward-wip.com\/wp-content\/uploads\/2021\/02\/WIPtech-04-300x173.png 300w, https:\/\/www.forward-wip.com\/wp-content\/uploads\/2021\/02\/WIPtech-04-768x443.png 768w, https:\/\/www.forward-wip.com\/wp-content\/uploads\/2021\/02\/WIPtech-04-16x9.png 16w, https:\/\/www.forward-wip.com\/wp-content\/uploads\/2021\/02\/WIPtech-04-600x346.png 600w, https:\/\/www.forward-wip.com\/wp-content\/uploads\/2021\/02\/WIPtech-04.png 939w\" sizes=\"(max-width: 84px) 100vw, 84px\" \/><\/span><\/p>\t\t\t\t\t\t\t\t<\/div>\n\t\t\t\t<\/div>\n\t\t\t\t\t<\/div>\n\t\t<\/div>\n\t\t\t\t\t<\/div>\n\t\t<\/section>\n\t\t\t\t<\/div>","protected":false},"excerpt":{"rendered":"<p>Airprene inter-season flex neoprene 3 mm&gt;perforated neoprene for added flexibility and breathability WIP INSIDE technology integrated in key areas&gt;various panels with thermoplastic plates and high density foams to improve comfort when falling in the water Rubber coated knee pads&gt;for excellent grip Anti-abrasion fabric&gt;reinforced panels on the seat and knees for better durability A particularly flexible [&hellip;]<\/p>","protected":false},"featured_media":8457,"template":"","meta":[],"product_brand":[],"product_cat":[263,254,253,251,252,256,264,28,35,265,244,243,245],"product_tag":[],"class_list":{"0":"post-446","1":"product","2":"type-product","3":"status-publish","4":"has-post-thumbnail","6":"product_cat-activities","7":"product_cat-downwind","8":"product_cat-wing","9":"product_cat-kite","10":"product_cat-wind","11":"product_cat-inshore","12":"product_cat-products","13":"product_cat-first-skin","14":"product_cat-wetsuits","15":"product_cat-technologies","16":"product_cat-wip-3ds","17":"product_cat-wip-inside","18":"product_cat-wip-link","20":"first","21":"instock","22":"shipping-taxable","23":"purchasable","24":"product-type-simple"},"_links":{"self":[{"href":"http:\/\/www.forward-wip.com\/fr\/wp-json\/wp\/v2\/product\/446","targetHints":{"allow":["GET"]}}],"collection":[{"href":"http:\/\/www.forward-wip.com\/fr\/wp-json\/wp\/v2\/product"}],"about":[{"href":"http:\/\/www.forward-wip.com\/fr\/wp-json\/wp\/v2\/types\/product"}],"version-history":[{"count":0,"href":"http:\/\/www.forward-wip.com\/fr\/wp-json\/wp\/v2\/product\/446\/revisions"}],"wp:featuredmedia":[{"embeddable":true,"href":"http:\/\/www.forward-wip.com\/fr\/wp-json\/wp\/v2\/media\/8457"}],"wp:attachment":[{"href":"http:\/\/www.forward-wip.com\/fr\/wp-json\/wp\/v2\/media?parent=446"}],"wp:term":[{"taxonomy":"product_brand","embeddable":true,"href":"http:\/\/www.forward-wip.com\/fr\/wp-json\/wp\/v2\/product_brand?post=446"},{"taxonomy":"product_cat","embeddable":true,"href":"http:\/\/www.forward-wip.com\/fr\/wp-json\/wp\/v2\/product_cat?post=446"},{"taxonomy":"product_tag","embeddable":true,"href":"http:\/\/www.forward-wip.com\/fr\/wp-json\/wp\/v2\/product_tag?post=446"}],"curies":[{"name":"wp","href":"https:\/\/api.w.org\/{rel}","templated":true}]}}