{"id":1885,"date":"2021-02-09T17:25:46","date_gmt":"2021-02-09T16:25:46","guid":{"rendered":"https:\/\/www.forward-wip.com\/?post_type=product&#038;p=1885"},"modified":"2025-02-04T10:07:10","modified_gmt":"2025-02-04T09:07:10","slug":"wip-bbt-system","status":"publish","type":"product","link":"http:\/\/www.forward-wip.com\/fr\/produit\/wip-bbt-system\/","title":{"rendered":"WIP-BBT SYSTEM WIFLEX"},"content":{"rendered":"<p>La solution parfaite pour une communication ouverte en duplex jusqu'\u00e0 4 personnes \u00e0 moins de 300 m de distance<\/p>\n<p><strong>Utilisation cibl\u00e9e:<\/strong>\u00a0Communication \u00e0 bord d'un yacht (skipper et \u00e9quipage) \/ Communication entra\u00eeneur-\u00e9l\u00e8ve \/ Communication par t\u00e9l\u00e9phone en solo + syst\u00e8me de musique<\/p>\n<p><strong>Technologie:<\/strong>\u00a0Communication duplex Bluetooth High Res avec r\u00e9duction du bruit<\/p>\n<p><strong>Avantages:<\/strong>\u00a0Syst\u00e8me de communication multi-utilisateurs l\u00e9ger et de petite taille avec communication t\u00e9l\u00e9phonique Bluetooth \u00e0 un prix raisonnable.<\/p>\n<p><strong>Comment utiliser?:<\/strong>\u00a0Appuyez sur le bouton lat\u00e9ral:<br \/>\nvous pouvez l'utiliser pour une communication en duplex ouvert dans un rayon de 800 m\u00e8tres maximum.<br \/>\nVous pouvez r\u00e9pondre \u00e0 un appel t\u00e9l\u00e9phonique (votre t\u00e9l\u00e9phone \u00e9tant dans un \u00e9tui \u00e9tanche synchro par bluetooth).<br \/>\nVous pouvez \u00e9couter de la musique via votre t\u00e9l\u00e9phone<br \/>\nAvec une unit\u00e9 ma\u00eetre, vous pouvez relier jusqu'\u00e0 6 syst\u00e8mes BBT pour cr\u00e9er un r\u00e9seau dans un p\u00e9rim\u00e8tre de 70 m\u00e8tres, mais dans ce cas, vous ne pouvez pas \u00eatre synchronis\u00e9 avec votre t\u00e9l\u00e9phone.<\/p>\n<p><strong>Application typique:<\/strong><br \/>\nCommunication sur les yachts de plus de 30\u2032 pour l'\u00e9quipage (mont\u00e9e de m\u00e2t, mouillage, Skipper \u00e0 n\u00b01 en R\u00e9gate...).<br \/>\nEntra\u00eeneur de kitesurf pour les phases de lancement et de d\u00e9marrage du kite pr\u00e8s du rivage.<br \/>\n\u00c9quipes de kite\/windsurf\/voile d\u00e9sireuses d'\u00eatre en contact pour recevoir des instructions ou \u00e9changer des informations.<br \/>\nAdepte du kite\/windsurf souhaitant rester en contact avec le rivage\/la famille\/les amis par le biais d'un t\u00e9l\u00e9phone portable \u00e9tanche.<\/p>\n<p><strong>Prix:<\/strong>\u00a0Casque+ Syst\u00e8me de communication &lt;300\u20ac TTC par unit\u00e9<br \/>\nAccessoires : Casque BBT Wipper \/ Casque BBT Pro Wip \/ Casquette BBT \/ Casque d'entra\u00eeneur BBT (pas imperm\u00e9able)<\/p>\n<p>&nbsp;<\/p>\n<p><a href=\"https:\/\/www.forward-wip.com\/fr\/contact\/\">Contactez-nous<\/a><\/p>\n<p>&nbsp;<\/p>\n<p><img decoding=\"async\" class=\"alignnone wp-image-1894\" src=\"https:\/\/www.forward-wip.com\/wp-content\/uploads\/2021\/03\/BBTALKING2-1-300x89.jpg\" alt=\"\" width=\"335\" height=\"99\" srcset=\"https:\/\/www.forward-wip.com\/wp-content\/uploads\/2021\/03\/BBTALKING2-1-300x89.jpg 300w, https:\/\/www.forward-wip.com\/wp-content\/uploads\/2021\/03\/BBTALKING2-1-16x5.jpg 16w, https:\/\/www.forward-wip.com\/wp-content\/uploads\/2021\/03\/BBTALKING2-1.jpg 558w\" sizes=\"(max-width: 335px) 100vw, 335px\" \/><\/p>","protected":false},"excerpt":{"rendered":"<p>The perfect solution for &lt;300m duplex open communication for up to 4 people Target use:\u00a0On board Yacht communication (Skipper and crew) \/ Coach-trainee communication \/ Solo Phone communication+ music system Technology:\u00a0Bluetooth High Res duplex communication with noise cancelling Benefits:\u00a0Light and small multi-user communication system with phone bluetooth communication at reasonnable price How to use?:\u00a0Press on [&hellip;]<\/p>","protected":false},"featured_media":957,"template":"","meta":[],"product_brand":[],"product_cat":[264,25,48],"product_tag":[],"class_list":{"0":"post-1885","1":"product","2":"type-product","3":"status-publish","4":"has-post-thumbnail","6":"product_cat-products","7":"product_cat-protection","8":"product_cat-com","10":"first","11":"instock","12":"shipping-taxable","13":"product-type-simple"},"_links":{"self":[{"href":"http:\/\/www.forward-wip.com\/fr\/wp-json\/wp\/v2\/product\/1885","targetHints":{"allow":["GET"]}}],"collection":[{"href":"http:\/\/www.forward-wip.com\/fr\/wp-json\/wp\/v2\/product"}],"about":[{"href":"http:\/\/www.forward-wip.com\/fr\/wp-json\/wp\/v2\/types\/product"}],"version-history":[{"count":0,"href":"http:\/\/www.forward-wip.com\/fr\/wp-json\/wp\/v2\/product\/1885\/revisions"}],"wp:featuredmedia":[{"embeddable":true,"href":"http:\/\/www.forward-wip.com\/fr\/wp-json\/wp\/v2\/media\/957"}],"wp:attachment":[{"href":"http:\/\/www.forward-wip.com\/fr\/wp-json\/wp\/v2\/media?parent=1885"}],"wp:term":[{"taxonomy":"product_brand","embeddable":true,"href":"http:\/\/www.forward-wip.com\/fr\/wp-json\/wp\/v2\/product_brand?post=1885"},{"taxonomy":"product_cat","embeddable":true,"href":"http:\/\/www.forward-wip.com\/fr\/wp-json\/wp\/v2\/product_cat?post=1885"},{"taxonomy":"product_tag","embeddable":true,"href":"http:\/\/www.forward-wip.com\/fr\/wp-json\/wp\/v2\/product_tag?post=1885"}],"curies":[{"name":"wp","href":"https:\/\/api.w.org\/{rel}","templated":true}]}}