{"id":13207,"date":"2025-08-13T12:08:29","date_gmt":"2025-08-13T10:08:29","guid":{"rendered":"https:\/\/www.forward-wip.com\/?post_type=product&#038;p=13207"},"modified":"2025-11-07T11:56:44","modified_gmt":"2025-11-07T10:56:44","slug":"rxadapter","status":"publish","type":"product","link":"http:\/\/www.forward-wip.com\/fr\/produit\/rxadapter\/","title":{"rendered":"Rx adapter pour GUST AERO 2.0"},"content":{"rendered":"<div data-elementor-type=\"product-post\" data-elementor-id=\"13207\" class=\"elementor elementor-13207\" data-elementor-post-type=\"product\">\n\t\t\t\t\t\t<section class=\"elementor-section elementor-top-section elementor-element elementor-element-2d1194b9 elementor-section-boxed elementor-section-height-default elementor-section-height-default\" data-id=\"2d1194b9\" data-element_type=\"section\">\n\t\t\t\t\t\t<div class=\"elementor-container elementor-column-gap-default\">\n\t\t\t\t\t<div class=\"elementor-column elementor-col-100 elementor-top-column elementor-element elementor-element-3e06c16b\" data-id=\"3e06c16b\" data-element_type=\"column\">\n\t\t\t<div class=\"elementor-widget-wrap elementor-element-populated\">\n\t\t\t\t\t\t<div class=\"elementor-element elementor-element-5df1763f elementor-widget elementor-widget-text-editor\" data-id=\"5df1763f\" data-element_type=\"widget\" data-widget_type=\"text-editor.default\">\n\t\t\t\t<div class=\"elementor-widget-container\">\n\t\t\t\t\t\t\t\t\t<p>Des lunettes \u00e0 votre vue directement int\u00e9gr\u00e9es dans vos lunettes de soleil\u00a0<\/p><p>&gt; amovible sur les Aero Gust 2.0<\/p><p><span style=\"font-family: -apple-system, BlinkMacSystemFont, 'Segoe UI', Roboto, 'Helvetica Neue', Arial, 'Noto Sans', sans-serif, 'Apple Color Emoji', 'Segoe UI Emoji', 'Segoe UI Symbol', 'Noto Color Emoji';\">&gt; correction \u00e0 faire <\/span><span style=\"font-family: -apple-system, BlinkMacSystemFont, 'Segoe UI', Roboto, 'Helvetica Neue', Arial, 'Noto Sans', sans-serif, 'Apple Color Emoji', 'Segoe UI Emoji', 'Segoe UI Symbol', 'Noto Color Emoji';\">directement chez votre opticien<br \/><\/span><\/p>\t\t\t\t\t\t\t\t<\/div>\n\t\t\t\t<\/div>\n\t\t\t\t\t<\/div>\n\t\t<\/div>\n\t\t\t\t\t<\/div>\n\t\t<\/section>\n\t\t\t\t<\/div>","protected":false},"excerpt":{"rendered":"<p>Small glasses with your correction removable in your Sun Glasses &gt; adaptable on the Aero Gust 2.0 &gt; correction to be made directly at your optician&#8217;s<\/p>","protected":false},"featured_media":13208,"template":"","meta":[],"product_brand":[],"product_cat":[27,254,253,251,252,256,218,264,240,29,53],"product_tag":[],"class_list":{"0":"post-13207","1":"product","2":"type-product","3":"status-publish","4":"has-post-thumbnail","6":"product_cat-eye-protection","7":"product_cat-downwind","8":"product_cat-wing","9":"product_cat-kite","10":"product_cat-wind","11":"product_cat-inshore","12":"product_cat-coastal-racing","13":"product_cat-products","14":"product_cat-new","15":"product_cat-accessories","16":"product_cat-spare-parts","18":"first","19":"instock","20":"shipping-taxable","21":"purchasable","22":"product-type-simple"},"_links":{"self":[{"href":"http:\/\/www.forward-wip.com\/fr\/wp-json\/wp\/v2\/product\/13207","targetHints":{"allow":["GET"]}}],"collection":[{"href":"http:\/\/www.forward-wip.com\/fr\/wp-json\/wp\/v2\/product"}],"about":[{"href":"http:\/\/www.forward-wip.com\/fr\/wp-json\/wp\/v2\/types\/product"}],"version-history":[{"count":0,"href":"http:\/\/www.forward-wip.com\/fr\/wp-json\/wp\/v2\/product\/13207\/revisions"}],"wp:featuredmedia":[{"embeddable":true,"href":"http:\/\/www.forward-wip.com\/fr\/wp-json\/wp\/v2\/media\/13208"}],"wp:attachment":[{"href":"http:\/\/www.forward-wip.com\/fr\/wp-json\/wp\/v2\/media?parent=13207"}],"wp:term":[{"taxonomy":"product_brand","embeddable":true,"href":"http:\/\/www.forward-wip.com\/fr\/wp-json\/wp\/v2\/product_brand?post=13207"},{"taxonomy":"product_cat","embeddable":true,"href":"http:\/\/www.forward-wip.com\/fr\/wp-json\/wp\/v2\/product_cat?post=13207"},{"taxonomy":"product_tag","embeddable":true,"href":"http:\/\/www.forward-wip.com\/fr\/wp-json\/wp\/v2\/product_tag?post=13207"}],"curies":[{"name":"wp","href":"https:\/\/api.w.org\/{rel}","templated":true}]}}